{"id":82,"date":"2014-06-26T15:47:44","date_gmt":"2014-06-26T13:47:44","guid":{"rendered":"http:\/\/integra-netz.de\/verein\/word-of-faith-ministries\/?page_id=82"},"modified":"2021-02-07T17:35:50","modified_gmt":"2021-02-07T16:35:50","slug":"geschichte","status":"publish","type":"page","link":"http:\/\/integra-netz.de\/verein\/word-of-faith-ministries\/geschichte\/","title":{"rendered":"Geschichte"},"content":{"rendered":"<p style=\"text-align: center;\"><em><span style=\"color: #993300;\">World of Faith Ministries \/ Wort des Glaubens Gemeinde e.V.<\/span><\/em><\/p>\n<p style=\"text-align: center;\"><span style=\"color: #000000;\">Ziel unseres Vereins ist die F\u00f6rderung der Jugend- und Altenhilfe sowie die Unterst\u00fctzung hilfsbed\u00fcrftiger Person auf Grundlage des christlichen Glaubens (wobei alle Nationalit\u00e4ten einbezogen werden). Die wird durch verschiedene Angebote und Ma\u00dfnahmen vollzogen (Auswahl): Hausaufgabenhilfe f\u00fcr Migrantenkinder, Rat- und Hilfstellung bei Beh\u00f6rdeng\u00e4ngen, Unterst\u00fctzung von Neuzuwanderern, Asylbewerbern und Drogenabh\u00e4ngigen.<\/span><\/p>\n<p style=\"text-align: center;\"><span style=\"color: #000000;\">Mitgleidzahlen: 35<\/span><\/p>\n<p style=\"text-align: center;\"><span style=\"color: #000000;\">Unter 18 Jahren: 0<\/span><\/p>\n<p style=\"text-align: center;\"><span style=\"color: #000000;\">\u00fcBER 18. 35<\/span><\/p>\n<p style=\"text-align: center;\"><span style=\"color: #000000;\">Gr\u00fcndungsdatum:\u00a02007<\/span><\/p>\n","protected":false},"excerpt":{"rendered":"<p>World of Faith Ministries \/ Wort des Glaubens Gemeinde e.V. Ziel unseres Vereins ist die F\u00f6rderung der Jugend- und Altenhilfe sowie die Unterst\u00fctzung hilfsbed\u00fcrftiger Person auf Grundlage des christlichen Glaubens (wobei alle Nationalit\u00e4ten einbezogen werden). Die wird durch verschiedene Angebote und Ma\u00dfnahmen vollzogen (Auswahl): Hausaufgabenhilfe f\u00fcr Migrantenkinder, Rat- und Hilfstellung bei Beh\u00f6rdeng\u00e4ngen, Unterst\u00fctzung von Neuzuwanderern, &hellip; <\/p>\n<p class=\"link-more\"><a href=\"http:\/\/integra-netz.de\/verein\/word-of-faith-ministries\/geschichte\/\" class=\"more-link\"><span class=\"screen-reader-text\">\u201eGeschichte\u201c<\/span> weiterlesen<\/a><\/p>\n","protected":false},"author":1,"featured_media":0,"parent":0,"menu_order":0,"comment_status":"closed","ping_status":"closed","template":"","meta":{"footnotes":""},"class_list":["post-82","page","type-page","status-publish","hentry"],"_links":{"self":[{"href":"http:\/\/integra-netz.de\/verein\/word-of-faith-ministries\/wp-json\/wp\/v2\/pages\/82","targetHints":{"allow":["GET"]}}],"collection":[{"href":"http:\/\/integra-netz.de\/verein\/word-of-faith-ministries\/wp-json\/wp\/v2\/pages"}],"about":[{"href":"http:\/\/integra-netz.de\/verein\/word-of-faith-ministries\/wp-json\/wp\/v2\/types\/page"}],"author":[{"embeddable":true,"href":"http:\/\/integra-netz.de\/verein\/word-of-faith-ministries\/wp-json\/wp\/v2\/users\/1"}],"replies":[{"embeddable":true,"href":"http:\/\/integra-netz.de\/verein\/word-of-faith-ministries\/wp-json\/wp\/v2\/comments?post=82"}],"version-history":[{"count":4,"href":"http:\/\/integra-netz.de\/verein\/word-of-faith-ministries\/wp-json\/wp\/v2\/pages\/82\/revisions"}],"predecessor-version":[{"id":91,"href":"http:\/\/integra-netz.de\/verein\/word-of-faith-ministries\/wp-json\/wp\/v2\/pages\/82\/revisions\/91"}],"wp:attachment":[{"href":"http:\/\/integra-netz.de\/verein\/word-of-faith-ministries\/wp-json\/wp\/v2\/media?parent=82"}],"curies":[{"name":"wp","href":"https:\/\/api.w.org\/{rel}","templated":true}]}}