{"id":14,"date":"2014-04-07T15:55:47","date_gmt":"2014-04-07T13:55:47","guid":{"rendered":"http:\/\/integra-netz.de\/verein\/word-of-faith-ministries\/?page_id=14"},"modified":"2021-02-07T17:33:59","modified_gmt":"2021-02-07T16:33:59","slug":"kontakt","status":"publish","type":"page","link":"http:\/\/integra-netz.de\/verein\/word-of-faith-ministries\/kontakt\/","title":{"rendered":"Kontakt"},"content":{"rendered":"<h2>Ansprechpartner<\/h2>\n<p><strong>Reverend Jenny Ofunim<\/strong><\/p>\n<p>Sprechstunde B\u00fcro<\/p>\n<pre>Glash\u00fcttenstrasse 34<br \/>52349 D\u00fcren<\/pre>\n<p>jeden Dienstag von 09:00 Uhr bis 11.00 Uhr<\/p>\n<p>oder nach telefonischer Vereinbarung:<\/p>\n<p>Phone: 0173 2339333<\/p>\n\n\n<p><\/p>\n","protected":false},"excerpt":{"rendered":"<p>Ansprechpartner Reverend Jenny Ofunim Sprechstunde B\u00fcro Glash\u00fcttenstrasse 3452349 D\u00fcren jeden Dienstag von 09:00 Uhr bis 11.00 Uhr oder nach telefonischer Vereinbarung: Phone: 0173 2339333<\/p>\n","protected":false},"author":1,"featured_media":0,"parent":0,"menu_order":0,"comment_status":"closed","ping_status":"closed","template":"","meta":{"footnotes":""},"class_list":["post-14","page","type-page","status-publish","hentry"],"_links":{"self":[{"href":"http:\/\/integra-netz.de\/verein\/word-of-faith-ministries\/wp-json\/wp\/v2\/pages\/14","targetHints":{"allow":["GET"]}}],"collection":[{"href":"http:\/\/integra-netz.de\/verein\/word-of-faith-ministries\/wp-json\/wp\/v2\/pages"}],"about":[{"href":"http:\/\/integra-netz.de\/verein\/word-of-faith-ministries\/wp-json\/wp\/v2\/types\/page"}],"author":[{"embeddable":true,"href":"http:\/\/integra-netz.de\/verein\/word-of-faith-ministries\/wp-json\/wp\/v2\/users\/1"}],"replies":[{"embeddable":true,"href":"http:\/\/integra-netz.de\/verein\/word-of-faith-ministries\/wp-json\/wp\/v2\/comments?post=14"}],"version-history":[{"count":6,"href":"http:\/\/integra-netz.de\/verein\/word-of-faith-ministries\/wp-json\/wp\/v2\/pages\/14\/revisions"}],"predecessor-version":[{"id":106,"href":"http:\/\/integra-netz.de\/verein\/word-of-faith-ministries\/wp-json\/wp\/v2\/pages\/14\/revisions\/106"}],"wp:attachment":[{"href":"http:\/\/integra-netz.de\/verein\/word-of-faith-ministries\/wp-json\/wp\/v2\/media?parent=14"}],"curies":[{"name":"wp","href":"https:\/\/api.w.org\/{rel}","templated":true}]}}