{"id":222,"date":"2019-07-22T16:16:23","date_gmt":"2019-07-22T14:16:23","guid":{"rendered":"http:\/\/integra-netz.de\/verein\/visionlisalisi\/?page_id=222"},"modified":"2019-07-24T16:05:13","modified_gmt":"2019-07-24T14:05:13","slug":"geschichte","status":"publish","type":"page","link":"http:\/\/integra-netz.de\/verein\/visionlisalisi\/geschichte\/","title":{"rendered":"Geschichte"},"content":{"rendered":"\n<p><strong>Hilfsaktionen f\u00fcr die notleidende\nBev\u00f6lkerung in RDC Demokratischen Republik Kongo.<\/strong><\/p>\n\n\n\n<p>Die heutige 1. Vorsitzende des Vereins,\nFrau <strong>Chantal Dilukila<\/strong>, engagiert sich seit Jahren in vielen von ihr\nselbst und mittels privaten Spendeneinnahmen finanzierten Aktionen: <\/p>\n\n\n\n<p><strong>Hilfslieferungen per Container an die\nnotleidende Bev\u00f6lkerung<\/strong><\/p>\n\n\n\n<ul class=\"wp-block-list\"><li>Rollst\u00fchle<\/li><li>Kleidung,\nSchuhe<\/li><li>Spielzeug<\/li><li>Schulmaterial\n<\/li><li>Krankenhausbetten\n(Spenden vom Krankenhaus Lendersdorf und dem Aachener Klinikum)<\/li><li>Gebrauchte\nKopierer, Computer<\/li><\/ul>\n\n\n\n<p><strong>Aktionen vor Ort<\/strong><\/p>\n\n\n\n<ul class=\"wp-block-list\"><li>Im Jahr <strong>2006<\/strong> wurde ein 1 Ford Transit gekauft und vom Hafen\nAntwerpen zu einer ONG (Ofida) zum Hafen Matadi in den Kongo transportiert. Aus\neigenen Mitteln wurden die Transportkosten (1200,00\u20ac) \u00fcbernommen<\/li><li>Im\nJahr <strong>2011 <\/strong>erfolgte der Kauf eines Mercedes &#8211; Bus im Wert von 2000,00\u20ac;\n\u00dcbernahme der Transportkosten i.H.v. 3500,00\u20ac nach Boma durch Frau Dilukila und\nMittel des Vereins. <\/li><li>Frau\nDilukila reist immer wieder auf eigene Kosten in den Kongo. Sie arbeitete u.a.\nim H\u00f4pital \u201eMama Yemo\u201c (Kinshasa\/Kalamu).<\/li><\/ul>\n\n\n\n<p>Um das private Engagement auf eine solidere Grundlage zu stellen, beschlossen Frau Dilukila und andere B\u00fcrger*innen kongolesischer Herkunft einen eingetragenen gemeinn\u00fctzigen Verein zu gr\u00fcnden. <\/p>\n\n\n\n<p>Der Verein&nbsp; \u201cVision Lisalisi e.V.\u201c wurde am <strong>03.05.2013\nmit Sitz in Eschweiler<\/strong> gegr\u00fcndet. <\/p>\n\n\n\n<p><strong>Ziel der Vereinsgr\u00fcndung<\/strong> <\/p>\n\n\n\n<p>ist\nlaut Vereinszweck der Satzung (vgl. \u00a72) die Unterst\u00fctzung der notleidenden\nBev\u00f6lkerung in der <a>RDC Demokratischen\nRepublik Kongo.<\/a> Dort leben heute 81 Millionen Menschen, ca. die H\u00e4lfte sind\nKinder. Aufgrund der politischen Instabilit\u00e4t, dem Kampf um die Rohstoffe, von\nRegierungen, die nur auf ihren eigenen Profit bedacht sind und oft genug gegen\ndie eigene Bev\u00f6lkerung arbeiten, leben viele Menschen am oder unter dem&nbsp; Existenzminimum.&nbsp; <\/p>\n\n\n\n<p>Viele\nhaben weder Kleidung noch k\u00f6nnen sie ihre Familien ern\u00e4hren; die meisten k\u00f6nnen\nsich keinen Arztbesuch leisten.<\/p>\n\n\n\n<p>Der Verein m\u00f6chte mit seinen Mitteln vor\nallem bed\u00fcrftige Stra\u00dfen- und Waisenkinder unterst\u00fctzen.<\/p>\n\n\n\n<p>Da etliche Vereinsleute in D\u00fcren wohnen\nund die Vereinsvorsitzende, Chantal Dilukila, sehr gute Kontakte in die\nEvangelische Gemeinde zu D\u00fcren pflegt, kam es schon fr\u00fch zu einer intensiven\nZusammenarbeit mit der \u201c<em>Integrationsagentur im Caf\u00e9 International<\/em>\u201c\n(Winfried Simon, Peter \u2013 Beier Platz 1, 52349 D\u00fcren).<\/p>\n","protected":false},"excerpt":{"rendered":"<p>Hilfsaktionen f\u00fcr die notleidende Bev\u00f6lkerung in RDC Demokratischen Republik Kongo. Die heutige 1. Vorsitzende des Vereins, Frau Chantal Dilukila, engagiert sich seit Jahren in vielen von ihr selbst und mittels privaten Spendeneinnahmen finanzierten Aktionen: Hilfslieferungen per Container an die notleidende Bev\u00f6lkerung Rollst\u00fchle Kleidung, Schuhe Spielzeug Schulmaterial Krankenhausbetten (Spenden vom Krankenhaus Lendersdorf und dem Aachener Klinikum) &hellip; <\/p>\n<p class=\"link-more\"><a href=\"http:\/\/integra-netz.de\/verein\/visionlisalisi\/geschichte\/\" class=\"more-link\"><span class=\"screen-reader-text\">\u201eGeschichte\u201c<\/span> weiterlesen<\/a><\/p>\n","protected":false},"author":35,"featured_media":0,"parent":0,"menu_order":0,"comment_status":"closed","ping_status":"closed","template":"","meta":{"footnotes":""},"class_list":["post-222","page","type-page","status-publish","hentry"],"_links":{"self":[{"href":"http:\/\/integra-netz.de\/verein\/visionlisalisi\/wp-json\/wp\/v2\/pages\/222","targetHints":{"allow":["GET"]}}],"collection":[{"href":"http:\/\/integra-netz.de\/verein\/visionlisalisi\/wp-json\/wp\/v2\/pages"}],"about":[{"href":"http:\/\/integra-netz.de\/verein\/visionlisalisi\/wp-json\/wp\/v2\/types\/page"}],"author":[{"embeddable":true,"href":"http:\/\/integra-netz.de\/verein\/visionlisalisi\/wp-json\/wp\/v2\/users\/35"}],"replies":[{"embeddable":true,"href":"http:\/\/integra-netz.de\/verein\/visionlisalisi\/wp-json\/wp\/v2\/comments?post=222"}],"version-history":[{"count":2,"href":"http:\/\/integra-netz.de\/verein\/visionlisalisi\/wp-json\/wp\/v2\/pages\/222\/revisions"}],"predecessor-version":[{"id":246,"href":"http:\/\/integra-netz.de\/verein\/visionlisalisi\/wp-json\/wp\/v2\/pages\/222\/revisions\/246"}],"wp:attachment":[{"href":"http:\/\/integra-netz.de\/verein\/visionlisalisi\/wp-json\/wp\/v2\/media?parent=222"}],"curies":[{"name":"wp","href":"https:\/\/api.w.org\/{rel}","templated":true}]}}