{"id":186,"date":"2017-05-05T16:06:41","date_gmt":"2017-05-05T14:06:41","guid":{"rendered":"http:\/\/integra-netz.de\/verein\/visionlisalisi\/?page_id=186"},"modified":"2020-04-09T12:55:33","modified_gmt":"2020-04-09T10:55:33","slug":"projekt-der-entwicklungszusammenarbeit","status":"publish","type":"page","link":"http:\/\/integra-netz.de\/verein\/visionlisalisi\/projekt-der-entwicklungszusammenarbeit\/","title":{"rendered":"Projekt der Entwicklungszusammenarbeit"},"content":{"rendered":"<p>Um die Hilfsaktionen des Vereins auf eine breitere und systematische Grundlage zu stellen, wurde die Idee entwickelt, in Kooperation mit der Integrationsagentur der Evang. Gemeinde und einer Partnerorganisation vor Ort (Provinz Maluku\/Kinshasa) ein Projekt der Entwicklungszusammenarbeit zu konzipieren.<\/p>\n<p><strong>Ende 2013\/2014<\/strong> nahm das Projekt der Entwicklungszusammenarbeit konkrete Formen an.<\/p>\n<p>Am<strong> 27.06.2014<\/strong> erwarben die Vereinsvorsitzende, Chantal Bafuka Dilukila und ihre Tochter, Glodie Dilukila, ein Grundst\u00fcck (10.000m<sup>2<\/sup> (200m x 50m) in der Commune de Maluku\/Groupement de Kingakati, BCGK.<\/p>\n<p>Die Idee und ein Plan wurde entwickelt auf diesem Grundst\u00fcck ein Hilfezentrum zu errichten, bestehend aus:<\/p>\n<ul>\n<li style=\"list-style-type: none;\">\n<ul>\n<li>Waisenhaus<\/li>\n<li>Grundschule<\/li>\n<li>Krankenstation<\/li>\n<\/ul>\n<\/li>\n<\/ul>\n<p><strong>Da der Verein selbst nicht \u00fcber ausreichende eigenen Finanzmittel verf\u00fcgt, sollte das Projekt schrittweise \u00fcber die Projektf\u00f6rderung von EG Engagement Global umgesetzt werden.\u00a0<\/strong><\/p>\n<p><strong>Detaillierte Informationen zur Finanzierung und Umsetzung des Projektes entnehmen Sie bitte der beigef\u00fcgten<\/strong><\/p>\n<p><strong>PROJEKTBESCHREIBUNG<\/strong><\/p>\n<p><em>Bau eines Waisenhauses mit angeschlossener Schule und Krankenstation <\/em><em>f\u00fcr 150 Kinder (1. &#8211; 5. Klasse)\u00a0<\/em><em> (<\/em><em>Commune Maluku \/ <\/em><em>Village Bita)<\/em><\/p>\n<p><strong><a href=\"http:\/\/integra-netz.de\/verein\/visionlisalisi\/wp-content\/uploads\/sites\/38\/2020\/04\/Projekt-der-Entwicklungszusammenarbeit-Kleinprojekt-3.pdf\" class=\"mtli_attachment mtli_pdf\">Projekt der Entwicklungszusammenarbeit, &#8211; Kleinprojekt<\/a><\/strong><\/p>\n<p style=\"text-align: left;\"><strong><a href=\"http:\/\/integra-netz.de\/verein\/visionlisalisi\/wp-content\/uploads\/sites\/38\/2019\/07\/Sachbericht-3-1.pdf\" class=\"mtli_attachment mtli_pdf\">Sachbericht-3<\/a>\u00a0\u00a0\u00a0\u00a0\u00a0\u00a0\u00a0\u00a0\u00a0\u00a0\u00a0 <\/strong><\/p>\n\n\n<p><\/p>\n","protected":false},"excerpt":{"rendered":"<p>Um die Hilfsaktionen des Vereins auf eine breitere und systematische Grundlage zu stellen, wurde die Idee entwickelt, in Kooperation mit der Integrationsagentur der Evang. Gemeinde und einer Partnerorganisation vor Ort (Provinz Maluku\/Kinshasa) ein Projekt der Entwicklungszusammenarbeit zu konzipieren. Ende 2013\/2014 nahm das Projekt der Entwicklungszusammenarbeit konkrete Formen an. Am 27.06.2014 erwarben die Vereinsvorsitzende, Chantal Bafuka &hellip; <\/p>\n<p class=\"link-more\"><a href=\"http:\/\/integra-netz.de\/verein\/visionlisalisi\/projekt-der-entwicklungszusammenarbeit\/\" class=\"more-link\"><span class=\"screen-reader-text\">\u201eProjekt der Entwicklungszusammenarbeit\u201c<\/span> weiterlesen<\/a><\/p>\n","protected":false},"author":1,"featured_media":0,"parent":0,"menu_order":0,"comment_status":"closed","ping_status":"closed","template":"","meta":{"footnotes":""},"class_list":["post-186","page","type-page","status-publish","hentry"],"_links":{"self":[{"href":"http:\/\/integra-netz.de\/verein\/visionlisalisi\/wp-json\/wp\/v2\/pages\/186","targetHints":{"allow":["GET"]}}],"collection":[{"href":"http:\/\/integra-netz.de\/verein\/visionlisalisi\/wp-json\/wp\/v2\/pages"}],"about":[{"href":"http:\/\/integra-netz.de\/verein\/visionlisalisi\/wp-json\/wp\/v2\/types\/page"}],"author":[{"embeddable":true,"href":"http:\/\/integra-netz.de\/verein\/visionlisalisi\/wp-json\/wp\/v2\/users\/1"}],"replies":[{"embeddable":true,"href":"http:\/\/integra-netz.de\/verein\/visionlisalisi\/wp-json\/wp\/v2\/comments?post=186"}],"version-history":[{"count":31,"href":"http:\/\/integra-netz.de\/verein\/visionlisalisi\/wp-json\/wp\/v2\/pages\/186\/revisions"}],"predecessor-version":[{"id":277,"href":"http:\/\/integra-netz.de\/verein\/visionlisalisi\/wp-json\/wp\/v2\/pages\/186\/revisions\/277"}],"wp:attachment":[{"href":"http:\/\/integra-netz.de\/verein\/visionlisalisi\/wp-json\/wp\/v2\/media?parent=186"}],"curies":[{"name":"wp","href":"https:\/\/api.w.org\/{rel}","templated":true}]}}