{"id":100,"date":"2014-06-26T15:44:49","date_gmt":"2014-06-26T13:44:49","guid":{"rendered":"http:\/\/integra-netz.de\/verein\/tuerkischer-eltern-sozial-und-kulturverein\/?page_id=100"},"modified":"2014-07-02T11:15:48","modified_gmt":"2014-07-02T09:15:48","slug":"geschichte","status":"publish","type":"page","link":"http:\/\/integra-netz.de\/verein\/tuerkischer-eltern-sozial-und-kulturverein\/geschichte\/","title":{"rendered":"Geschichte"},"content":{"rendered":"<p style=\"text-align: center;\"><span style=\"color: #800000;\">T\u00fcrkischer Eltern-, Sozial. und Kulturverein e.V<\/span><\/p>\n<p style=\"text-align: center;\">Unser Verein f\u00f6rdert die Integration, insbesondere durch eine gezielte Sprachf\u00f6rderung von Kindern und Jugentlichen. Wir verstehen uns als Interessensvertretung t\u00fcrkischer Mitb\u00fcrger und Mitb\u00fcrgerinnen in den Gremien der Stadt und des Kreies D\u00fcren. Wir sind stolz \u00fcber die bereits erzielten Wirkungen, die Anerkennung, die wir im Netzwerk der Intergrationsarbeit erhalten und \u00fcber die Solidarit\u00e4t der drei t\u00fcrkischen Vereine in der Veldener Str. Wir m\u00f6chten die Kompetenzen der Vereinsmitglieder f\u00fcr die Integrationsarbeit st\u00e4rken, den muttersprachlichen Unterricht und die Behandlung bei Beh\u00f6rden verbessern.<\/p>\n<p style=\"text-align: center;\">Mitgliederzahlen: 110<\/p>\n<p style=\"text-align: center;\">Unter 18 Jahren: 0<\/p>\n<p style=\"text-align: center;\">\u00dcber 18: 110<\/p>\n<p style=\"text-align: center;\">Gr\u00fcndungsdatum: 1981<\/p>\n","protected":false},"excerpt":{"rendered":"<p>T\u00fcrkischer Eltern-, Sozial. und Kulturverein e.V Unser Verein f\u00f6rdert die Integration, insbesondere durch eine gezielte Sprachf\u00f6rderung von Kindern und Jugentlichen. Wir verstehen uns als Interessensvertretung t\u00fcrkischer Mitb\u00fcrger und Mitb\u00fcrgerinnen in den Gremien der Stadt und des Kreies D\u00fcren. Wir sind stolz \u00fcber die bereits erzielten Wirkungen, die Anerkennung, die wir im Netzwerk der Intergrationsarbeit erhalten &hellip; <\/p>\n<p class=\"link-more\"><a href=\"http:\/\/integra-netz.de\/verein\/tuerkischer-eltern-sozial-und-kulturverein\/geschichte\/\" class=\"more-link\"><span class=\"screen-reader-text\">\u201eGeschichte\u201c<\/span> weiterlesen<\/a><\/p>\n","protected":false},"author":1,"featured_media":0,"parent":0,"menu_order":0,"comment_status":"closed","ping_status":"closed","template":"","meta":{"footnotes":""},"class_list":["post-100","page","type-page","status-publish","hentry"],"_links":{"self":[{"href":"http:\/\/integra-netz.de\/verein\/tuerkischer-eltern-sozial-und-kulturverein\/wp-json\/wp\/v2\/pages\/100","targetHints":{"allow":["GET"]}}],"collection":[{"href":"http:\/\/integra-netz.de\/verein\/tuerkischer-eltern-sozial-und-kulturverein\/wp-json\/wp\/v2\/pages"}],"about":[{"href":"http:\/\/integra-netz.de\/verein\/tuerkischer-eltern-sozial-und-kulturverein\/wp-json\/wp\/v2\/types\/page"}],"author":[{"embeddable":true,"href":"http:\/\/integra-netz.de\/verein\/tuerkischer-eltern-sozial-und-kulturverein\/wp-json\/wp\/v2\/users\/1"}],"replies":[{"embeddable":true,"href":"http:\/\/integra-netz.de\/verein\/tuerkischer-eltern-sozial-und-kulturverein\/wp-json\/wp\/v2\/comments?post=100"}],"version-history":[{"count":4,"href":"http:\/\/integra-netz.de\/verein\/tuerkischer-eltern-sozial-und-kulturverein\/wp-json\/wp\/v2\/pages\/100\/revisions"}],"predecessor-version":[{"id":105,"href":"http:\/\/integra-netz.de\/verein\/tuerkischer-eltern-sozial-und-kulturverein\/wp-json\/wp\/v2\/pages\/100\/revisions\/105"}],"wp:attachment":[{"href":"http:\/\/integra-netz.de\/verein\/tuerkischer-eltern-sozial-und-kulturverein\/wp-json\/wp\/v2\/media?parent=100"}],"curies":[{"name":"wp","href":"https:\/\/api.w.org\/{rel}","templated":true}]}}