{"id":45,"date":"2014-06-26T15:46:30","date_gmt":"2014-06-26T13:46:30","guid":{"rendered":"http:\/\/integra-netz.de\/verein\/tuerkisch-islamischer-kulturverein\/?page_id=45"},"modified":"2014-07-02T11:19:17","modified_gmt":"2014-07-02T09:19:17","slug":"geschichte","status":"publish","type":"page","link":"http:\/\/integra-netz.de\/verein\/tuerkisch-islamischer-kulturverein\/geschichte\/","title":{"rendered":"Geschichte"},"content":{"rendered":"<p style=\"text-align: center;\"><span style=\"color: #800000;\">T\u00fcrkisch-Islamische\u00a0Kulturverein e.V<\/span><\/p>\n<p style=\"text-align: center;\">Unser Verein f\u00fchrt schwerpunktm\u00e4\u00dfig relig\u00f6se und kulturelle Veranstaltungen durch und ist offen f\u00fcr andere Menschen. Wir sind zufrieden, wie die Zusammenarbeit mit anderen Organisationen (wie z.B. Kirschen, Schulen, Migrationsbeauftragte) stattfindet. Wir suchen finanzielle Unterst\u00fctzung von au\u00dfen und gr\u00f6\u00dfere R\u00e4umlichkeiten.<\/p>\n<p style=\"text-align: center;\">Mitgliederzahlen: 170<\/p>\n<p style=\"text-align: center;\">Unter 18 Jahren: 0<\/p>\n<p style=\"text-align: center;\">\u00dcber 18: 170<\/p>\n<p style=\"text-align: center;\">Gr\u00fcndungsdatum: 1979<\/p>\n","protected":false},"excerpt":{"rendered":"<p>T\u00fcrkisch-Islamische\u00a0Kulturverein e.V Unser Verein f\u00fchrt schwerpunktm\u00e4\u00dfig relig\u00f6se und kulturelle Veranstaltungen durch und ist offen f\u00fcr andere Menschen. Wir sind zufrieden, wie die Zusammenarbeit mit anderen Organisationen (wie z.B. Kirschen, Schulen, Migrationsbeauftragte) stattfindet. Wir suchen finanzielle Unterst\u00fctzung von au\u00dfen und gr\u00f6\u00dfere R\u00e4umlichkeiten. Mitgliederzahlen: 170 Unter 18 Jahren: 0 \u00dcber 18: 170 Gr\u00fcndungsdatum: 1979<\/p>\n","protected":false},"author":1,"featured_media":0,"parent":0,"menu_order":0,"comment_status":"closed","ping_status":"closed","template":"","meta":{"footnotes":""},"class_list":["post-45","page","type-page","status-publish","hentry"],"_links":{"self":[{"href":"http:\/\/integra-netz.de\/verein\/tuerkisch-islamischer-kulturverein\/wp-json\/wp\/v2\/pages\/45","targetHints":{"allow":["GET"]}}],"collection":[{"href":"http:\/\/integra-netz.de\/verein\/tuerkisch-islamischer-kulturverein\/wp-json\/wp\/v2\/pages"}],"about":[{"href":"http:\/\/integra-netz.de\/verein\/tuerkisch-islamischer-kulturverein\/wp-json\/wp\/v2\/types\/page"}],"author":[{"embeddable":true,"href":"http:\/\/integra-netz.de\/verein\/tuerkisch-islamischer-kulturverein\/wp-json\/wp\/v2\/users\/1"}],"replies":[{"embeddable":true,"href":"http:\/\/integra-netz.de\/verein\/tuerkisch-islamischer-kulturverein\/wp-json\/wp\/v2\/comments?post=45"}],"version-history":[{"count":4,"href":"http:\/\/integra-netz.de\/verein\/tuerkisch-islamischer-kulturverein\/wp-json\/wp\/v2\/pages\/45\/revisions"}],"predecessor-version":[{"id":50,"href":"http:\/\/integra-netz.de\/verein\/tuerkisch-islamischer-kulturverein\/wp-json\/wp\/v2\/pages\/45\/revisions\/50"}],"wp:attachment":[{"href":"http:\/\/integra-netz.de\/verein\/tuerkisch-islamischer-kulturverein\/wp-json\/wp\/v2\/media?parent=45"}],"curies":[{"name":"wp","href":"https:\/\/api.w.org\/{rel}","templated":true}]}}