{"id":95,"date":"2017-05-12T14:32:14","date_gmt":"2017-05-12T12:32:14","guid":{"rendered":"http:\/\/integra-netz.de\/verein\/tamil-makkal-kulturverein\/?page_id=95"},"modified":"2017-05-12T15:01:40","modified_gmt":"2017-05-12T13:01:40","slug":"einladung-mega-maalai-18-03-2017","status":"publish","type":"page","link":"http:\/\/integra-netz.de\/verein\/tamil-makkal-kulturverein\/einladung-mega-maalai-18-03-2017\/","title":{"rendered":"Einladung, Mega Maalai, 18.03.2017"},"content":{"rendered":"<p>&nbsp;<\/p>\n<p><img loading=\"lazy\" decoding=\"async\" class=\"alignnone size-medium wp-image-67 aligncenter\" src=\"http:\/\/integra-netz.de\/verein\/tamil-makkal-kulturverein\/wp-content\/uploads\/sites\/29\/2017\/04\/Plakat-Mega-Maalai-2017-212x300.jpg\" alt=\"\" width=\"212\" height=\"300\" srcset=\"http:\/\/integra-netz.de\/verein\/tamil-makkal-kulturverein\/wp-content\/uploads\/sites\/29\/2017\/04\/Plakat-Mega-Maalai-2017-212x300.jpg 212w, http:\/\/integra-netz.de\/verein\/tamil-makkal-kulturverein\/wp-content\/uploads\/sites\/29\/2017\/04\/Plakat-Mega-Maalai-2017.jpg 480w\" sizes=\"auto, (max-width: 212px) 100vw, 212px\" \/><\/p>\n<h3 style=\"text-align: left;\">Interkulturelles Begegnungsfest<br \/>\nim Haus der Evangelischen Gemeinde zu D\u00fcren<br \/>\nSamstag,\u00a0 den 18. M\u00e4rz 2017<br \/>\n17:00 Uhr bis 21:00 Uhr<\/h3>\n<p>Gro\u00dfer Saal im Haus der Evang. Gemeinde zu D\u00fcren,<br \/>\nWilhelm-Wester Weg 1, 52349 D\u00fcren<\/p>\n<p style=\"text-align: justify;\">Es erwartet Sie ein abwechslungsreicher Abend mit besonderen kulturellen Attraktionen unserer fernen exotischen Insel Sri Lanka. Das Fest wird er\u00f6ffnet mit einer besonderen Einweihungszeremonie.<\/p>\n<p style=\"text-align: justify;\">Lassen Sie sich verzaubern vom Reichtum unserer mehr als zweitausend Jahre alten tamilischen Tradition.<\/p>\n<p style=\"text-align: justify;\">Unsere Tanzlehrerinnen und Ihre Sch\u00fclerinnen f\u00fchren klassische Tempelt\u00e4nze, den Bharatanatyam, auf: \u00a0Gestik, Mimik und Bewegung tragen hier eine besondere Bedeutung.<\/p>\n<p style=\"text-align: justify;\">Herzlich eingeladen zum Fest sind auch Fl\u00fcchtlinge aus den Asylunterk\u00fcnften. Unser Verein hat etliche Fl\u00fcchtlingskinder aktiv in die Festgestaltung mit eingebunden: Die Kinder haben <em>Bollywood<\/em>, einen s\u00fcd &#8211; indischen Gruppentanz einge\u00fcbt, den Sie Ihnen stolz vorf\u00fchren werden.<\/p>\n<p style=\"text-align: justify;\">Abgerundet wird das Fest mit einem reichhaltigen Buffet an k\u00f6stlichen aromatischen Speisen der tamilischen K\u00fcche.<\/p>\n<p>Wir freuen uns sehr, Sie alle auf unserem Fest willkommen zu hei\u00dfen!<\/p>\n<p>Mit freundlichen Gr\u00fc\u00dfen<\/p>\n<p>Vasuki Nandapalan<\/p>\n","protected":false},"excerpt":{"rendered":"<p>&nbsp; Interkulturelles Begegnungsfest im Haus der Evangelischen Gemeinde zu D\u00fcren Samstag,\u00a0 den 18. M\u00e4rz 2017 17:00 Uhr bis 21:00 Uhr Gro\u00dfer Saal im Haus der Evang. Gemeinde zu D\u00fcren, Wilhelm-Wester Weg 1, 52349 D\u00fcren Es erwartet Sie ein abwechslungsreicher Abend mit besonderen kulturellen Attraktionen unserer fernen exotischen Insel Sri Lanka. Das Fest wird er\u00f6ffnet mit &hellip; <\/p>\n<p class=\"link-more\"><a href=\"http:\/\/integra-netz.de\/verein\/tamil-makkal-kulturverein\/einladung-mega-maalai-18-03-2017\/\" class=\"more-link\"><span class=\"screen-reader-text\">\u201eEinladung, Mega Maalai, 18.03.2017\u201c<\/span> weiterlesen<\/a><\/p>\n","protected":false},"author":1,"featured_media":0,"parent":0,"menu_order":0,"comment_status":"closed","ping_status":"closed","template":"","meta":{"footnotes":""},"class_list":["post-95","page","type-page","status-publish","hentry"],"_links":{"self":[{"href":"http:\/\/integra-netz.de\/verein\/tamil-makkal-kulturverein\/wp-json\/wp\/v2\/pages\/95","targetHints":{"allow":["GET"]}}],"collection":[{"href":"http:\/\/integra-netz.de\/verein\/tamil-makkal-kulturverein\/wp-json\/wp\/v2\/pages"}],"about":[{"href":"http:\/\/integra-netz.de\/verein\/tamil-makkal-kulturverein\/wp-json\/wp\/v2\/types\/page"}],"author":[{"embeddable":true,"href":"http:\/\/integra-netz.de\/verein\/tamil-makkal-kulturverein\/wp-json\/wp\/v2\/users\/1"}],"replies":[{"embeddable":true,"href":"http:\/\/integra-netz.de\/verein\/tamil-makkal-kulturverein\/wp-json\/wp\/v2\/comments?post=95"}],"version-history":[{"count":7,"href":"http:\/\/integra-netz.de\/verein\/tamil-makkal-kulturverein\/wp-json\/wp\/v2\/pages\/95\/revisions"}],"predecessor-version":[{"id":106,"href":"http:\/\/integra-netz.de\/verein\/tamil-makkal-kulturverein\/wp-json\/wp\/v2\/pages\/95\/revisions\/106"}],"wp:attachment":[{"href":"http:\/\/integra-netz.de\/verein\/tamil-makkal-kulturverein\/wp-json\/wp\/v2\/media?parent=95"}],"curies":[{"name":"wp","href":"https:\/\/api.w.org\/{rel}","templated":true}]}}