{"id":206,"date":"2021-02-12T21:35:56","date_gmt":"2021-02-12T20:35:56","guid":{"rendered":"http:\/\/integra-netz.de\/verein\/tamil-makkal-kulturverein\/?page_id=206"},"modified":"2021-02-12T22:26:15","modified_gmt":"2021-02-12T21:26:15","slug":"integrationsbausteine-ein-elternbildungsangebot-des-deutschen-kinderschutzbundes-dksb","status":"publish","type":"page","link":"http:\/\/integra-netz.de\/verein\/tamil-makkal-kulturverein\/integrationsbausteine-ein-elternbildungsangebot-des-deutschen-kinderschutzbundes-dksb\/","title":{"rendered":"Integrationsbausteine: Ein Elternbildungsangebot des Deutschen Kinderschutzbundes (DKSB)"},"content":{"rendered":"\n<p>Das Bundesministerium f\u00fcr Familie, Senioren, Frauen und Jugend f\u00f6rderte 2019 insgesamt 30 Elternkurse &#8222;Integrationsbausteine&#8220; und beauftragte den Deutschen Kinderschutzbund Bundesverband e. V. mit der Umsetzung.<\/p>\n\n\n\n<p>Unser Verein f\u00fchrte gemeinsam mit dem befreundeten Verein &#8222;Kurdisch &#8211; Syrischer Hilfsverein f\u00fcr Fl\u00fcchtlinge e.V. &#8220; Elternkurse durch. Sie wurden von uns im Caf\u00e9 International und im &#8222;Dachverband MSO D\u00fcren e.V.&#8220;  umgesetzt. <\/p>\n\n\n\n<figure class=\"wp-block-image size-large\"><a href=\"http:\/\/integra-netz.de\/verein\/tamil-makkal-kulturverein\/wp-content\/uploads\/sites\/29\/2021\/02\/Kurseinheit-2-5xx.jpg\"><img loading=\"lazy\" decoding=\"async\" width=\"577\" height=\"433\" src=\"http:\/\/integra-netz.de\/verein\/tamil-makkal-kulturverein\/wp-content\/uploads\/sites\/29\/2021\/02\/Kurseinheit-2-5xx.jpg\" alt=\"\" class=\"wp-image-215\" srcset=\"http:\/\/integra-netz.de\/verein\/tamil-makkal-kulturverein\/wp-content\/uploads\/sites\/29\/2021\/02\/Kurseinheit-2-5xx.jpg 577w, http:\/\/integra-netz.de\/verein\/tamil-makkal-kulturverein\/wp-content\/uploads\/sites\/29\/2021\/02\/Kurseinheit-2-5xx-300x225.jpg 300w\" sizes=\"auto, (max-width: 577px) 100vw, 577px\" \/><\/a><\/figure>\n\n\n\n<p>Zuvor hatten jeweils 2 Vereinsleute eine Schulung des DKSB erhalten. Einen Bericht hierzu finden Sie auf der Seite &#8222;Was ist los im Kreis D\u00fcren&#8220; auf dieser Webseite.<\/p>\n\n\n\n<p><a href=\"https:\/\/www.integra-netz.de\/event\/integrationsbausteine-ein-elternbildungsangebot-des-deutschen-kinderschutzbundes-dksb.html\">Integrationsbausteine: Ein Elternbildungsangebot des Deutschen Kinderschutzbundes (DKSB) &#8211; Integra-Netz | Die Welt zu Hause in Kreis D\u00fcren (integra-netz.de)<\/a><\/p>\n\n\n\n<p>Das Kurskonzept des DKSB, wurde in 8 aufeinander aufbauende Kurseinheiten  in einem wiederkehrenden, strukturierten Ablauf umgesetzt.<\/p>\n\n\n\n<p>Die Kursleiter arbeiteten Kernaussagen f\u00fcr die Eltern heraus und \u00fcbermittelten den Eltern diese in einfacher und verst\u00e4ndlicher Weise. Die einzelnen Kurseinheiten sind in verschiedene inhaltliche Themen unterteilt; sie k\u00f6nnen an den Bed\u00fcrfnissen der teilnehmenden Eltern mit ihren auch sehr unterschiedlichen kulturellen sowie sprachlichen Hintergr\u00fcnden gewichtet werden.<\/p>\n\n\n\n<p>Die Kurse waren sehr beliebt; ca. <strong>20<\/strong> TeilnehmerInnen (Eltern) kamen regelm\u00e4\u00dfig.<\/p>\n\n\n\n<p><\/p>\n","protected":false},"excerpt":{"rendered":"<p>Das Bundesministerium f\u00fcr Familie, Senioren, Frauen und Jugend f\u00f6rderte 2019 insgesamt 30 Elternkurse &#8222;Integrationsbausteine&#8220; und beauftragte den Deutschen Kinderschutzbund Bundesverband e. V. mit der Umsetzung. Unser Verein f\u00fchrte gemeinsam mit dem befreundeten Verein &#8222;Kurdisch &#8211; Syrischer Hilfsverein f\u00fcr Fl\u00fcchtlinge e.V. &#8220; Elternkurse durch. Sie wurden von uns im Caf\u00e9 International und im &#8222;Dachverband MSO D\u00fcren &hellip; <\/p>\n<p class=\"link-more\"><a href=\"http:\/\/integra-netz.de\/verein\/tamil-makkal-kulturverein\/integrationsbausteine-ein-elternbildungsangebot-des-deutschen-kinderschutzbundes-dksb\/\" class=\"more-link\"><span class=\"screen-reader-text\">\u201eIntegrationsbausteine: Ein Elternbildungsangebot des Deutschen Kinderschutzbundes (DKSB)\u201c<\/span> weiterlesen<\/a><\/p>\n","protected":false},"author":35,"featured_media":0,"parent":0,"menu_order":0,"comment_status":"closed","ping_status":"closed","template":"","meta":{"footnotes":""},"class_list":["post-206","page","type-page","status-publish","hentry"],"_links":{"self":[{"href":"http:\/\/integra-netz.de\/verein\/tamil-makkal-kulturverein\/wp-json\/wp\/v2\/pages\/206","targetHints":{"allow":["GET"]}}],"collection":[{"href":"http:\/\/integra-netz.de\/verein\/tamil-makkal-kulturverein\/wp-json\/wp\/v2\/pages"}],"about":[{"href":"http:\/\/integra-netz.de\/verein\/tamil-makkal-kulturverein\/wp-json\/wp\/v2\/types\/page"}],"author":[{"embeddable":true,"href":"http:\/\/integra-netz.de\/verein\/tamil-makkal-kulturverein\/wp-json\/wp\/v2\/users\/35"}],"replies":[{"embeddable":true,"href":"http:\/\/integra-netz.de\/verein\/tamil-makkal-kulturverein\/wp-json\/wp\/v2\/comments?post=206"}],"version-history":[{"count":5,"href":"http:\/\/integra-netz.de\/verein\/tamil-makkal-kulturverein\/wp-json\/wp\/v2\/pages\/206\/revisions"}],"predecessor-version":[{"id":216,"href":"http:\/\/integra-netz.de\/verein\/tamil-makkal-kulturverein\/wp-json\/wp\/v2\/pages\/206\/revisions\/216"}],"wp:attachment":[{"href":"http:\/\/integra-netz.de\/verein\/tamil-makkal-kulturverein\/wp-json\/wp\/v2\/media?parent=206"}],"curies":[{"name":"wp","href":"https:\/\/api.w.org\/{rel}","templated":true}]}}