{"id":203,"date":"2021-02-12T20:58:55","date_gmt":"2021-02-12T19:58:55","guid":{"rendered":"http:\/\/integra-netz.de\/verein\/tamil-makkal-kulturverein\/?page_id=203"},"modified":"2021-02-12T20:58:55","modified_gmt":"2021-02-12T19:58:55","slug":"projekterfahrung","status":"publish","type":"page","link":"http:\/\/integra-netz.de\/verein\/tamil-makkal-kulturverein\/projekterfahrung\/","title":{"rendered":"Projekterfahrung"},"content":{"rendered":"\n<p><strong><u>Projekterfahrung<\/u><\/strong><\/p>\n\n\n\n<p>Der Tamil Makkal Kulturverein e.V. hat intensive Projekterfahrung in bereits 2 durchgef\u00fchrten Projekten<\/p>\n\n\n\n<ol class=\"wp-block-list\" type=\"1\"><li>der <strong>Anschub<\/strong>f\u00f6rderung (AZ: 36.2.3 MSO \u2013 A \u2013 15 2016\/17 Wi) in der F\u00f6rderphase 2016\/17<\/li><li>der <strong>Einzel<\/strong>projektf\u00f6rderung (AZ: 36.2.3 MSO \u2013 E \u2013 040 2016\/17 Bentlage) im Zeitraum 01.01.2018 bis 15.12.2018<\/li><\/ol>\n\n\n\n<p>Im Rahmen des Projekts der <strong>Anschubf\u00f6rderung<\/strong> (1.) ist es gelungen eine Vereinslokalit\u00e4t in der Rurstrasse 190 (Anmietung von 2 R\u00e4umen, Infrastruktur: B\u00fcro mit Kommunikationsger\u00e4ten, PC, Fax, Drucker, Telefon, Internet) aufzubauen.<\/p>\n\n\n\n<p>Das B\u00fcro ist feste Anlaufstelle f\u00fcr Fl\u00fcchtlinge und MigrantInnen mit Bleiberecht geworden. Hier h\u00e4lt der Verein die Mitgliederversammlungen ab. Zum Teil f\u00fchren wir hier auch unsere Unterst\u00fctzungsaktionen f\u00fcr die Zielgruppe durch:<\/p>\n\n\n\n<p>Im Projekt der Anschubf\u00f6rderung (2016 \/ 2017) halfen wir bei:<\/p>\n\n\n\n<ul class=\"wp-block-list\"><li>Online Banking<\/li><li>Einrichtung von Email &#8211; accounts<\/li><li>Nutzung von \u00dcbersetzungsprogrammen, PayPal- Kontoeinrichtung, Facebook-Account, ebay, Kleinanzeigen etc.<\/li><li>Aufzeigen von Einsparm\u00f6glichkeiten am Vereinssitz<\/li><li>Orientierung im \u00d6ffentlichen Nahverkehr.<\/li><li>Buchung von Busfahrtickets<\/li><li>Wohnungssuche- und Einrichtung<\/li><li>Beschaffung von Gebrauchtm\u00f6beln<\/li><li>gebrauchten Fahrr\u00e4der<\/li><li>Aktivit\u00e4ten mit Kindern und M\u00fcttern: Basteln, Malen, Spielen<\/li><\/ul>\n\n\n\n<p>Im Rahmen dieses Projekts haben wir gute Kontakte zu den Einrichtungen gewonnen. Auch schulten wir uns im Umgang mit der Zielgruppe.&nbsp;<\/p>\n\n\n\n<p>Dar\u00fcber hinaus machten wir zahlreiche Unterst\u00fctzungsangebote in und au\u00dferhalb der Asylheime:<\/p>\n\n\n\n<ul class=\"wp-block-list\"><li><strong>Kommunikationstrainings<\/strong><ul><li>Gespr\u00e4chstraining vor Ort, beim Einkauf, Arztbesuch, Schulbesuch<\/li><\/ul><ul><li>Rat- und Hilfestellung bei beh\u00f6rdlichen Angelegenheiten (Erkl\u00e4ren, \u00dcbersetzen, Anfertigen von Dokumenten)<\/li><\/ul><ul><li>Orientierungsrundg\u00e4nge in die Stadt D\u00fcren<\/li><\/ul><ul><li>Besuch von sozialen Einrichtungen (Sozialamt, Jobcom, Ausl\u00e4nderbeh\u00f6rde, Jugendamt) kulturellen und sozialen Einrichtungen (Museen, Stadtb\u00fccherei)<\/li><\/ul><ul><li>Aufzeigen von Kontaktm\u00f6glichkeiten, Besuch von einheimischen Vereinen und Migranten- Vereinen<\/li><\/ul><\/li><\/ul>\n\n\n\n<p>Ab 22.12.17 ist der Tamil Makkal Kulturverein e.V. Mitgliedsverein des <strong>\u201cDachverband Migrantenselbstorganisationen D\u00fcren e.V.\u201c<\/strong>.<\/p>\n\n\n\n<p>Auch f\u00fcr unseren Verein wurde mit dem Dachverband eine weitere Anlaufstelle f\u00fcr die Zielgruppe eingerichtet. Seit April 2018 verf\u00fcgen wir hier \u00fcber ein B\u00fcro mit Kommunikationsger\u00e4ten wie PC, Telefon, Internetzugang, B\u00fcromaterialien und einen m\u00f6blierten Gemeinschaftsraum. Eine weitere Projektf\u00f6rderung ist unabdingbar, um weiterhin diese B\u00fcrofl\u00e4che gemeinsam anmieten zu k\u00f6nnen. Einen Teil unserer Vereinsaktivit\u00e4ten f\u00fchren wir am Sitz des DV durch. Einige F\u00f6rderma\u00dfnahmen setzen wir nun im direkten Austausch mit unseren MSO \u2013 Partnern um:<\/p>\n\n\n\n<ul class=\"wp-block-list\"><li>Eritreischer Verein f\u00fcr Frieden e.V.<\/li><li>\u00d6zdangalla Nordkaukasischer Kultur- und Freundschaftsverein e.V.<\/li><li>Kurdisch \u2013 Syrischer Hilfsverein f\u00fcr Fl\u00fcchtlinge e.V.<\/li><\/ul>\n\n\n\n<p>Im Rahmen des Projekts der <strong>Einzelprojektf\u00f6rderung&nbsp; <\/strong>(01.01.2018 bis 15.12.2018)<\/p>\n\n\n\n<p><strong>&nbsp;<\/strong><em>\u201cFaire Chancen f\u00fcr M\u00fctter mit Kleinkindern (0 \u2013 6 J.). Alternative Betreuung mit dem Tamil Makkal Kulturverein e.V.&#8220;<\/em><\/p>\n\n\n\n<p>machte unser Verein vor allem Angebote im Bereich der Kinderbetreuung, um Fl\u00fcchtlingseltern mit Kindern den Besuch verpflichtender Integrations- und Sprachkurse zu erm\u00f6glichen.<\/p>\n\n\n\n<p>Zum Teil wurden die Ma\u00dfnahmen in Kooperation mit den MSO \u2013 Partnern des Dachverbandes umgesetzt.<\/p>\n","protected":false},"excerpt":{"rendered":"<p>Projekterfahrung Der Tamil Makkal Kulturverein e.V. hat intensive Projekterfahrung in bereits 2 durchgef\u00fchrten Projekten der Anschubf\u00f6rderung (AZ: 36.2.3 MSO \u2013 A \u2013 15 2016\/17 Wi) in der F\u00f6rderphase 2016\/17 der Einzelprojektf\u00f6rderung (AZ: 36.2.3 MSO \u2013 E \u2013 040 2016\/17 Bentlage) im Zeitraum 01.01.2018 bis 15.12.2018 Im Rahmen des Projekts der Anschubf\u00f6rderung (1.) ist es gelungen &hellip; <\/p>\n<p class=\"link-more\"><a href=\"http:\/\/integra-netz.de\/verein\/tamil-makkal-kulturverein\/projekterfahrung\/\" class=\"more-link\"><span class=\"screen-reader-text\">\u201eProjekterfahrung\u201c<\/span> weiterlesen<\/a><\/p>\n","protected":false},"author":35,"featured_media":0,"parent":0,"menu_order":0,"comment_status":"closed","ping_status":"closed","template":"","meta":{"footnotes":""},"class_list":["post-203","page","type-page","status-publish","hentry"],"_links":{"self":[{"href":"http:\/\/integra-netz.de\/verein\/tamil-makkal-kulturverein\/wp-json\/wp\/v2\/pages\/203","targetHints":{"allow":["GET"]}}],"collection":[{"href":"http:\/\/integra-netz.de\/verein\/tamil-makkal-kulturverein\/wp-json\/wp\/v2\/pages"}],"about":[{"href":"http:\/\/integra-netz.de\/verein\/tamil-makkal-kulturverein\/wp-json\/wp\/v2\/types\/page"}],"author":[{"embeddable":true,"href":"http:\/\/integra-netz.de\/verein\/tamil-makkal-kulturverein\/wp-json\/wp\/v2\/users\/35"}],"replies":[{"embeddable":true,"href":"http:\/\/integra-netz.de\/verein\/tamil-makkal-kulturverein\/wp-json\/wp\/v2\/comments?post=203"}],"version-history":[{"count":1,"href":"http:\/\/integra-netz.de\/verein\/tamil-makkal-kulturverein\/wp-json\/wp\/v2\/pages\/203\/revisions"}],"predecessor-version":[{"id":205,"href":"http:\/\/integra-netz.de\/verein\/tamil-makkal-kulturverein\/wp-json\/wp\/v2\/pages\/203\/revisions\/205"}],"wp:attachment":[{"href":"http:\/\/integra-netz.de\/verein\/tamil-makkal-kulturverein\/wp-json\/wp\/v2\/media?parent=203"}],"curies":[{"name":"wp","href":"https:\/\/api.w.org\/{rel}","templated":true}]}}