{"id":12,"date":"2017-05-12T12:44:56","date_gmt":"2017-05-12T10:44:56","guid":{"rendered":"http:\/\/integra-netz.de\/verein\/tamil-makkal-kulturvereine.v.\/?page_id=12"},"modified":"2022-02-02T14:01:45","modified_gmt":"2022-02-02T13:01:45","slug":"aktivitaeten","status":"publish","type":"page","link":"http:\/\/integra-netz.de\/verein\/tamil-makkal-kulturverein\/aktivitaeten\/","title":{"rendered":"Aktivit\u00e4ten"},"content":{"rendered":"\n<h2 class=\"wp-block-heading\"><strong>Carnatik Musikkurs im Dachverband MSO D\u00fcren e.V.<\/strong><\/h2>\n\n\n\n<figure class=\"wp-block-image size-large is-resized\"><a href=\"https:\/\/integra-netz.de\/verein\/tamil-makkal-kulturverein\/wp-content\/uploads\/sites\/29\/2022\/02\/Musikkurs-Carnatika.jpg\"><img loading=\"lazy\" decoding=\"async\" src=\"https:\/\/integra-netz.de\/verein\/tamil-makkal-kulturverein\/wp-content\/uploads\/sites\/29\/2022\/02\/Musikkurs-Carnatika-831x1024.jpg\" alt=\"\" class=\"wp-image-219\" width=\"307\" height=\"378\" srcset=\"http:\/\/integra-netz.de\/verein\/tamil-makkal-kulturverein\/wp-content\/uploads\/sites\/29\/2022\/02\/Musikkurs-Carnatika-831x1024.jpg 831w, http:\/\/integra-netz.de\/verein\/tamil-makkal-kulturverein\/wp-content\/uploads\/sites\/29\/2022\/02\/Musikkurs-Carnatika-244x300.jpg 244w, http:\/\/integra-netz.de\/verein\/tamil-makkal-kulturverein\/wp-content\/uploads\/sites\/29\/2022\/02\/Musikkurs-Carnatika-768x946.jpg 768w, http:\/\/integra-netz.de\/verein\/tamil-makkal-kulturverein\/wp-content\/uploads\/sites\/29\/2022\/02\/Musikkurs-Carnatika.jpg 1125w\" sizes=\"auto, (max-width: 307px) 100vw, 307px\" \/><\/a><\/figure>\n\n\n\n<p>Auch in diesem Jahr, ab Februar 2022, bieten wir einen<strong><em>\u00a0Carnatik<\/em>\u00a0Musikkurs<\/strong>\u00a0 an.<\/p>\n\n\n\n<div class=\"wp-block-group\"><div class=\"wp-block-group__inner-container is-layout-flow wp-block-group-is-layout-flow\">\n<ul class=\"wp-block-list\"><li><strong>wo?<\/strong>\u00a0 \u00a0 \u00a0 Dachverband MSO D\u00fcren e.V.\u00a0 \u00a0 \u00a0 \u00a0 \u00a0 \u00a0 \u00a0 <\/li><li>Josef &#8211;\u00a0 Schregel -Str. 38,\u00a0 \u00a0 \u00a0 \u00a0 \u00a0 \u00a0 \u00a0 <\/li><li>52349 D\u00fcren\u00a0<\/li><li><strong>wann?\u00a0\u00a0<\/strong>Donnerstags\u00a0\u00a0 \u00a0 \u00a0<\/li><li>um 17:30 Uhr &#8211; 19.00 Uhr<\/li><\/ul>\n<\/div><\/div>\n\n\n\n<p><strong>Wir freuen uns auf zahlreiche Teilnehmer!<\/strong><\/p>\n\n\n\n<p>Die klassische Musik aus dem S\u00fcden Indiens nennt man&nbsp;<em><strong>Carnatik Musik<\/strong>.<\/em>&nbsp;Ein \u00e4lterer Musikstil, der aus durchkomponierten Arrangements besteht.<\/p>\n\n\n\n<p>Wichtigster Bestandteil dieser Musik ist der Gesang.<\/p>\n\n\n\n<p><strong>Bitte melden Sie sich an per Email:<\/strong><\/p>\n\n\n\n<p><strong><a href=\"mailto:Tamilmakkal-Kultur-e-v@outlook.de\">Tamilmakkal-Kultur-e-v@outlook.de<\/a><\/strong><\/p>\n\n\n\n<p><a href=\"https:\/\/www.facebook.com\/243405969346737\/posts\/1571706353183352\/?d=n\">https:\/\/www.facebook.com\/243405969346737\/posts\/1571706353183352\/?d=n<\/a><\/p>\n\n\n\n<p><\/p>\n\n\n\n<div class=\"wp-block-image\"><figure class=\"aligncenter\"><img loading=\"lazy\" decoding=\"async\" width=\"300\" height=\"164\" src=\"http:\/\/integra-netz.de\/verein\/tamil-makkal-kulturverein\/wp-content\/uploads\/sites\/29\/2017\/04\/Logo-300x164.jpg\" alt=\"\" class=\"wp-image-101\" srcset=\"http:\/\/integra-netz.de\/verein\/tamil-makkal-kulturverein\/wp-content\/uploads\/sites\/29\/2017\/04\/Logo-300x164.jpg 300w, http:\/\/integra-netz.de\/verein\/tamil-makkal-kulturverein\/wp-content\/uploads\/sites\/29\/2017\/04\/Logo.jpg 618w\" sizes=\"auto, (max-width: 300px) 100vw, 300px\" \/><\/figure><\/div>\n\n\n\n<!--more-->\n\n\n\n<p>Unser Verein hat erfolgreich das Projekt <em>\u201cFaire Startchancen mit dem Tamil Makkal Kulturverein e.V. \u201c<\/em> im Landesprogramm NRW f\u00fcr MSO (Migrantenselbstorganistaionen) beantragt und hierf\u00fcr F\u00f6rdermittel f\u00fcr die F\u00f6rderphase 2016\/2017 erhalten.<\/p>\n\n\n\n<p>Der Verein m\u00f6chte Br\u00fcckenbauer f\u00fcr die vielen Fl\u00fcchtlinge in den Asylunterk\u00fcnften in Stadt und&nbsp; Kreis D\u00fcren sein und sie dabei unterst\u00fctzen, sich in der fremden Gesellschaft zu orientieren. Viele unserer Vereinsmitglieder haben selbst Fluchterfahrungen; sie waren dem B\u00fcrgerkrieg auf Sri Lanka entkommen und erinnern sich dankbar an Hilfen, die sie damals erhielten.<\/p>\n\n\n\n<p>Seit einigen Monaten besuchen wir die Asylbewerberheime in Arnoldsweiler, auf der Ellenerstr., der Friedenstr. in D\u00fcren und die Heime auf der K\u00f6lner Landstr. in D\u00fcren. Wir machen Angebote, welche die gesellschaftliche Teilhabe von Fl\u00fcchtlingen in den verschiedenen Feldern es Gemeinlebens (Arbeit, Sozialleben, Freizeit) und ihre Eigeninitiative f\u00f6rdern.<\/p>\n\n\n\n<p>In unseren Kommunikations- Trainingskursen zeigen wir den Fl\u00fcchtlingen wie sie Kontakt aufnehmen zur Gesellschaft, teilnehmen k\u00f6nnen am gesellschaftlichen, sozialen und beruflichen Leben.<\/p>\n\n\n\n<p>Wir bieten kostenlose Workshops f\u00fcr Tanzen, Sport und Kunst; so helfen wir die k\u00f6rperlichen und intellektuellen F\u00e4higkeiten zu entwickeln, die sonst verk\u00fcmmern w\u00fcrden.<\/p>\n\n\n\n<p><strong>=&gt; <\/strong>Kommunikationstrainings<\/p>\n\n\n\n<ul class=\"wp-block-list\"><li>Gespr\u00e4chstraining vor Ort beim Einkauf, Arztbesuch, Schulbesuch, bei Beh\u00f6rden<\/li><li>Orientierungsrundg\u00e4nge in die Stadt D\u00fcren<\/li><li>Internetschulung am Vereinssitz<\/li><\/ul>\n\n\n\n<p>=&gt; Sportangebote<\/p>\n\n\n\n<ul class=\"wp-block-list\"><li>Taekwondo-Kurse<\/li><li>Tanzworkshops<\/li><li>Jogging<\/li><\/ul>\n\n\n\n<p>=&gt; Angebote f\u00fcr Frauen<\/p>\n\n\n\n<ul class=\"wp-block-list\"><li>Musik im Jugendzentrum MultiKulti<\/li><li>Aktivit\u00e4ten mit Kindern und M\u00fcttern<\/li><li>Schminkworkshop<\/li><li>Kochkurse<\/li><\/ul>\n\n\n\n<p>=&gt; Wirtschaftsleben<\/p>\n\n\n\n<ul class=\"wp-block-list\"><li>Wir zeigen g\u00fcnstige Einkaufm\u00f6glichkeiten<\/li><li>Hilfe bei&nbsp; Wohnungssuche- und Einrichtung, Arbeitssuche- und Aufnahme<\/li><\/ul>\n\n\n\n<p><b>Zweck des Vereins<\/b>:<\/p>\n\n\n\n<p>F\u00f6rderung des Ideenaustausches zwischen Gruppen, Organisationen und anderen Vereinen: Einbettung des Vereins in vorhandene Netzwerke in Stadt und Kreis D\u00fcren. Hierzu Kooperation mit der Integrationsagentur der Evang. Gemeinde zu D\u00fcren.<\/p>\n\n\n\n<p>F\u00f6rderung der Integration der in D\u00fcren lebenden tamilischen Familien, insbesondere der tamilischen Frauen, um ihnen aus gesellschaftlicher Isolierung herauszuhelfen.<\/p>\n\n\n\n<p>Spezielle Sportangebote f\u00fcr Frauen.<\/p>\n\n\n\n<p>Rat- und Hilfestellung f\u00fcr die Familienangeh\u00f6rigen bei Beh\u00f6rdeng\u00e4ngen, Arztbesuchen, Krankenhausaufenthalten.<\/p>\n\n\n\n<p>Unterst\u00fctzung von Personen mit geringen Deutschkenntnissen, insbesondere mittels Dolmetschen und \u00dcbersetzungshilfen.<\/p>\n\n\n\n<p>Hilfestellung beim Zugang zum Internet.<\/p>\n\n\n\n<p>Unterst\u00fctzung der Kinder und Jugendlichen tamilischer Familien bei schulischen und beruflichen Problemen und in Notsituationen.<\/p>\n\n\n\n<p>Sprachkurse f\u00fcr Deutsch und Tamilisch<\/p>\n\n\n\n<p>Orientierungsangebote f\u00fcr Neuzugewanderte, z.B. tamilische Asylbewerber.<\/p>\n\n\n\n<p>Heranf\u00fchren an die tamilische Herkunftskultur und St\u00e4rkung der Bindung an das Heimatland (Sri Lanka) mittels der Organisation von kulturellen, landeskundlichen Treffen.<\/p>\n\n\n\n<p>Unterst\u00fctzung von in Sri Lanka lebenden Fl\u00fcchtlingen, Kriegsopfern und Vertriebenen durch vom Verein eingeworbene Spenden. Die Spenden werden auf das Vereinskonto eingezahlt und sind ausschlie\u00dflich f\u00fcr den benannten Spendenzweck einzusetzen.<\/p>\n","protected":false},"excerpt":{"rendered":"<p>Carnatik Musikkurs im Dachverband MSO D\u00fcren e.V. Auch in diesem Jahr, ab Februar 2022, bieten wir einen\u00a0Carnatik\u00a0Musikkurs\u00a0 an. wo?\u00a0 \u00a0 \u00a0 Dachverband MSO D\u00fcren e.V.\u00a0 \u00a0 \u00a0 \u00a0 \u00a0 \u00a0 \u00a0 Josef &#8211;\u00a0 Schregel -Str. 38,\u00a0 \u00a0 \u00a0 \u00a0 \u00a0 \u00a0 \u00a0 52349 D\u00fcren\u00a0 wann?\u00a0\u00a0Donnerstags\u00a0\u00a0 \u00a0 \u00a0 um 17:30 Uhr &#8211; 19.00 Uhr Wir freuen &hellip; <\/p>\n<p class=\"link-more\"><a href=\"http:\/\/integra-netz.de\/verein\/tamil-makkal-kulturverein\/aktivitaeten\/\" class=\"more-link\"><span class=\"screen-reader-text\">\u201eAktivit\u00e4ten\u201c<\/span> weiterlesen<\/a><\/p>\n","protected":false},"author":1,"featured_media":0,"parent":0,"menu_order":0,"comment_status":"closed","ping_status":"closed","template":"","meta":{"footnotes":""},"class_list":["post-12","page","type-page","status-publish","hentry"],"_links":{"self":[{"href":"http:\/\/integra-netz.de\/verein\/tamil-makkal-kulturverein\/wp-json\/wp\/v2\/pages\/12","targetHints":{"allow":["GET"]}}],"collection":[{"href":"http:\/\/integra-netz.de\/verein\/tamil-makkal-kulturverein\/wp-json\/wp\/v2\/pages"}],"about":[{"href":"http:\/\/integra-netz.de\/verein\/tamil-makkal-kulturverein\/wp-json\/wp\/v2\/types\/page"}],"author":[{"embeddable":true,"href":"http:\/\/integra-netz.de\/verein\/tamil-makkal-kulturverein\/wp-json\/wp\/v2\/users\/1"}],"replies":[{"embeddable":true,"href":"http:\/\/integra-netz.de\/verein\/tamil-makkal-kulturverein\/wp-json\/wp\/v2\/comments?post=12"}],"version-history":[{"count":14,"href":"http:\/\/integra-netz.de\/verein\/tamil-makkal-kulturverein\/wp-json\/wp\/v2\/pages\/12\/revisions"}],"predecessor-version":[{"id":221,"href":"http:\/\/integra-netz.de\/verein\/tamil-makkal-kulturverein\/wp-json\/wp\/v2\/pages\/12\/revisions\/221"}],"wp:attachment":[{"href":"http:\/\/integra-netz.de\/verein\/tamil-makkal-kulturverein\/wp-json\/wp\/v2\/media?parent=12"}],"curies":[{"name":"wp","href":"https:\/\/api.w.org\/{rel}","templated":true}]}}