{"id":12,"date":"2014-04-07T15:44:56","date_gmt":"2014-04-07T13:44:56","guid":{"rendered":"http:\/\/integra-netz.de\/verein\/somalischer-kulturverein-mandeq-ev\/?page_id=12"},"modified":"2021-10-03T21:08:24","modified_gmt":"2021-10-03T19:08:24","slug":"aktivitaeten","status":"publish","type":"page","link":"http:\/\/integra-netz.de\/verein\/somalischer-kulturverein-mandeq-ev\/aktivitaeten\/","title":{"rendered":"Aktivit\u00e4ten"},"content":{"rendered":"\n<p>F\u00f6rderung des Ideenaustausches zwischen Gruppen, Organisationen und anderen Vereinen: Einbettung des Vereins in vorhandene Netzwerke in Stadt und Kreis D\u00fcren. Hierzu Kooperation mit der Integrationsagentur der Evang. Gemeinde zu D\u00fcren.<\/p>\n\n\n\n<p><strong><\/strong>F\u00f6rderung der Integration der im Kreis D\u00fcren lebenden aus Somalia stammenden Familien, insbesondere der Frauen, um ihnen aus gesellschaftlicher Isolierung herauszuhelfen.<\/p>\n\n\n\n<p>Die Vereinsangebote stehen auch anderen Ethnien und Nationalit\u00e4ten offen.<\/p>\n\n\n\n<p>Spezielle Sportangebote f\u00fcr Frauen und Kinder.<\/p>\n\n\n\n<p>Rat- und Hilfestellung f\u00fcr die Familienangeh\u00f6rigen bei Beh\u00f6rdeng\u00e4ngen,<\/p>\n\n\n\n<p>Arztbesuchen, Krankenhausaufenthalten, Trauerfeierlichkeiten, in Notsituationen.<\/p>\n\n\n\n<p>Unterst\u00fctzung von Personen mit geringen Deutschkenntnissen, insbesondere mittels Dolmetschen und \u00dcbersetzungshilfen.<\/p>\n\n\n\n<p>Hilfestellung beim Zugang zum Internet.<\/p>\n\n\n\n<p>Unterst\u00fctzung der Kinder und Jugendlichen und Familien bei schulischen und beruflichen Problemen.<\/p>\n\n\n\n<p>Angebot von muttersprachlichen Sprachkursen und ggfs. andere Sprachen<\/p>\n\n\n\n<p>Orientierungsangebote f\u00fcr Neuzugewanderte, z.B. Asylbewerber aus Somalia.<\/p>\n\n\n\n<p><strong><\/strong>Pflege der Herkunftskultur mittels der Organisation von kulturellen, landeskundlichen Treffen.<\/p>\n\n\n\n<p><strong><\/strong>Unterst\u00fctzung von Fl\u00fcchtlingen, Kriegsopfern und Vertriebenen durch vom Verein eingeworbene Spenden. Die Spenden werden auf das Vereinskonto eingezahlt und sind ausschlie\u00dflich f\u00fcr den benannten Spendenzweck einzusetzen.<\/p>\n\n\n\n<p><\/p>\n","protected":false},"excerpt":{"rendered":"<p>F\u00f6rderung des Ideenaustausches zwischen Gruppen, Organisationen und anderen Vereinen: Einbettung des Vereins in vorhandene Netzwerke in Stadt und Kreis D\u00fcren. Hierzu Kooperation mit der Integrationsagentur der Evang. Gemeinde zu D\u00fcren. F\u00f6rderung der Integration der im Kreis D\u00fcren lebenden aus Somalia stammenden Familien, insbesondere der Frauen, um ihnen aus gesellschaftlicher Isolierung herauszuhelfen. Die Vereinsangebote stehen auch &hellip; <\/p>\n<p class=\"link-more\"><a href=\"http:\/\/integra-netz.de\/verein\/somalischer-kulturverein-mandeq-ev\/aktivitaeten\/\" class=\"more-link\"><span class=\"screen-reader-text\">\u201eAktivit\u00e4ten\u201c<\/span> weiterlesen<\/a><\/p>\n","protected":false},"author":1,"featured_media":0,"parent":0,"menu_order":0,"comment_status":"closed","ping_status":"closed","template":"","meta":{"footnotes":""},"class_list":["post-12","page","type-page","status-publish","hentry"],"_links":{"self":[{"href":"http:\/\/integra-netz.de\/verein\/somalischer-kulturverein-mandeq-ev\/wp-json\/wp\/v2\/pages\/12","targetHints":{"allow":["GET"]}}],"collection":[{"href":"http:\/\/integra-netz.de\/verein\/somalischer-kulturverein-mandeq-ev\/wp-json\/wp\/v2\/pages"}],"about":[{"href":"http:\/\/integra-netz.de\/verein\/somalischer-kulturverein-mandeq-ev\/wp-json\/wp\/v2\/types\/page"}],"author":[{"embeddable":true,"href":"http:\/\/integra-netz.de\/verein\/somalischer-kulturverein-mandeq-ev\/wp-json\/wp\/v2\/users\/1"}],"replies":[{"embeddable":true,"href":"http:\/\/integra-netz.de\/verein\/somalischer-kulturverein-mandeq-ev\/wp-json\/wp\/v2\/comments?post=12"}],"version-history":[{"count":8,"href":"http:\/\/integra-netz.de\/verein\/somalischer-kulturverein-mandeq-ev\/wp-json\/wp\/v2\/pages\/12\/revisions"}],"predecessor-version":[{"id":73,"href":"http:\/\/integra-netz.de\/verein\/somalischer-kulturverein-mandeq-ev\/wp-json\/wp\/v2\/pages\/12\/revisions\/73"}],"wp:attachment":[{"href":"http:\/\/integra-netz.de\/verein\/somalischer-kulturverein-mandeq-ev\/wp-json\/wp\/v2\/media?parent=12"}],"curies":[{"name":"wp","href":"https:\/\/api.w.org\/{rel}","templated":true}]}}