{"id":154,"date":"2018-03-01T16:10:50","date_gmt":"2018-03-01T15:10:50","guid":{"rendered":"http:\/\/integra-netz.de\/verein\/oezdangallanordkaukasischerkulturundfreundschaftsverein\/?page_id=154"},"modified":"2018-03-01T16:11:28","modified_gmt":"2018-03-01T15:11:28","slug":"projekt-der-anschubfoerderung","status":"publish","type":"page","link":"http:\/\/integra-netz.de\/verein\/oezdangallanordkaukasischerkulturundfreundschaftsverein\/projekt-der-anschubfoerderung\/","title":{"rendered":"Projekt der Anschubf\u00f6rderung"},"content":{"rendered":"<p style=\"text-align: justify;\"><a href=\"http:\/\/integra-netz.de\/verein\/oezdangallanordkaukasischerkulturundfreundschaftsverein\/wp-content\/uploads\/sites\/35\/2018\/03\/MKFFI.jpg\"><img loading=\"lazy\" decoding=\"async\" class=\"alignnone size-medium wp-image-155\" src=\"http:\/\/integra-netz.de\/verein\/oezdangallanordkaukasischerkulturundfreundschaftsverein\/wp-content\/uploads\/sites\/35\/2018\/03\/MKFFI-300x57.jpg\" alt=\"\" width=\"300\" height=\"57\" srcset=\"http:\/\/integra-netz.de\/verein\/oezdangallanordkaukasischerkulturundfreundschaftsverein\/wp-content\/uploads\/sites\/35\/2018\/03\/MKFFI-300x57.jpg 300w, http:\/\/integra-netz.de\/verein\/oezdangallanordkaukasischerkulturundfreundschaftsverein\/wp-content\/uploads\/sites\/35\/2018\/03\/MKFFI-768x147.jpg 768w, http:\/\/integra-netz.de\/verein\/oezdangallanordkaukasischerkulturundfreundschaftsverein\/wp-content\/uploads\/sites\/35\/2018\/03\/MKFFI.jpg 854w\" sizes=\"auto, (max-width: 300px) 100vw, 300px\" \/><\/a><\/p>\n<p style=\"text-align: justify;\">Der Verein hat im Projekt der Landesf\u00f6rderung NRW &#8222;Integration leben &#8211; b\u00fcrgerschaftliches Engagement von Menschen mit Migrationshintegrund st\u00e4rken&#8220; erfolgreich einen Antrag auf &#8222;Anschubf\u00f6rderung&#8220; gestellt.<\/p>\n<p style=\"text-align: justify;\">Einer der ersten Aufgaben im F\u00f6rderjahr 2017 bestand darin, eine geeignete Lokalit\u00e4t zu finden, an der unser Verein die anvisierten Ma\u00dfnahmen zur Kontaktaufnahme zur Zielgruppe umsetzen konnte:<\/p>\n<p style=\"text-align: justify;\">Im Haus der Evangelischen Gemeinde hat unser Verein eine R\u00e4umlichkeit gefunden, wo zu festen Zeiten die geplanten Ma\u00dfnahmen umgesetzt werden konnten.<\/p>\n<ul style=\"text-align: justify;\">\n<li>Projektplanung<\/li>\n<li>Umsetzung der Projektma\u00dfnahmen<\/li>\n<li>Treffpunkte f\u00fcr Vereinsmitglieder und die zu betreuende Zielgruppe \/Fl\u00fcchtlinge<\/li>\n<li>Austauschtreffen mit Fl\u00fcchtlingen<\/li>\n<\/ul>\n<p style=\"text-align: justify;\">Wie geplant arbeitete unser Verein eng zusammen mit verschiedenen Kooperations-partnern:<\/p>\n<p style=\"text-align: justify;\">Integrationsagentur (Evang. Gem. D\u00fcren), Gesellschaft f\u00fcr Migrationsschutz, e.V., Tschetschenischer Kulturverein aus Viersen, ZSM (Zentrum f\u00fcr Sozial und Migrationsberatung der Evangelische Gemeinde D\u00fcren, Goldrute e. V. D\u00fcren.<\/p>\n<p style=\"text-align: justify;\">\u00dcber diese Partner konnten wir auch guten Kontakt herstellen zu anderen MSO (Migrantenselbstorganisationen) in Stadt und Kreis D\u00fcren, die ebenfalls aktiv sind in der Fl\u00fcchtlingsarbeit.<\/p>\n<ul style=\"text-align: justify;\">\n<li>Kurdisch \u2013 Syrischer Hilfsverein f\u00fcr Fl\u00fcchtlinge e.V.<\/li>\n<li>Eritreischer Verein f\u00fcr Frieden e.V.<\/li>\n<li>GermAfrika Kompass e.V.<\/li>\n<li>Tamil Makkal Kulturverein e.V.<\/li>\n<li>IKSK e.V. (Irakisch- Kurdischer Sport- und Kulturverein e.V.)<\/li>\n<\/ul>\n<p style=\"text-align: justify;\">Eine der zentralen Ma\u00dfnahmen war die Umsetzung der folgenden Ma\u00dfnahmen:<\/p>\n<ul style=\"text-align: justify;\">\n<li>Ethikunterricht<\/li>\n<\/ul>\n<p style=\"text-align: justify;\">Wie geplant haben erfahrene, schon l\u00e4nger in Deutschland lebende Vereinsmitglieder, den Kindern und Jugendlichen aus dem Verein aber auch interessierten Fl\u00fcchtlingsfamilien Kenntnisse des gesellschaftlichen Zusammenlebens vermittelt. Hierzu suchten sie gezielte die folgenden Asylunterk\u00fcnfte auf:<\/p>\n<ul style=\"text-align: justify;\">\n<li>Friedenstrasse 2b in D\u00fcren<\/li>\n<li>Ellenerstrasse 22 (Stadtteil Arnoldsweiler)<\/li>\n<\/ul>\n<p style=\"text-align: justify;\">Im Haus der Evang. Gemeinde (Wilhelm- Wester Weg 1, 52349 D\u00fcren) fand der Unterricht 4 x monatlich im Sept. \u2013 Dez. 2017 statt. Der Kurs wurde aufgespalten in 3 Gruppen, aufgeteilt auf die beiden vorhandenen R\u00e4ume:<\/p>\n<ul style=\"text-align: justify;\">\n<li>Die anwesende Kindergruppe (18 \u2013 25 Fl\u00fcchtlingskinder) wurde unterrichtet bez\u00fcglich der Themen:\n<ul>\n<li>Respekt<\/li>\n<li>Gesundheit<\/li>\n<li>Bildung<\/li>\n<li>Geschichte<\/li>\n<li>Frauenemanzipation<\/li>\n<li>Grundgesetz<\/li>\n<li>\u2026. Hierbei wurde besonderer Wert darauf gelegt, dass Jugendliche, die in unserer Gesellschaft gro\u00df geworden sind ihre Erfahrungen und Kenntnisse an die neuzugewanderten Kinder weitergeben.<\/li>\n<\/ul>\n<\/li>\n<li>Elterntreffen zur Deutsch \u2013 Konversation<\/li>\n<li>Tanz \u2013 und N\u00e4hkurs<\/li>\n<\/ul>\n<p style=\"text-align: justify;\">Drei Mal waren unsere Vereinsmitglieder auch direkt in den Asylunterk\u00fcnften (s.o.), und haben die BewohnerInnen besucht. Da etliche unserer Landsleute mehrere Fremdsprachen (russisch, arabisch, t\u00fcrkisch) beherrschen, k\u00f6nnen wir mit ihrer Hilfe auch Kontakt zu Fl\u00fcchtlingen aufnehmen, die zu diesen Sprachgruppen geh\u00f6ren.<\/p>\n<p style=\"text-align: justify;\">Eine der Hauptaufgaben innerhalb wie auch au\u00dferhalb unseres Vereins ist es,\u00a0 \u00a0 \u00a0 \u00a0 \u00a0 \u00a0 \u00a0 \u00a0 \u00a0 \u00a0 \u00a0 \u00a0 die im Kreis D\u00fcren lebenden aus dem Nordkaukasus stammenden Familien, insbesondere Frauen aus ihrer gesellschaftlichen Isolation herauszuhelfen.<\/p>\n<p style=\"text-align: justify;\">Sie nahmen sehr gerne unser Angebote an, zu Frauentreffen und Vereins- Mitgliederversammlungen zu kommen.<\/p>\n<p style=\"text-align: justify;\">Dar\u00fcber hinaus wurden die folgenden Ma\u00dfnahmen gerne in Anspruch genommen:<\/p>\n<ol style=\"text-align: justify;\">\n<li>Besuch von KlassenlehrerInnen bei schulischen Problemen<\/li>\n<li>Oft haben unsere Vereinsmitglieder die Familienangeh\u00f6rigen bei Beh\u00f6rdeng\u00e4ngen, Arztbesuchen, Krankenhausaufenthalten begleitet.<\/li>\n<li>Dolmetschen und \u00dcbersetzungshilfen.<\/li>\n<li>Heranf\u00fchren von Fl\u00fcchtlingen an bestehende Sprach- und Integrationsangebote, u.a. der Evang. Gemeinde.<\/li>\n<li>Konversations \u2013 Deutsch \u2013 Kurse<\/li>\n<li>Fachveranstaltungen mit Referenten zum :\n<ul>\n<li>Vereinsmanagement<\/li>\n<li>\u2026 weitere sind geplant<\/li>\n<\/ul>\n<\/li>\n<li>Ma\u00dfnahmen zu Begegnung und Austausch\n<ol>\n<li>Organisation von kulturellen, landeskundlichen Begegnungstreffen, zu denen auch Einheimische und Fl\u00fcchtlinge eingeladen werden: Ma\u00dfnahme \u201cVoneinander lernen\u201c<\/li>\n<\/ol>\n<\/li>\n<li>Tanzunterricht \u201cLezginka\u201c<\/li>\n<\/ol>\n","protected":false},"excerpt":{"rendered":"<p>Der Verein hat im Projekt der Landesf\u00f6rderung NRW &#8222;Integration leben &#8211; b\u00fcrgerschaftliches Engagement von Menschen mit Migrationshintegrund st\u00e4rken&#8220; erfolgreich einen Antrag auf &#8222;Anschubf\u00f6rderung&#8220; gestellt. Einer der ersten Aufgaben im F\u00f6rderjahr 2017 bestand darin, eine geeignete Lokalit\u00e4t zu finden, an der unser Verein die anvisierten Ma\u00dfnahmen zur Kontaktaufnahme zur Zielgruppe umsetzen konnte: Im Haus der Evangelischen &hellip; <\/p>\n<p class=\"link-more\"><a href=\"http:\/\/integra-netz.de\/verein\/oezdangallanordkaukasischerkulturundfreundschaftsverein\/projekt-der-anschubfoerderung\/\" class=\"more-link\"><span class=\"screen-reader-text\">\u201eProjekt der Anschubf\u00f6rderung\u201c<\/span> weiterlesen<\/a><\/p>\n","protected":false},"author":35,"featured_media":0,"parent":0,"menu_order":0,"comment_status":"closed","ping_status":"closed","template":"","meta":{"footnotes":""},"class_list":["post-154","page","type-page","status-publish","hentry"],"_links":{"self":[{"href":"http:\/\/integra-netz.de\/verein\/oezdangallanordkaukasischerkulturundfreundschaftsverein\/wp-json\/wp\/v2\/pages\/154","targetHints":{"allow":["GET"]}}],"collection":[{"href":"http:\/\/integra-netz.de\/verein\/oezdangallanordkaukasischerkulturundfreundschaftsverein\/wp-json\/wp\/v2\/pages"}],"about":[{"href":"http:\/\/integra-netz.de\/verein\/oezdangallanordkaukasischerkulturundfreundschaftsverein\/wp-json\/wp\/v2\/types\/page"}],"author":[{"embeddable":true,"href":"http:\/\/integra-netz.de\/verein\/oezdangallanordkaukasischerkulturundfreundschaftsverein\/wp-json\/wp\/v2\/users\/35"}],"replies":[{"embeddable":true,"href":"http:\/\/integra-netz.de\/verein\/oezdangallanordkaukasischerkulturundfreundschaftsverein\/wp-json\/wp\/v2\/comments?post=154"}],"version-history":[{"count":1,"href":"http:\/\/integra-netz.de\/verein\/oezdangallanordkaukasischerkulturundfreundschaftsverein\/wp-json\/wp\/v2\/pages\/154\/revisions"}],"predecessor-version":[{"id":156,"href":"http:\/\/integra-netz.de\/verein\/oezdangallanordkaukasischerkulturundfreundschaftsverein\/wp-json\/wp\/v2\/pages\/154\/revisions\/156"}],"wp:attachment":[{"href":"http:\/\/integra-netz.de\/verein\/oezdangallanordkaukasischerkulturundfreundschaftsverein\/wp-json\/wp\/v2\/media?parent=154"}],"curies":[{"name":"wp","href":"https:\/\/api.w.org\/{rel}","templated":true}]}}