{"id":2,"date":"2020-06-23T14:52:04","date_gmt":"2020-06-23T12:52:04","guid":{"rendered":"http:\/\/integra-netz.de\/verein\/neue-horizonte-ev\/?page_id=2"},"modified":"2020-07-01T09:27:20","modified_gmt":"2020-07-01T07:27:20","slug":"beispiel-seite","status":"publish","type":"page","link":"http:\/\/integra-netz.de\/verein\/neue-horizonte-ev\/beispiel-seite\/","title":{"rendered":"Schwerpunkte"},"content":{"rendered":"\n<h2 class=\"wp-block-heading\"><strong><a href=\"https:\/\/www.neue-horizonte-ev.de\/schwerpunkte\/\">1. Fl\u00fcchtlingsarbeit<\/a><\/strong><\/h2>\n\n\n\n<p>Zu uns kommen Menschen, die ihre Heimat verlassen mussten. Diese Menschen suchen hier Sicherheit und freundliche Begegnung. Sie m\u00fcssen in der ersten Zeit viele Formulare ausf\u00fcllen, haben Kontakt zu unbekannten \u00c4mter und Menschen, m\u00f6chten gerne Deutsch lernen und suchen f\u00fcr ihre Kinder einen Kita- oder Schulplatz. Dabei, und bei vielen anderen Dingen im Alltag helfen wir ihnen.<\/p>\n\n\n\n<h2 class=\"wp-block-heading\"><strong><a href=\"https:\/\/www.neue-horizonte-ev.de\/schwerpunkte\/\">2. Lebenswerter Raum f\u00fcr Alle<\/a><\/strong><\/h2>\n\n\n\n<p>Hier in und um Inden f\u00fchlen wir uns zu Hause und dies soll auch so bleiben. Einen lebenswerten Raum f\u00fcr alle gestalten, k\u00f6nnen Politiker alleine nicht schaffen. Alle Menschen k\u00f6nnen und m\u00fcssen daf\u00fcr Sorge tragen, dass wir gut zusammenleben k\u00f6nnen.<br>Daf\u00fcr sammeln wir beispielsweise Informationen (Wissen) und stellen es in verst\u00e4ndlicher Weise zur Verf\u00fcgung. Wir bieten Begegnung, Bildung und Aktionen in verschiedenen Formen an. So gestalten und bestimmen wir mit, wie es hier aussehen soll.<\/p>\n\n\n\n<h2 class=\"wp-block-heading\"><strong><a href=\"https:\/\/www.neue-horizonte-ev.de\/schwerpunkte\/\">3. Soziales Wohnen<\/a><\/strong><\/h2>\n\n\n\n<p>Jeder hat ein Recht auf menschenw\u00fcrdiges, sicheres und bezahlbares Wohnen. Auch bei uns sollte dieser Wohnraum in ausreichender Zahl jederzeit verf\u00fcgbar sein. Daf\u00fcr sammeln wir gute Beispiele und kreative Ideen. Diese stellen wir in verst\u00e4ndlicher Form zu Information und Austausch bereit, laden zu Besuchen guter Beispiele ein und regen mit Aktionen zur Umsetzung an.<\/p>\n\n\n\n<p><\/p>\n\n\n\n<blockquote class=\"wp-block-quote is-style-default is-layout-flow wp-block-quote-is-layout-flow\"><p>\u201eDie Welt stellt nichts Gegebenes dar, sondern begegnet uns als Horizont, der immer wieder neue Horizonte produziert.\u201c (Hans-Georg Gadamer; dt. Philosoph, 1900-2002)<\/p><\/blockquote>\n","protected":false},"excerpt":{"rendered":"<p>1. Fl\u00fcchtlingsarbeit Zu uns kommen Menschen, die ihre Heimat verlassen mussten. Diese Menschen suchen hier Sicherheit und freundliche Begegnung. Sie m\u00fcssen in der ersten Zeit viele Formulare ausf\u00fcllen, haben Kontakt zu unbekannten \u00c4mter und Menschen, m\u00f6chten gerne Deutsch lernen und suchen f\u00fcr ihre Kinder einen Kita- oder Schulplatz. Dabei, und bei vielen anderen Dingen im &hellip; <\/p>\n<p class=\"link-more\"><a href=\"http:\/\/integra-netz.de\/verein\/neue-horizonte-ev\/beispiel-seite\/\" class=\"more-link\"><span class=\"screen-reader-text\">\u201eSchwerpunkte\u201c<\/span> weiterlesen<\/a><\/p>\n","protected":false},"author":50,"featured_media":0,"parent":0,"menu_order":0,"comment_status":"closed","ping_status":"open","template":"","meta":{"footnotes":""},"class_list":["post-2","page","type-page","status-publish","hentry"],"_links":{"self":[{"href":"http:\/\/integra-netz.de\/verein\/neue-horizonte-ev\/wp-json\/wp\/v2\/pages\/2","targetHints":{"allow":["GET"]}}],"collection":[{"href":"http:\/\/integra-netz.de\/verein\/neue-horizonte-ev\/wp-json\/wp\/v2\/pages"}],"about":[{"href":"http:\/\/integra-netz.de\/verein\/neue-horizonte-ev\/wp-json\/wp\/v2\/types\/page"}],"author":[{"embeddable":true,"href":"http:\/\/integra-netz.de\/verein\/neue-horizonte-ev\/wp-json\/wp\/v2\/users\/50"}],"replies":[{"embeddable":true,"href":"http:\/\/integra-netz.de\/verein\/neue-horizonte-ev\/wp-json\/wp\/v2\/comments?post=2"}],"version-history":[{"count":4,"href":"http:\/\/integra-netz.de\/verein\/neue-horizonte-ev\/wp-json\/wp\/v2\/pages\/2\/revisions"}],"predecessor-version":[{"id":38,"href":"http:\/\/integra-netz.de\/verein\/neue-horizonte-ev\/wp-json\/wp\/v2\/pages\/2\/revisions\/38"}],"wp:attachment":[{"href":"http:\/\/integra-netz.de\/verein\/neue-horizonte-ev\/wp-json\/wp\/v2\/media?parent=2"}],"curies":[{"name":"wp","href":"https:\/\/api.w.org\/{rel}","templated":true}]}}