{"id":12,"date":"2014-04-07T15:44:56","date_gmt":"2014-04-07T13:44:56","guid":{"rendered":"http:\/\/integra-netz.de\/verein\/lembapresse-tv\/?page_id=12"},"modified":"2017-04-28T16:11:13","modified_gmt":"2017-04-28T14:11:13","slug":"aktivitaeten","status":"publish","type":"page","link":"http:\/\/integra-netz.de\/verein\/lembapresse-tv\/aktivitaeten\/","title":{"rendered":"Aktivit\u00e4ten"},"content":{"rendered":"<p>Als gemeinn\u00fctziger Verein m\u00f6chten wir junge D\u00fcrener bei der beruflichen Orientierung im Bereich der Medienberufe\u00a0unterst\u00fctzen und sie an Ausbildungsberufe im Bereich audiovisueller Technik heranf\u00fchren: Filmarbeit, Videoproduktion, Tontechnik, Kommunikationswesen.<\/p>\n<p style=\"text-align: justify;\"><strong>Zweck des Vereins<\/strong>:<\/p>\n<p style=\"text-align: justify;\">Der Zweck des Vereins ist die F\u00f6rderung internationaler Gesinnung, der Toleranz auf allen Gebieten der Kultur und des V\u00f6lkerverst\u00e4ndigungsgedankens, die F\u00f6rderung der Erziehung, Volks- und Berufsbildung ein-schlie\u00dflich der Studentenhilfe, die F\u00f6rderung der Entwicklungszusammenarbeit, die F\u00f6rderung von Kunst und Kultur.<\/p>\n<p style=\"text-align: justify;\">Der Satzungszweck wird verwirklicht insbesondere durch:<\/p>\n<ul>\n<li>Heranf\u00fchren an die Kulturangebote der Stadt D\u00fcren, begleitet durch die Bewusstmachung der eigenen Kultur und ihrer Pr\u00e4sentation in der \u00d6ffentlichkeit: Organisation von Kulturfesten und landeskundlichen Veranstaltungen, Umsetzung kultureller Aktivit\u00e4ten im Bereich Theater, Film, Tanz, Literatur\/Dichtung, Shows, wozu auch K\u00fcnstler aus der Partnergemeinde <em>Lemba\/<\/em> Demokratische Republik Kongo RDC\/Kinshasa eingeladen werden, aus der viele der Gr\u00fcndungsmitglieder stammen.<\/li>\n<li>Organisation von Konferenzen zu verschiedenen Themen: Integration kongolesischer Familien in die hiesige Gesellschaft, Integration und Arbeitsmarkt, Lebensstile in Afrika und Europa.<\/li>\n<li>F\u00f6rderung des Ideenaustausches zwischen Gruppen, Organisationen und anderen Vereinen: Einbettung des Vereins in vorhandene Netzwerke in Stadt und Kreis D\u00fcren.<\/li>\n<li>F\u00f6rderung des Informations- und Wissenstransfers: Unser Ziel ist es, junge D\u00fcrenern bei der beruflichen Orientierung im Bereich der Medienberufe zu unterst\u00fctzen, wo es in Deutschland eine Vielzahl an Ausbildungs- und Studienm\u00f6glichkeiten gibt (Kommunikationsdesign, Mediendesign, Medieninformatik, Medienmanagement, Medienwirtschaft, Medienwissenschaft, Medienp\u00e4dagogik\/ Medienexperten f\u00fcr die Werbung, \u00d6ffentlichkeitsarbeit, Kommunikation).<\/li>\n<li>Einige Absolventen k\u00f6nnen dann im Bereich Audio-Visueller Technik (Filmarbeit, Videos anfertigen, Tontechnik, Kommunikationswesen) in D\u00fcren eingesetzt werden: Sie k\u00f6nnen direkt f\u00fcr Lemba Presse-TV e.V. arbeiten und Kontakt aufnehmen zu\u00a0 anderen Akteuren, z.B. dem Tonstudio im Jugendzentrum MultiKulti (Sounds and Colors, D. Jungbluth)), wo Jugendliche mit der Produktion von Musik- und Videos sinnvoll ihre Freizeit nutzen k\u00f6nnen.<\/li>\n<li>Andere Absolventen k\u00f6nnen f\u00fcr einen Wissenstransfer nach Lemba sorgen, in dem sie vor Ort Hilfsprojekte im Bereich Audio-visueller Technik f\u00fcr junge Kongolesen unterst\u00fctzen: Entwicklung und Aufbau von Webseiten, Ausbildung zum Webmaster.<\/li>\n<li>Die Arbeit wird begleitet von der Integrationsagentur (Caf\u00e9 International der Evang. Gemeinde zu D\u00fcren). Lemba Presse kann bei der Weiterentwicklung der Webseite \u201cDie Welt zu Hause im Kreis D\u00fcren\u201c (<a href=\"http:\/\/www.integra-netz.de\">integra-netz.de<\/a>) behilflich sein und so die Netzwerkarbeit der Vereine f\u00f6rdern.<\/li>\n<\/ul>\n<p>&nbsp;<\/p>\n","protected":false},"excerpt":{"rendered":"<p>Als gemeinn\u00fctziger Verein m\u00f6chten wir junge D\u00fcrener bei der beruflichen Orientierung im Bereich der Medienberufe\u00a0unterst\u00fctzen und sie an Ausbildungsberufe im Bereich audiovisueller Technik heranf\u00fchren: Filmarbeit, Videoproduktion, Tontechnik, Kommunikationswesen. Zweck des Vereins: Der Zweck des Vereins ist die F\u00f6rderung internationaler Gesinnung, der Toleranz auf allen Gebieten der Kultur und des V\u00f6lkerverst\u00e4ndigungsgedankens, die F\u00f6rderung der Erziehung, Volks- &hellip; <\/p>\n<p class=\"link-more\"><a href=\"http:\/\/integra-netz.de\/verein\/lembapresse-tv\/aktivitaeten\/\" class=\"more-link\"><span class=\"screen-reader-text\">\u201eAktivit\u00e4ten\u201c<\/span> weiterlesen<\/a><\/p>\n","protected":false},"author":1,"featured_media":0,"parent":0,"menu_order":0,"comment_status":"closed","ping_status":"closed","template":"","meta":{"footnotes":""},"class_list":["post-12","page","type-page","status-publish","hentry"],"_links":{"self":[{"href":"http:\/\/integra-netz.de\/verein\/lembapresse-tv\/wp-json\/wp\/v2\/pages\/12","targetHints":{"allow":["GET"]}}],"collection":[{"href":"http:\/\/integra-netz.de\/verein\/lembapresse-tv\/wp-json\/wp\/v2\/pages"}],"about":[{"href":"http:\/\/integra-netz.de\/verein\/lembapresse-tv\/wp-json\/wp\/v2\/types\/page"}],"author":[{"embeddable":true,"href":"http:\/\/integra-netz.de\/verein\/lembapresse-tv\/wp-json\/wp\/v2\/users\/1"}],"replies":[{"embeddable":true,"href":"http:\/\/integra-netz.de\/verein\/lembapresse-tv\/wp-json\/wp\/v2\/comments?post=12"}],"version-history":[{"count":5,"href":"http:\/\/integra-netz.de\/verein\/lembapresse-tv\/wp-json\/wp\/v2\/pages\/12\/revisions"}],"predecessor-version":[{"id":49,"href":"http:\/\/integra-netz.de\/verein\/lembapresse-tv\/wp-json\/wp\/v2\/pages\/12\/revisions\/49"}],"wp:attachment":[{"href":"http:\/\/integra-netz.de\/verein\/lembapresse-tv\/wp-json\/wp\/v2\/media?parent=12"}],"curies":[{"name":"wp","href":"https:\/\/api.w.org\/{rel}","templated":true}]}}