{"id":12,"date":"2017-04-27T15:44:56","date_gmt":"2017-04-27T13:44:56","guid":{"rendered":"http:\/\/integra-netz.de\/verein\/lebonberger\/?page_id=12"},"modified":"2017-05-05T15:36:20","modified_gmt":"2017-05-05T13:36:20","slug":"aktivitaeten","status":"publish","type":"page","link":"http:\/\/integra-netz.de\/verein\/lebonberger\/aktivitaeten\/","title":{"rendered":"Aktivit\u00e4ten"},"content":{"rendered":"<p><b>Aktivit\u00e4ten<\/b>:<br \/>\nUnser Verein f\u00fchrt schwerpunktm\u00e4\u00dfig folgende Aktivit\u00e4ten durch:<\/p>\n<ul>\n<li>Es werden regelm\u00e4\u00dfig\u00a0 dienstags und freitags (18.00 \u2013 20.00 Uhr) \u00a0in den R\u00e4umlichkeiten unseres Vereinssitzes, An der Pulverm\u00fchle 4 A, 52349 D\u00fcren unsere Bibelstudien (\u201censeignement biblique\u201c) f\u00fcr\u00a0 Vereinsmitglieder, sowohl f\u00fcr Kinder\u00a0 (7 \u2013 16J.) wie Erwachsene,\u00a0 abgehalten.<\/li>\n<\/ul>\n<p>Die Leitung obliegt dem Vorsitzenden und Pastor, Herrn Pierre Ilunga sowie Herrn Bioko Basunga (stellv. Vorsitzender).<\/p>\n<p>In den Bibelstunden werden die Kinder mit den Erz\u00e4hlungen der Bibel (AT (altes Testament) und NT (Neues Testament) vertraut gemacht, z. T. unter zu Hilfenahme von Bildern. Die Kinder sollten hierbei vor allem die moralischen Gebote der Bibel kennenlernen, damit sie in die Lage versetzt werden, sich sp\u00e4ter f\u00fcr die Gesellschaft nutzbringend einzusetzen.<\/p>\n<p>Auch den Erwachsenen werden die g\u00f6ttlichen Gebote und der Respekt vor den Autorit\u00e4ten nahegebracht.<\/p>\n<ul>\n<li>Im Bereich der Bildung organisieren wir f\u00fcr unsere Vereinsmitglieder PC \u2013 Schulungen:\n<ul>\n<li>Internet<\/li>\n<li>Textverarbeitung \/Word Office<\/li>\n<li>Excel<\/li>\n<\/ul>\n<\/li>\n<\/ul>\n<p>An unserem Vereinssitz haben wir hierzu einen Schulungsraum mit Computerarbeits-pl\u00e4tzen eingerichtet.<\/p>\n<p><b>Zweck des Vereins<\/b>:<br \/>\nZweck des Vereins ist die F\u00f6rderung der Religion auf der Grundlage des biblischen Glaubens.<\/p>\n<p>Der Satzungszweck wird verwirklicht insbesondere durch:<\/p>\n<p>Heranf\u00fchren der Kinder und Jugendliche an die moralischen Gebote der Bibel; da diese Gebote auch das Fundament unserer Gesellschaft bilden, k\u00f6nnen die Kinder zu n\u00fctzlichen Mitgliedern der Gesellschaft heranwachsen.<\/p>\n<ul>\n<li>Es werden hierzu regelm\u00e4\u00dfige Bibelkurse und Bibelseminare abgehalten<\/li>\n<li>Die intellektuelle Entwicklung der Kinder und Jugendlichen soll gef\u00f6rdert werden, in dem sie mit den modernen Informationsmedien (Computer\/Internet) vertraut gemacht und der Verein enstprechende Kurse vermittelt.<\/li>\n<\/ul>\n","protected":false},"excerpt":{"rendered":"<p>Aktivit\u00e4ten: Unser Verein f\u00fchrt schwerpunktm\u00e4\u00dfig folgende Aktivit\u00e4ten durch: Es werden regelm\u00e4\u00dfig\u00a0 dienstags und freitags (18.00 \u2013 20.00 Uhr) \u00a0in den R\u00e4umlichkeiten unseres Vereinssitzes, An der Pulverm\u00fchle 4 A, 52349 D\u00fcren unsere Bibelstudien (\u201censeignement biblique\u201c) f\u00fcr\u00a0 Vereinsmitglieder, sowohl f\u00fcr Kinder\u00a0 (7 \u2013 16J.) wie Erwachsene,\u00a0 abgehalten. Die Leitung obliegt dem Vorsitzenden und Pastor, Herrn Pierre Ilunga &hellip; <\/p>\n<p class=\"link-more\"><a href=\"http:\/\/integra-netz.de\/verein\/lebonberger\/aktivitaeten\/\" class=\"more-link\"><span class=\"screen-reader-text\">\u201eAktivit\u00e4ten\u201c<\/span> weiterlesen<\/a><\/p>\n","protected":false},"author":1,"featured_media":0,"parent":0,"menu_order":0,"comment_status":"closed","ping_status":"closed","template":"","meta":{"footnotes":""},"class_list":["post-12","page","type-page","status-publish","hentry"],"_links":{"self":[{"href":"http:\/\/integra-netz.de\/verein\/lebonberger\/wp-json\/wp\/v2\/pages\/12","targetHints":{"allow":["GET"]}}],"collection":[{"href":"http:\/\/integra-netz.de\/verein\/lebonberger\/wp-json\/wp\/v2\/pages"}],"about":[{"href":"http:\/\/integra-netz.de\/verein\/lebonberger\/wp-json\/wp\/v2\/types\/page"}],"author":[{"embeddable":true,"href":"http:\/\/integra-netz.de\/verein\/lebonberger\/wp-json\/wp\/v2\/users\/1"}],"replies":[{"embeddable":true,"href":"http:\/\/integra-netz.de\/verein\/lebonberger\/wp-json\/wp\/v2\/comments?post=12"}],"version-history":[{"count":10,"href":"http:\/\/integra-netz.de\/verein\/lebonberger\/wp-json\/wp\/v2\/pages\/12\/revisions"}],"predecessor-version":[{"id":54,"href":"http:\/\/integra-netz.de\/verein\/lebonberger\/wp-json\/wp\/v2\/pages\/12\/revisions\/54"}],"wp:attachment":[{"href":"http:\/\/integra-netz.de\/verein\/lebonberger\/wp-json\/wp\/v2\/media?parent=12"}],"curies":[{"name":"wp","href":"https:\/\/api.w.org\/{rel}","templated":true}]}}