{"id":196,"date":"2021-02-12T21:35:17","date_gmt":"2021-02-12T20:35:17","guid":{"rendered":"http:\/\/integra-netz.de\/verein\/kurdischsyrischerhilfsvereinfuerfluechtlingeev\/?page_id=196"},"modified":"2021-02-12T22:27:32","modified_gmt":"2021-02-12T21:27:32","slug":"integrationsbausteine-ein-elternbildungsangebot-des-deutschen-kinderschutzbundes-dksb","status":"publish","type":"page","link":"http:\/\/integra-netz.de\/verein\/kurdischsyrischerhilfsvereinfuerfluechtlingeev\/integrationsbausteine-ein-elternbildungsangebot-des-deutschen-kinderschutzbundes-dksb\/","title":{"rendered":"Integrationsbausteine: Ein Elternbildungsangebot des Deutschen Kinderschutzbundes (DKSB)"},"content":{"rendered":"\n<p>Das Bundesministerium f\u00fcr Familie, Senioren, Frauen und Jugend f\u00f6rderte 2019 insgesamt 30 Elternkurse &#8222;Integrationsbausteine&#8220; und beauftragte den Deutschen Kinderschutzbund Bundesverband e. V. mit der Umsetzung.<\/p>\n\n\n\n<p>Unser Verein setzte das Kurskonzept im Caf\u00e9 International und im &#8222;Dachverband MSO D\u00fcren e.V. &#8220; um.\u00a0<\/p>\n\n\n\n<div class=\"wp-block-image\"><figure class=\"aligncenter size-large is-resized\"><a href=\"http:\/\/integra-netz.de\/verein\/kurdischsyrischerhilfsvereinfuerfluechtlingeev\/wp-content\/uploads\/sites\/30\/2021\/02\/Fener-und-Vasuki-2_171958.jpg\"><img loading=\"lazy\" decoding=\"async\" src=\"http:\/\/integra-netz.de\/verein\/kurdischsyrischerhilfsvereinfuerfluechtlingeev\/wp-content\/uploads\/sites\/30\/2021\/02\/Fener-und-Vasuki-2_171958.jpg\" alt=\"\" class=\"wp-image-212\" width=\"199\" height=\"290\" srcset=\"http:\/\/integra-netz.de\/verein\/kurdischsyrischerhilfsvereinfuerfluechtlingeev\/wp-content\/uploads\/sites\/30\/2021\/02\/Fener-und-Vasuki-2_171958.jpg 414w, http:\/\/integra-netz.de\/verein\/kurdischsyrischerhilfsvereinfuerfluechtlingeev\/wp-content\/uploads\/sites\/30\/2021\/02\/Fener-und-Vasuki-2_171958-206x300.jpg 206w\" sizes=\"auto, (max-width: 199px) 100vw, 199px\" \/><\/a><\/figure><\/div>\n\n\n\n<p>Zuvor hatten jeweils 2 Vereinsleute eine Schulung des DKSB erhalten. Einen Bericht hierzu finden Sie auf der Seite &#8222;Was ist los im Kreis D\u00fcren&#8220; auf dieser Webseite.<\/p>\n\n\n\n<p><a href=\"https:\/\/www.integra-netz.de\/event\/integrationsbausteine-ein-elternbildungsangebot-des-deutschen-kinderschutzbundes-dksb.html\">Integrationsbausteine: Ein Elternbildungsangebot des Deutschen Kinderschutzbundes (DKSB) &#8211; Integra-Netz | Die Welt zu Hause in Kreis D\u00fcren (integra-netz.de)<\/a><\/p>\n\n\n\n<p>Das Kurskonzept des DKSB, wurde in 8 aufeinander aufbauende Kurseinheiten  in einem wiederkehrenden, strukturierten Ablauf umgesetzt.<\/p>\n\n\n\n<p>Die Kursleiter arbeiteten Kernaussagen f\u00fcr die Eltern heraus und \u00fcbermittelten den Eltern diese in einfacher und verst\u00e4ndlicher Weise. Die einzelnen Kurseinheiten sind in verschiedene inhaltliche Themen unterteilt; sie k\u00f6nnen an den Bed\u00fcrfnissen der teilnehmenden Eltern mit ihren auch sehr unterschiedlichen kulturellen sowie sprachlichen Hintergr\u00fcnden gewichtet werden.<\/p>\n\n\n\n<p>Die Kurse waren sehr beliebt; ca. <strong>20<\/strong> TeilnehmerInnen (Eltern) kamen regelm\u00e4\u00dfig.<\/p>\n\n\n\n<div class=\"wp-block-image\"><figure class=\"aligncenter size-large is-resized\"><a href=\"http:\/\/integra-netz.de\/verein\/kurdischsyrischerhilfsvereinfuerfluechtlingeev\/wp-content\/uploads\/sites\/30\/2021\/02\/20180712_165520.jpg\"><img loading=\"lazy\" decoding=\"async\" src=\"http:\/\/integra-netz.de\/verein\/kurdischsyrischerhilfsvereinfuerfluechtlingeev\/wp-content\/uploads\/sites\/30\/2021\/02\/20180712_165520-866x1024.jpg\" alt=\"\" class=\"wp-image-209\" width=\"332\" height=\"392\" srcset=\"http:\/\/integra-netz.de\/verein\/kurdischsyrischerhilfsvereinfuerfluechtlingeev\/wp-content\/uploads\/sites\/30\/2021\/02\/20180712_165520-866x1024.jpg 866w, http:\/\/integra-netz.de\/verein\/kurdischsyrischerhilfsvereinfuerfluechtlingeev\/wp-content\/uploads\/sites\/30\/2021\/02\/20180712_165520-254x300.jpg 254w, http:\/\/integra-netz.de\/verein\/kurdischsyrischerhilfsvereinfuerfluechtlingeev\/wp-content\/uploads\/sites\/30\/2021\/02\/20180712_165520-768x908.jpg 768w, http:\/\/integra-netz.de\/verein\/kurdischsyrischerhilfsvereinfuerfluechtlingeev\/wp-content\/uploads\/sites\/30\/2021\/02\/20180712_165520-1300x1536.jpg 1300w, http:\/\/integra-netz.de\/verein\/kurdischsyrischerhilfsvereinfuerfluechtlingeev\/wp-content\/uploads\/sites\/30\/2021\/02\/20180712_165520-1733x2048.jpg 1733w\" sizes=\"auto, (max-width: 332px) 100vw, 332px\" \/><\/a><\/figure><\/div>\n","protected":false},"excerpt":{"rendered":"<p>Das Bundesministerium f\u00fcr Familie, Senioren, Frauen und Jugend f\u00f6rderte 2019 insgesamt 30 Elternkurse &#8222;Integrationsbausteine&#8220; und beauftragte den Deutschen Kinderschutzbund Bundesverband e. V. mit der Umsetzung. Unser Verein setzte das Kurskonzept im Caf\u00e9 International und im &#8222;Dachverband MSO D\u00fcren e.V. &#8220; um.\u00a0 Zuvor hatten jeweils 2 Vereinsleute eine Schulung des DKSB erhalten. Einen Bericht hierzu finden &hellip; <\/p>\n<p class=\"link-more\"><a href=\"http:\/\/integra-netz.de\/verein\/kurdischsyrischerhilfsvereinfuerfluechtlingeev\/integrationsbausteine-ein-elternbildungsangebot-des-deutschen-kinderschutzbundes-dksb\/\" class=\"more-link\"><span class=\"screen-reader-text\">\u201eIntegrationsbausteine: Ein Elternbildungsangebot des Deutschen Kinderschutzbundes (DKSB)\u201c<\/span> weiterlesen<\/a><\/p>\n","protected":false},"author":35,"featured_media":0,"parent":0,"menu_order":0,"comment_status":"closed","ping_status":"closed","template":"","meta":{"footnotes":""},"class_list":["post-196","page","type-page","status-publish","hentry"],"_links":{"self":[{"href":"http:\/\/integra-netz.de\/verein\/kurdischsyrischerhilfsvereinfuerfluechtlingeev\/wp-json\/wp\/v2\/pages\/196","targetHints":{"allow":["GET"]}}],"collection":[{"href":"http:\/\/integra-netz.de\/verein\/kurdischsyrischerhilfsvereinfuerfluechtlingeev\/wp-json\/wp\/v2\/pages"}],"about":[{"href":"http:\/\/integra-netz.de\/verein\/kurdischsyrischerhilfsvereinfuerfluechtlingeev\/wp-json\/wp\/v2\/types\/page"}],"author":[{"embeddable":true,"href":"http:\/\/integra-netz.de\/verein\/kurdischsyrischerhilfsvereinfuerfluechtlingeev\/wp-json\/wp\/v2\/users\/35"}],"replies":[{"embeddable":true,"href":"http:\/\/integra-netz.de\/verein\/kurdischsyrischerhilfsvereinfuerfluechtlingeev\/wp-json\/wp\/v2\/comments?post=196"}],"version-history":[{"count":3,"href":"http:\/\/integra-netz.de\/verein\/kurdischsyrischerhilfsvereinfuerfluechtlingeev\/wp-json\/wp\/v2\/pages\/196\/revisions"}],"predecessor-version":[{"id":213,"href":"http:\/\/integra-netz.de\/verein\/kurdischsyrischerhilfsvereinfuerfluechtlingeev\/wp-json\/wp\/v2\/pages\/196\/revisions\/213"}],"wp:attachment":[{"href":"http:\/\/integra-netz.de\/verein\/kurdischsyrischerhilfsvereinfuerfluechtlingeev\/wp-json\/wp\/v2\/media?parent=196"}],"curies":[{"name":"wp","href":"https:\/\/api.w.org\/{rel}","templated":true}]}}