{"id":153,"date":"2019-08-14T16:41:17","date_gmt":"2019-08-14T14:41:17","guid":{"rendered":"http:\/\/integra-netz.de\/verein\/kurdischsyrischerhilfsvereinfuerfluechtlingeev\/?page_id=153"},"modified":"2021-02-12T21:44:47","modified_gmt":"2021-02-12T20:44:47","slug":"projekt-der-anschubfoerderung-2","status":"publish","type":"page","link":"http:\/\/integra-netz.de\/verein\/kurdischsyrischerhilfsvereinfuerfluechtlingeev\/projekt-der-anschubfoerderung-2\/","title":{"rendered":"Projekt der Anschubf\u00f6rderung 2019\/20"},"content":{"rendered":"\n<figure class=\"wp-block-image size-large is-resized\"><a href=\"http:\/\/integra-netz.de\/verein\/kurdischsyrischerhilfsvereinfuerfluechtlingeev\/wp-content\/uploads\/sites\/30\/2021\/02\/MKFFI.png\"><img loading=\"lazy\" decoding=\"async\" src=\"http:\/\/integra-netz.de\/verein\/kurdischsyrischerhilfsvereinfuerfluechtlingeev\/wp-content\/uploads\/sites\/30\/2021\/02\/MKFFI.png\" alt=\"\" class=\"wp-image-191\" width=\"258\" height=\"48\" srcset=\"http:\/\/integra-netz.de\/verein\/kurdischsyrischerhilfsvereinfuerfluechtlingeev\/wp-content\/uploads\/sites\/30\/2021\/02\/MKFFI.png 854w, http:\/\/integra-netz.de\/verein\/kurdischsyrischerhilfsvereinfuerfluechtlingeev\/wp-content\/uploads\/sites\/30\/2021\/02\/MKFFI-300x57.png 300w, http:\/\/integra-netz.de\/verein\/kurdischsyrischerhilfsvereinfuerfluechtlingeev\/wp-content\/uploads\/sites\/30\/2021\/02\/MKFFI-768x147.png 768w\" sizes=\"auto, (max-width: 258px) 100vw, 258px\" \/><\/a><\/figure>\n\n\n\n<p>F\u00f6rderphase 2019\/20<\/p>\n\n\n\n<p><strong>Zeitraum 07.02.19 \u2013 31.12.19<\/strong><\/p>\n\n\n\n<p>In der vorangegangenen Projektphase 2017\/18 wurden bereits die notwendigen Rahmenbedingungen geschaffen:<\/p>\n\n\n\n<p>In unserem Gemeinschaftsraum und in unserem B\u00fcroraum im Dachverband setzten wir einen Teil unserer Projektaktivit\u00e4ten um. Am gemeinsamen Vereinssitz intensivierte sich die Zusammenarbeit mit den anderen Gr\u00fcndungsvereinen.<\/p>\n\n\n\n<ul class=\"wp-block-list\"><li>\u00d6zdangalla nordkaukasischer Kultur- und Freundschaftsverein e.V.<\/li><li>Eritreischer Verein f\u00fcr Frieden e.V.<\/li><li>Tamil Makkal Kulturverein e.V.<\/li><\/ul>\n\n\n\n<p>Dar\u00fcber hinaus wurde eine weitere MSO in unsere Projektaktivit\u00e4ten, insbesondere in die Veranstaltung des \u201cFest der Kulturen\u201c am 26.09.2019&nbsp; eingebunden,<\/p>\n\n\n\n<p>=&gt; IKSK e.V. (Irakisch- Kurdischer Sport- und Kulturverein e.V.)<\/p>\n\n\n\n<p>Die Kontaktaufnahme zur Zielgruppe, d.i. Neuzuwanderer\/Gefl\u00fcchtete in den Asylbewerberunterk\u00fcnften in Stadt und Kreis D\u00fcren und bereits l\u00e4nger in Deutschland lebende Zuwanderer-Innen mit Bleiberecht, erfolgt zum Teil durch Besuche der Zielgruppe im DV, durch Seminare und Schulungen vor Ort und im DV.<\/p>\n\n\n\n<p>Hierbei erhielt unser Verein wieder die Unterst\u00fctzung von der Integrationsagentur, Familienbildungsst\u00e4tte, Zentrum f\u00fcr Sozial- und Migrationsberatung (ZSM). Mit ihrer Hilfe und Mitarbeiterinnen des Sozialamtes (in 3 Integrationsr\u00e4umen &#8211; AiD \u2013 Projekt Ankommen in D\u00fcren) und Sozialbetreuer und Leitung der Asylbewerberheime erhielten unsere Vereinsmitglieder Zugang zu den HeimbewohnerInnen.<\/p>\n\n\n\n<p>Unser Kooperationspartner, die Integrationsagentur der Evang. Gemeinde D\u00fcren, vermittelte unserem Verein nach Bedarf eine R\u00e4umlichkeit (Caf\u00e9 International, meistens am Sonntag, 16.00 \u2013 19.00 Uhr), in der unser Verein geplante Aktivit\u00e4ten umsetzen konnte.<\/p>\n\n\n\n<p>Ab Februar 2019 f\u00fchrten wir dort Aktivit\u00e4ten durch, wenn der Platz im Gemeinschaftsnutzungsraum im Dachverband wegen der Teilnehmerzahl, ab ca. 15 Leuten, nicht f\u00fcr die Ma\u00dfnahmen ausreichte.<\/p>\n\n\n\n<p><strong><u>Musik \u2013 und Tanzworkshops<\/u><\/strong><\/p>\n\n\n\n<p>Kontinuierlich wurden die beiden zentralen Projekte an mehreren Terminen monatlich (vgl. Anlage 1, Musikgruppe und Anlage 2, Tanzgruppe) umgesetzt:<\/p>\n\n\n\n<p>In der Musikgruppe lernten die TeilnehmerInnen (ca. 10 \u2013 15) unter Anleitung von zwei ausgebildeten Musikern an der Saz und \u00fcbten gemeinsame Volkslieder. In der Tanzgruppe wurden kurdische Folkloret\u00e4nze in traditionellen Landestrachten einstudiert. Au\u00dferdem wurde Chor f\u00fcr Kinder und Erwachsene gebildet. Die Musik- und Tanzgruppen pr\u00e4sentierten erfolgreich in der Folgezeit das Erlernte bei etlichen vom Verein organisierten interkulturellen Begegnungsfesten (s.u.).<\/p>\n\n\n\n<figure class=\"wp-block-image size-large\"><a href=\"http:\/\/integra-netz.de\/verein\/kurdischsyrischerhilfsvereinfuerfluechtlingeev\/wp-content\/uploads\/sites\/30\/2021\/02\/Newroz-2019.jpg\"><img loading=\"lazy\" decoding=\"async\" width=\"400\" height=\"500\" src=\"http:\/\/integra-netz.de\/verein\/kurdischsyrischerhilfsvereinfuerfluechtlingeev\/wp-content\/uploads\/sites\/30\/2021\/02\/Newroz-2019.jpg\" alt=\"\" class=\"wp-image-201\" srcset=\"http:\/\/integra-netz.de\/verein\/kurdischsyrischerhilfsvereinfuerfluechtlingeev\/wp-content\/uploads\/sites\/30\/2021\/02\/Newroz-2019.jpg 400w, http:\/\/integra-netz.de\/verein\/kurdischsyrischerhilfsvereinfuerfluechtlingeev\/wp-content\/uploads\/sites\/30\/2021\/02\/Newroz-2019-240x300.jpg 240w\" sizes=\"auto, (max-width: 400px) 100vw, 400px\" \/><\/a><\/figure>\n\n\n\n<p>Etliche der TeilnehmerInnen nahmen auch teil an den organisierten Ausfl\u00fcgen zu verschiedenen sozialen und kulturellen Einrichtungen im Kreis D\u00fcren (s.u.).<\/p>\n\n\n\n<p>Die workshops boten insbesondere den Gefl\u00fcchteten der Enge der Asylheime zu entkommen und ihre Freizeit sinnvoll zu gestalten.<\/p>\n\n\n\n<p><\/p>\n","protected":false},"excerpt":{"rendered":"<p>F\u00f6rderphase 2019\/20 Zeitraum 07.02.19 \u2013 31.12.19 In der vorangegangenen Projektphase 2017\/18 wurden bereits die notwendigen Rahmenbedingungen geschaffen: In unserem Gemeinschaftsraum und in unserem B\u00fcroraum im Dachverband setzten wir einen Teil unserer Projektaktivit\u00e4ten um. Am gemeinsamen Vereinssitz intensivierte sich die Zusammenarbeit mit den anderen Gr\u00fcndungsvereinen. \u00d6zdangalla nordkaukasischer Kultur- und Freundschaftsverein e.V. Eritreischer Verein f\u00fcr Frieden e.V. &hellip; <\/p>\n<p class=\"link-more\"><a href=\"http:\/\/integra-netz.de\/verein\/kurdischsyrischerhilfsvereinfuerfluechtlingeev\/projekt-der-anschubfoerderung-2\/\" class=\"more-link\"><span class=\"screen-reader-text\">\u201eProjekt der Anschubf\u00f6rderung 2019\/20\u201c<\/span> weiterlesen<\/a><\/p>\n","protected":false},"author":35,"featured_media":0,"parent":0,"menu_order":0,"comment_status":"closed","ping_status":"closed","template":"","meta":{"footnotes":""},"class_list":["post-153","page","type-page","status-publish","hentry"],"_links":{"self":[{"href":"http:\/\/integra-netz.de\/verein\/kurdischsyrischerhilfsvereinfuerfluechtlingeev\/wp-json\/wp\/v2\/pages\/153","targetHints":{"allow":["GET"]}}],"collection":[{"href":"http:\/\/integra-netz.de\/verein\/kurdischsyrischerhilfsvereinfuerfluechtlingeev\/wp-json\/wp\/v2\/pages"}],"about":[{"href":"http:\/\/integra-netz.de\/verein\/kurdischsyrischerhilfsvereinfuerfluechtlingeev\/wp-json\/wp\/v2\/types\/page"}],"author":[{"embeddable":true,"href":"http:\/\/integra-netz.de\/verein\/kurdischsyrischerhilfsvereinfuerfluechtlingeev\/wp-json\/wp\/v2\/users\/35"}],"replies":[{"embeddable":true,"href":"http:\/\/integra-netz.de\/verein\/kurdischsyrischerhilfsvereinfuerfluechtlingeev\/wp-json\/wp\/v2\/comments?post=153"}],"version-history":[{"count":6,"href":"http:\/\/integra-netz.de\/verein\/kurdischsyrischerhilfsvereinfuerfluechtlingeev\/wp-json\/wp\/v2\/pages\/153\/revisions"}],"predecessor-version":[{"id":202,"href":"http:\/\/integra-netz.de\/verein\/kurdischsyrischerhilfsvereinfuerfluechtlingeev\/wp-json\/wp\/v2\/pages\/153\/revisions\/202"}],"wp:attachment":[{"href":"http:\/\/integra-netz.de\/verein\/kurdischsyrischerhilfsvereinfuerfluechtlingeev\/wp-json\/wp\/v2\/media?parent=153"}],"curies":[{"name":"wp","href":"https:\/\/api.w.org\/{rel}","templated":true}]}}