{"id":12,"date":"2014-04-07T15:44:56","date_gmt":"2014-04-07T13:44:56","guid":{"rendered":"http:\/\/integra-netz.de\/verein\/kurdischsyrischerhilfsvereinfuerfluechtlingeev\/?page_id=12"},"modified":"2021-02-12T21:08:07","modified_gmt":"2021-02-12T20:08:07","slug":"aktivitaeten","status":"publish","type":"page","link":"http:\/\/integra-netz.de\/verein\/kurdischsyrischerhilfsvereinfuerfluechtlingeev\/aktivitaeten\/","title":{"rendered":"Aktivit\u00e4ten"},"content":{"rendered":"<p>Angebote f\u00fcr Fl\u00fcchtlinge in den st\u00e4dtischen Asylbewerberheimen:<\/p>\n<ul>\n<li>Vermittlung in die Integrations\/Sprachkurse.<\/li>\n<li>Eigene muttersprachliche Kurse (Arabisch\/Kurdisch)<\/li>\n<li>Hilfe bei Beh\u00f6rdeng\u00e4ngen<\/li>\n<li>Dolmetschen, \u00dcbersetzen von Dokumenten<\/li>\n<li>Bereitstellung von Hilfsmaterialien, z.B. Brosch\u00fcren in arabisch-kurdischer Sprache<\/li>\n<li>Hilfe beim Zugang zum Internet.<\/li>\n<li>Hilfe bei schulischen und beruflichen Problemen und in Notsituationen<\/li>\n<li>Heranf\u00fchren an sportliche Angebote, Kontakt zu Sportvereinen in D\u00fcren<\/li>\n<li>Einladung zu Kultur \u2013 Veranstaltungen<\/li>\n<li>Orientierung in der Stadt D\u00fcren<\/li>\n<li>Teilnahme an Musikkursen<\/li>\n<\/ul>\n<p><img loading=\"lazy\" decoding=\"async\" class=\"alignnone size-medium wp-image-58 aligncenter\" src=\"http:\/\/integra-netz.de\/verein\/kurdischsyrischerhilfsvereinfuerfluechtlingeev\/wp-content\/uploads\/sites\/30\/2014\/04\/Mitgliederversammlung-22.01.17-225x300.jpg\" alt=\"\" width=\"225\" height=\"300\" srcset=\"http:\/\/integra-netz.de\/verein\/kurdischsyrischerhilfsvereinfuerfluechtlingeev\/wp-content\/uploads\/sites\/30\/2014\/04\/Mitgliederversammlung-22.01.17-225x300.jpg 225w, http:\/\/integra-netz.de\/verein\/kurdischsyrischerhilfsvereinfuerfluechtlingeev\/wp-content\/uploads\/sites\/30\/2014\/04\/Mitgliederversammlung-22.01.17.jpg 480w\" sizes=\"auto, (max-width: 225px) 100vw, 225px\" \/><b>Zweck des Vereins<\/b>:<\/p>\n<ul>\n<li>F\u00f6rderung der Integration nach D\u00fcren neu zugewanderter syrischer Familien und Einzelpersonen.<\/li>\n<li>Hilfe bei der Vermittlung in die Integrations\/Sprachkurse.<\/li>\n<li>Heranf\u00fchren an andere Deutschkurse.<\/li>\n<li>Durchf\u00fchrung von muttersprachlichen Sprachkursen.<\/li>\n<li>Etablierung von Musikkursen.<\/li>\n<li>Unterst\u00fctzung von Personen mit geringen Deutschkenntnissen, insbesondere mittels<\/li>\n<li>Dolmetschen und \u00dcbersetzungshilfen.<\/li>\n<li>Rat- und Hilfestellung f\u00fcr die Familienangeh\u00f6rigen bei Beh\u00f6rdeng\u00e4ngen.<\/li>\n<li>Hilfsangebote f\u00fcr st\u00e4dtische und kreisweite Institutionen (z.B. Sozial\u00e4mter, Ausl\u00e4nderbeh\u00f6rde): Dolmetschen, \u00dcbersetzen von Dokumenten, Kontaktaufnahme zu Fl\u00fcchtlingen.<\/li>\n<li>Orientierungsangebote f\u00fcr neuzugewanderte syrische Asylbewerber.<\/li>\n<li>Bereitstellung von Hilfsmaterialien, z.B. Brosch\u00fcren in arabisch-kurdischer Sprache f\u00fcr Neuzuwanderer.<\/li>\n<li>Organisation von kulturellen, landeskundlichen Veranstaltungen.<\/li>\n<li>Unterst\u00fctzung der Kinder und Jugendlichen syrischer Familien bei schulischen und beruflichen Problemen und in Notsituationen.<\/li>\n<li>Hilfestellung beim Zugang zum Internet.<\/li>\n<li>Heranf\u00fchren an sportliche Angebote, Kontaktaufnahme zu hiesigen Sportvereinen.<\/li>\n<li>F\u00f6rderung des Ideenaustausches zwischen Gruppen, Organisationen und anderen Vereinen.<\/li>\n<li>Einbettung des Vereins in vorhandene Netzwerke in der Stadt D\u00fcren.<\/li>\n<\/ul>\n<ul>\n<li>Unterst\u00fctzung von im Ausland lebenden Fl\u00fcchtlingen, Kriegsopfern und Vertriebenen durch vom Verein eingeworbene Spenden. Die Spenden werden auf das Vereinskonto eingezahlt und sind ausschlie\u00dflich f\u00fcr den benannten Spendenzweck einzusetzen.<\/li>\n<\/ul>\n<p>&nbsp;<\/p>\n\n\n<figure class=\"wp-block-image size-large\"><a href=\"http:\/\/integra-netz.de\/verein\/kurdischsyrischerhilfsvereinfuerfluechtlingeev\/wp-content\/uploads\/sites\/30\/2021\/02\/Seite-2.png\"><img loading=\"lazy\" decoding=\"async\" width=\"772\" height=\"835\" src=\"http:\/\/integra-netz.de\/verein\/kurdischsyrischerhilfsvereinfuerfluechtlingeev\/wp-content\/uploads\/sites\/30\/2021\/02\/Seite-2.png\" alt=\"\" class=\"wp-image-187\" srcset=\"http:\/\/integra-netz.de\/verein\/kurdischsyrischerhilfsvereinfuerfluechtlingeev\/wp-content\/uploads\/sites\/30\/2021\/02\/Seite-2.png 772w, http:\/\/integra-netz.de\/verein\/kurdischsyrischerhilfsvereinfuerfluechtlingeev\/wp-content\/uploads\/sites\/30\/2021\/02\/Seite-2-277x300.png 277w, http:\/\/integra-netz.de\/verein\/kurdischsyrischerhilfsvereinfuerfluechtlingeev\/wp-content\/uploads\/sites\/30\/2021\/02\/Seite-2-768x831.png 768w\" sizes=\"auto, (max-width: 767px) 89vw, (max-width: 1000px) 54vw, (max-width: 1071px) 543px, 580px\" \/><\/a><\/figure>\n\n\n\n<figure class=\"wp-block-image size-large\"><a href=\"http:\/\/integra-netz.de\/verein\/kurdischsyrischerhilfsvereinfuerfluechtlingeev\/wp-content\/uploads\/sites\/30\/2021\/02\/Seite-1.png\"><img loading=\"lazy\" decoding=\"async\" width=\"780\" height=\"834\" src=\"http:\/\/integra-netz.de\/verein\/kurdischsyrischerhilfsvereinfuerfluechtlingeev\/wp-content\/uploads\/sites\/30\/2021\/02\/Seite-1.png\" alt=\"\" class=\"wp-image-188\" srcset=\"http:\/\/integra-netz.de\/verein\/kurdischsyrischerhilfsvereinfuerfluechtlingeev\/wp-content\/uploads\/sites\/30\/2021\/02\/Seite-1.png 780w, http:\/\/integra-netz.de\/verein\/kurdischsyrischerhilfsvereinfuerfluechtlingeev\/wp-content\/uploads\/sites\/30\/2021\/02\/Seite-1-281x300.png 281w, http:\/\/integra-netz.de\/verein\/kurdischsyrischerhilfsvereinfuerfluechtlingeev\/wp-content\/uploads\/sites\/30\/2021\/02\/Seite-1-768x821.png 768w\" sizes=\"auto, (max-width: 767px) 89vw, (max-width: 1000px) 54vw, (max-width: 1071px) 543px, 580px\" \/><\/a><\/figure>\n","protected":false},"excerpt":{"rendered":"<p>Angebote f\u00fcr Fl\u00fcchtlinge in den st\u00e4dtischen Asylbewerberheimen: Vermittlung in die Integrations\/Sprachkurse. Eigene muttersprachliche Kurse (Arabisch\/Kurdisch) Hilfe bei Beh\u00f6rdeng\u00e4ngen Dolmetschen, \u00dcbersetzen von Dokumenten Bereitstellung von Hilfsmaterialien, z.B. Brosch\u00fcren in arabisch-kurdischer Sprache Hilfe beim Zugang zum Internet. Hilfe bei schulischen und beruflichen Problemen und in Notsituationen Heranf\u00fchren an sportliche Angebote, Kontakt zu Sportvereinen in D\u00fcren Einladung zu &hellip; <\/p>\n<p class=\"link-more\"><a href=\"http:\/\/integra-netz.de\/verein\/kurdischsyrischerhilfsvereinfuerfluechtlingeev\/aktivitaeten\/\" class=\"more-link\"><span class=\"screen-reader-text\">\u201eAktivit\u00e4ten\u201c<\/span> weiterlesen<\/a><\/p>\n","protected":false},"author":1,"featured_media":0,"parent":0,"menu_order":0,"comment_status":"closed","ping_status":"closed","template":"","meta":{"footnotes":""},"class_list":["post-12","page","type-page","status-publish","hentry"],"_links":{"self":[{"href":"http:\/\/integra-netz.de\/verein\/kurdischsyrischerhilfsvereinfuerfluechtlingeev\/wp-json\/wp\/v2\/pages\/12","targetHints":{"allow":["GET"]}}],"collection":[{"href":"http:\/\/integra-netz.de\/verein\/kurdischsyrischerhilfsvereinfuerfluechtlingeev\/wp-json\/wp\/v2\/pages"}],"about":[{"href":"http:\/\/integra-netz.de\/verein\/kurdischsyrischerhilfsvereinfuerfluechtlingeev\/wp-json\/wp\/v2\/types\/page"}],"author":[{"embeddable":true,"href":"http:\/\/integra-netz.de\/verein\/kurdischsyrischerhilfsvereinfuerfluechtlingeev\/wp-json\/wp\/v2\/users\/1"}],"replies":[{"embeddable":true,"href":"http:\/\/integra-netz.de\/verein\/kurdischsyrischerhilfsvereinfuerfluechtlingeev\/wp-json\/wp\/v2\/comments?post=12"}],"version-history":[{"count":11,"href":"http:\/\/integra-netz.de\/verein\/kurdischsyrischerhilfsvereinfuerfluechtlingeev\/wp-json\/wp\/v2\/pages\/12\/revisions"}],"predecessor-version":[{"id":189,"href":"http:\/\/integra-netz.de\/verein\/kurdischsyrischerhilfsvereinfuerfluechtlingeev\/wp-json\/wp\/v2\/pages\/12\/revisions\/189"}],"wp:attachment":[{"href":"http:\/\/integra-netz.de\/verein\/kurdischsyrischerhilfsvereinfuerfluechtlingeev\/wp-json\/wp\/v2\/media?parent=12"}],"curies":[{"name":"wp","href":"https:\/\/api.w.org\/{rel}","templated":true}]}}