{"id":55,"date":"2017-05-03T14:43:19","date_gmt":"2017-05-03T12:43:19","guid":{"rendered":"http:\/\/integra-netz.de\/verein\/kulturohnegrenzen\/?page_id=55"},"modified":"2017-05-03T14:43:19","modified_gmt":"2017-05-03T12:43:19","slug":"partner","status":"publish","type":"page","link":"http:\/\/integra-netz.de\/verein\/kulturohnegrenzen\/partner\/","title":{"rendered":"Partner"},"content":{"rendered":"<p>Ohne B\u00fcrgerschaftliches Engagement und Partner w\u00e4re die Arbeit von <em>Kultur ohne Grenzen<\/em> nicht zu meistern: Der Verein wird getragen von einem ehrenamtlich engagierten Vorstand.<\/p>\n<p>Mitglieder und Freunde packen bei Aktivit\u00e4ten mit an. Unternehmen vor Ort spenden. In der Region ist der Verein mittlerweile durch das ungew\u00f6hnliche Angebot an Veranstaltungen bekannt, die zum Teil in sehr \u201eintimen\u201c Rahmen stattfinden. Privatpersonen stellen ihre Privatr\u00e4ume f\u00fcr Hauskonzerte zur Verf\u00fcgung.<\/p>\n<p>Lesungen, Konzerte oder Ausstellung finden statt in Zusammenarbeit mit:<\/p>\n<ul>\n<li>den Kultur\u00e4mtern von D\u00fcren, Aachen &amp; Neuss<\/li>\n<li>sowie den Stadtb\u00fcchereien &amp; VHSen des Kreises D\u00fcren, Heinsberg &amp; Kempen,<\/li>\n<li>den Evangelischen Kirchengemeinden Linnich, J\u00fclich &amp; D\u00fcren<\/li>\n<li>dem Diakonischen Werk J\u00fclich statt.<\/li>\n<\/ul>\n<p><em>Kultur ohne Grenzen<\/em> kooperiert mit:<\/p>\n<ul>\n<li>dem Kulturbahnhof J\u00fclich e.V. und zahlreichen Kulturvereinen.<\/li>\n<\/ul>\n<p>Seit der Gr\u00fcndung wurden wichtige Kontakte aufgebaut. <em>Kultur ohne Grenzen<\/em> vernetzt sich \u00fcber die Regional- und Kulturkonferenzen. Der Verein hat sich mit anderen in der Kultur Aktiven im J\u00fclicher Raum zusammengeschlossen, um das Kulturmagazin \u201eHerzog\u201c herauszugeben.<\/p>\n<p>Zudem ist der Verein Gr\u00fcndungsmitglied von \u201eGlobalflux\u201c, einem Zusammenschluss von Institutionen und Musikern weltweit.<\/p>\n<p>Neu ist die Zusammenarbeit mit dem \u201eLabor f\u00fcr Weltmusik\u201c von Prof. Dr. Ilse Storb an der Folkwang Musikschule (Essen).<\/p>\n","protected":false},"excerpt":{"rendered":"<p>Ohne B\u00fcrgerschaftliches Engagement und Partner w\u00e4re die Arbeit von Kultur ohne Grenzen nicht zu meistern: Der Verein wird getragen von einem ehrenamtlich engagierten Vorstand. Mitglieder und Freunde packen bei Aktivit\u00e4ten mit an. Unternehmen vor Ort spenden. In der Region ist der Verein mittlerweile durch das ungew\u00f6hnliche Angebot an Veranstaltungen bekannt, die zum Teil in sehr &hellip; <\/p>\n<p class=\"link-more\"><a href=\"http:\/\/integra-netz.de\/verein\/kulturohnegrenzen\/partner\/\" class=\"more-link\"><span class=\"screen-reader-text\">\u201ePartner\u201c<\/span> weiterlesen<\/a><\/p>\n","protected":false},"author":1,"featured_media":0,"parent":0,"menu_order":0,"comment_status":"closed","ping_status":"closed","template":"","meta":{"footnotes":""},"class_list":["post-55","page","type-page","status-publish","hentry"],"_links":{"self":[{"href":"http:\/\/integra-netz.de\/verein\/kulturohnegrenzen\/wp-json\/wp\/v2\/pages\/55","targetHints":{"allow":["GET"]}}],"collection":[{"href":"http:\/\/integra-netz.de\/verein\/kulturohnegrenzen\/wp-json\/wp\/v2\/pages"}],"about":[{"href":"http:\/\/integra-netz.de\/verein\/kulturohnegrenzen\/wp-json\/wp\/v2\/types\/page"}],"author":[{"embeddable":true,"href":"http:\/\/integra-netz.de\/verein\/kulturohnegrenzen\/wp-json\/wp\/v2\/users\/1"}],"replies":[{"embeddable":true,"href":"http:\/\/integra-netz.de\/verein\/kulturohnegrenzen\/wp-json\/wp\/v2\/comments?post=55"}],"version-history":[{"count":1,"href":"http:\/\/integra-netz.de\/verein\/kulturohnegrenzen\/wp-json\/wp\/v2\/pages\/55\/revisions"}],"predecessor-version":[{"id":56,"href":"http:\/\/integra-netz.de\/verein\/kulturohnegrenzen\/wp-json\/wp\/v2\/pages\/55\/revisions\/56"}],"wp:attachment":[{"href":"http:\/\/integra-netz.de\/verein\/kulturohnegrenzen\/wp-json\/wp\/v2\/media?parent=55"}],"curies":[{"name":"wp","href":"https:\/\/api.w.org\/{rel}","templated":true}]}}