{"id":53,"date":"2017-05-03T14:38:01","date_gmt":"2017-05-03T12:38:01","guid":{"rendered":"http:\/\/integra-netz.de\/verein\/kulturohnegrenzen\/?page_id=53"},"modified":"2017-05-03T14:38:01","modified_gmt":"2017-05-03T12:38:01","slug":"presse-oeffentlichkeit-erfolge","status":"publish","type":"page","link":"http:\/\/integra-netz.de\/verein\/kulturohnegrenzen\/presse-oeffentlichkeit-erfolge\/","title":{"rendered":"Presse &#8211; \u00d6ffentlichkeit &#8211; Erfolge"},"content":{"rendered":"<p><strong>Auf pers\u00f6nlicher Ebene:<\/strong> Die Angebote von <em>Kultur ohne Grenzen<\/em> finden f\u00fcr Jeden offen beispielsweise in Kirchen oder Rath\u00e4usern \u2013 und besonders gerne in Wohnzimmern statt. Fast famili\u00e4r, bei Kaffee und Kuchen, begegnen sich K\u00fcnstler_innen und Publikum. So sind mit der Zeit pers\u00f6nliche Kontakte, ja Freundschaften entstanden.<\/p>\n<p><strong>Auf k\u00fcnstlerischer Ebene:<\/strong> Das Kultur- und Begegnungsfest 2014 ist ein gutes Beispiel, wie \u201eDas Fremde\u201c nicht mehr als Trennendes, sondern als Bestandteil und Bereicherung erlebt wird. Auf der B\u00fchne musizierte der alt eingesessene J\u00fclicher M\u00e4nnergesangsverein gemeinsam mit dem iranischen Frauenchor aus K\u00f6ln oder ein gambischer Percussion-K\u00fcnstler mit einer Trommelgruppe von Menschen mit Down-Syndrom.<\/p>\n<p><strong>In der \u00d6ffentlichkeit: <\/strong>Die Lokalpresse wie auch das Weltmusik-Magazin FOLKER, DRadio Wissen, WDR3 Musikkulturen, WDR5 und RadioRur berichten regelm\u00e4\u00dfig \u00fcber die Aktivit\u00e4ten von <em>Kultur ohne Grenzen<\/em>. Beispiele finden Sie unter <a href=\"http:\/\/www.global-culture.net\">www.global-culture.net<\/a>.<\/p>\n<p><strong>Institutionell:<\/strong> Die Arbeit von <em>Kultur ohne Grenzen<\/em> wurde einige Male ausgezeichnet: mit dem Linnicher B\u00fcrgerpreis der SPD (2007), dem Preis f\u00fcr Toleranz, Zivilcourage und Solidarit\u00e4t der J\u00fclicher Gesellschaft gegen das Vergessen e.V. (2008) und dem Preis f\u00fcr soziales Engagement des Kreises D\u00fcren (2008). F\u00fcr ihr au\u00dferordentliches Engagement wurde au\u00dferdem die Initiatorin und Vorsitzende von <em>Kultur ohne Grenzen<\/em>, Marijke Barkhoff-Freeling, mit dem Verdienstkreuz am Bande der Bundesrepublik Deutschland (2014) geehrt.<\/p>\n","protected":false},"excerpt":{"rendered":"<p>Auf pers\u00f6nlicher Ebene: Die Angebote von Kultur ohne Grenzen finden f\u00fcr Jeden offen beispielsweise in Kirchen oder Rath\u00e4usern \u2013 und besonders gerne in Wohnzimmern statt. Fast famili\u00e4r, bei Kaffee und Kuchen, begegnen sich K\u00fcnstler_innen und Publikum. So sind mit der Zeit pers\u00f6nliche Kontakte, ja Freundschaften entstanden. Auf k\u00fcnstlerischer Ebene: Das Kultur- und Begegnungsfest 2014 ist &hellip; <\/p>\n<p class=\"link-more\"><a href=\"http:\/\/integra-netz.de\/verein\/kulturohnegrenzen\/presse-oeffentlichkeit-erfolge\/\" class=\"more-link\"><span class=\"screen-reader-text\">\u201ePresse &#8211; \u00d6ffentlichkeit &#8211; Erfolge\u201c<\/span> weiterlesen<\/a><\/p>\n","protected":false},"author":1,"featured_media":0,"parent":0,"menu_order":0,"comment_status":"closed","ping_status":"closed","template":"","meta":{"footnotes":""},"class_list":["post-53","page","type-page","status-publish","hentry"],"_links":{"self":[{"href":"http:\/\/integra-netz.de\/verein\/kulturohnegrenzen\/wp-json\/wp\/v2\/pages\/53","targetHints":{"allow":["GET"]}}],"collection":[{"href":"http:\/\/integra-netz.de\/verein\/kulturohnegrenzen\/wp-json\/wp\/v2\/pages"}],"about":[{"href":"http:\/\/integra-netz.de\/verein\/kulturohnegrenzen\/wp-json\/wp\/v2\/types\/page"}],"author":[{"embeddable":true,"href":"http:\/\/integra-netz.de\/verein\/kulturohnegrenzen\/wp-json\/wp\/v2\/users\/1"}],"replies":[{"embeddable":true,"href":"http:\/\/integra-netz.de\/verein\/kulturohnegrenzen\/wp-json\/wp\/v2\/comments?post=53"}],"version-history":[{"count":1,"href":"http:\/\/integra-netz.de\/verein\/kulturohnegrenzen\/wp-json\/wp\/v2\/pages\/53\/revisions"}],"predecessor-version":[{"id":54,"href":"http:\/\/integra-netz.de\/verein\/kulturohnegrenzen\/wp-json\/wp\/v2\/pages\/53\/revisions\/54"}],"wp:attachment":[{"href":"http:\/\/integra-netz.de\/verein\/kulturohnegrenzen\/wp-json\/wp\/v2\/media?parent=53"}],"curies":[{"name":"wp","href":"https:\/\/api.w.org\/{rel}","templated":true}]}}