{"id":49,"date":"2017-05-03T14:33:35","date_gmt":"2017-05-03T12:33:35","guid":{"rendered":"http:\/\/integra-netz.de\/verein\/kulturohnegrenzen\/?page_id=49"},"modified":"2017-05-03T14:33:35","modified_gmt":"2017-05-03T12:33:35","slug":"kultur-leben-horizonte-erweitern","status":"publish","type":"page","link":"http:\/\/integra-netz.de\/verein\/kulturohnegrenzen\/kultur-leben-horizonte-erweitern\/","title":{"rendered":"&#8222;Kultur leben &#8211; Horizonte erweitern&#8220;"},"content":{"rendered":"<p>\u201eExotische Kl\u00e4nge, gespielt auf unbekannten Instrumenten. Rassige Rhythmen und traditionelle Ges\u00e4nge. Gedichte, gelesen in fremden Sprachen, mit den ihnen eigenen Melodien. Kultur ohne Grenzen. Wir bringen internationale Kunst und Kultur aufs Land, bieten \u201eein St\u00fcck Heimat\u201c und tragen zur Integration der exilierten Kunstschaffenden bei.\u201c So steht es auf der Internetseite von <em>Kultur ohne Grenzen e.V.<\/em><\/p>\n<p>Kultur bereichert, verbindet und integriert. <em>Kultur ohne Grenzen<\/em> bringt unterschiedliche Nationalit\u00e4ten zusammen und erm\u00f6glicht einen pers\u00f6nlichen Austausch. Die integrative Kraft der Kunst wird erlebbar. Der Verein setzt ein Zeichen f\u00fcr Toleranz und Integration, um den Exil-K\u00fcnstler_innen einen Neuanfang zu erleichtern. Fl\u00fcchtlinge werden nicht nur als Fl\u00fcchtlinge, sondern als Menschen mit besonderen F\u00e4higkeiten gesehen.<\/p>\n<p>Konkret setzt der Verein auf zwei Strategien:<\/p>\n<ol>\n<li><em> Kultur ohne Grenzen<\/em> vermittelt bundesweit kostenfrei Exil-K\u00fcnstler_innen. Der Verein begleitet zurzeit Menschen aus 20 Nationen \u2013 von Syrien \u00fcber Gambia bis China.<\/li>\n<li>Der Verein organisiert Infoveranstaltungen, (Haus-)Konzerten, Lesungen und Ausstellungen, die immer die M\u00f6glichkeit zur pers\u00f6nlichen Begegnung bieten.<\/li>\n<\/ol>\n<p>Und manchmal geht es auch schlicht und einfach um pers\u00f6nliche Hilfe oder einen gemeinsamen Gang zu einer Beh\u00f6rde.<\/p>\n","protected":false},"excerpt":{"rendered":"<p>\u201eExotische Kl\u00e4nge, gespielt auf unbekannten Instrumenten. Rassige Rhythmen und traditionelle Ges\u00e4nge. Gedichte, gelesen in fremden Sprachen, mit den ihnen eigenen Melodien. Kultur ohne Grenzen. Wir bringen internationale Kunst und Kultur aufs Land, bieten \u201eein St\u00fcck Heimat\u201c und tragen zur Integration der exilierten Kunstschaffenden bei.\u201c So steht es auf der Internetseite von Kultur ohne Grenzen e.V. &hellip; <\/p>\n<p class=\"link-more\"><a href=\"http:\/\/integra-netz.de\/verein\/kulturohnegrenzen\/kultur-leben-horizonte-erweitern\/\" class=\"more-link\"><span class=\"screen-reader-text\">\u201e&#8222;Kultur leben &#8211; Horizonte erweitern&#8220;\u201c<\/span> weiterlesen<\/a><\/p>\n","protected":false},"author":1,"featured_media":0,"parent":0,"menu_order":0,"comment_status":"closed","ping_status":"closed","template":"","meta":{"footnotes":""},"class_list":["post-49","page","type-page","status-publish","hentry"],"_links":{"self":[{"href":"http:\/\/integra-netz.de\/verein\/kulturohnegrenzen\/wp-json\/wp\/v2\/pages\/49","targetHints":{"allow":["GET"]}}],"collection":[{"href":"http:\/\/integra-netz.de\/verein\/kulturohnegrenzen\/wp-json\/wp\/v2\/pages"}],"about":[{"href":"http:\/\/integra-netz.de\/verein\/kulturohnegrenzen\/wp-json\/wp\/v2\/types\/page"}],"author":[{"embeddable":true,"href":"http:\/\/integra-netz.de\/verein\/kulturohnegrenzen\/wp-json\/wp\/v2\/users\/1"}],"replies":[{"embeddable":true,"href":"http:\/\/integra-netz.de\/verein\/kulturohnegrenzen\/wp-json\/wp\/v2\/comments?post=49"}],"version-history":[{"count":1,"href":"http:\/\/integra-netz.de\/verein\/kulturohnegrenzen\/wp-json\/wp\/v2\/pages\/49\/revisions"}],"predecessor-version":[{"id":50,"href":"http:\/\/integra-netz.de\/verein\/kulturohnegrenzen\/wp-json\/wp\/v2\/pages\/49\/revisions\/50"}],"wp:attachment":[{"href":"http:\/\/integra-netz.de\/verein\/kulturohnegrenzen\/wp-json\/wp\/v2\/media?parent=49"}],"curies":[{"name":"wp","href":"https:\/\/api.w.org\/{rel}","templated":true}]}}