{"id":12,"date":"2014-04-07T15:44:56","date_gmt":"2014-04-07T13:44:56","guid":{"rendered":"http:\/\/integra-netz.de\/verein\/kulturohnegrenzen\/?page_id=12"},"modified":"2017-05-03T15:00:42","modified_gmt":"2017-05-03T13:00:42","slug":"aktivitaeten","status":"publish","type":"page","link":"http:\/\/integra-netz.de\/verein\/kulturohnegrenzen\/aktivitaeten\/","title":{"rendered":"Aktivit\u00e4ten"},"content":{"rendered":"<p><em>Kultur ohne Grenzen<\/em> vermittelt bundesweit kostenfrei Exil-K\u00fcnstler_innen. Zurzeit begleitet der Verein Menschen aus 20 Nationen.<\/p>\n<p>Es werden ausschlie\u00dflich Profis gef\u00f6rdert, was sich im Kulturbereich mittlerweile rumgesprochen hat. Zudem organisieren die im Verein Aktiven:<\/p>\n<ul>\n<li>regionale Informationsveranstaltungen<\/li>\n<li>(Haus-)Konzerte<\/li>\n<li>Lesungen und Ausstellungen, zum Teil mit mehreren Partnern.<\/li>\n<\/ul>\n<p>Vor Ort richtet <em>Kultur ohne Grenzen<\/em> mittlerweile im Durchschnitt ein bis zwei Veranstaltungen pro Monat aus.<\/p>\n<p>Ein besonderes Highlight war 2014 das Kultur- und Begegnungsfest zum 15-j\u00e4hrigen Jubil\u00e4um des Vereins \u2013 unter der Schirmherrschaft des international bekannten Weltmusikers Manfred Leuchter und mit gut 300 Besucher_innen.<\/p>\n<p>Die Arbeit im Verein umfasst zudem die Bewerbung der Aktivit\u00e4ten und unterschiedliche Kommunikationsma\u00dfnahmen zum Verein und seinen Zielen, das Einwerben von F\u00f6rdermitteln und \u201esammeln\u201c von Spenden. Besonders wichtig sind auch die Kontaktpflege und der Ausbau des Netzwerkes.<\/p>\n","protected":false},"excerpt":{"rendered":"<p>Kultur ohne Grenzen vermittelt bundesweit kostenfrei Exil-K\u00fcnstler_innen. Zurzeit begleitet der Verein Menschen aus 20 Nationen. Es werden ausschlie\u00dflich Profis gef\u00f6rdert, was sich im Kulturbereich mittlerweile rumgesprochen hat. Zudem organisieren die im Verein Aktiven: regionale Informationsveranstaltungen (Haus-)Konzerte Lesungen und Ausstellungen, zum Teil mit mehreren Partnern. Vor Ort richtet Kultur ohne Grenzen mittlerweile im Durchschnitt ein bis &hellip; <\/p>\n<p class=\"link-more\"><a href=\"http:\/\/integra-netz.de\/verein\/kulturohnegrenzen\/aktivitaeten\/\" class=\"more-link\"><span class=\"screen-reader-text\">\u201eAktivit\u00e4ten\u201c<\/span> weiterlesen<\/a><\/p>\n","protected":false},"author":1,"featured_media":0,"parent":0,"menu_order":0,"comment_status":"closed","ping_status":"closed","template":"","meta":{"footnotes":""},"class_list":["post-12","page","type-page","status-publish","hentry"],"_links":{"self":[{"href":"http:\/\/integra-netz.de\/verein\/kulturohnegrenzen\/wp-json\/wp\/v2\/pages\/12","targetHints":{"allow":["GET"]}}],"collection":[{"href":"http:\/\/integra-netz.de\/verein\/kulturohnegrenzen\/wp-json\/wp\/v2\/pages"}],"about":[{"href":"http:\/\/integra-netz.de\/verein\/kulturohnegrenzen\/wp-json\/wp\/v2\/types\/page"}],"author":[{"embeddable":true,"href":"http:\/\/integra-netz.de\/verein\/kulturohnegrenzen\/wp-json\/wp\/v2\/users\/1"}],"replies":[{"embeddable":true,"href":"http:\/\/integra-netz.de\/verein\/kulturohnegrenzen\/wp-json\/wp\/v2\/comments?post=12"}],"version-history":[{"count":7,"href":"http:\/\/integra-netz.de\/verein\/kulturohnegrenzen\/wp-json\/wp\/v2\/pages\/12\/revisions"}],"predecessor-version":[{"id":68,"href":"http:\/\/integra-netz.de\/verein\/kulturohnegrenzen\/wp-json\/wp\/v2\/pages\/12\/revisions\/68"}],"wp:attachment":[{"href":"http:\/\/integra-netz.de\/verein\/kulturohnegrenzen\/wp-json\/wp\/v2\/media?parent=12"}],"curies":[{"name":"wp","href":"https:\/\/api.w.org\/{rel}","templated":true}]}}