{"id":87,"date":"2020-06-16T15:53:29","date_gmt":"2020-06-16T13:53:29","guid":{"rendered":"http:\/\/integra-netz.de\/verein\/kavoetcha-zusammenbleibenev\/?page_id=87"},"modified":"2023-11-08T21:07:49","modified_gmt":"2023-11-08T20:07:49","slug":"aktuelles","status":"publish","type":"page","link":"http:\/\/integra-netz.de\/verein\/kavoetcha-zusammenbleibenev\/aktuelles\/","title":{"rendered":"Aktuelles"},"content":{"rendered":"\n<div class=\"wp-block-group\"><div class=\"wp-block-group__inner-container is-layout-flow wp-block-group-is-layout-flow\">\n<pre class=\"wp-block-preformatted\"><strong>KONZERT<\/strong> \n<strong>Manou Gallo<\/strong>\n<strong>Freitag, den 17.11.2023<\/strong>\n<strong>20.00 - 22.00 Uhr<\/strong>\n\nVeranstaltungsort\nTheater D\u00fcren im Haus der Stadt\nStefan-Schwer-Stra\u00dfe 4-6\n52349 D\u00fcren\n\n<a href=\"mailto:theater@dueren.de\">theater@dueren.de<\/a>\n\n<a rel=\"noreferrer noopener\" href=\"http:\/\/www.dueren-kultur.de\/\" target=\"_blank\">http:\/\/www.dueren-kultur.de<\/a>\n\nsiehe Bericht unter \"was ist los im Kreis D\u00fcren?\" \nVeranstaltungen:\n<a href=\"https:\/\/www.integra-netz.de\/veranstaltungen.html\">https:\/\/www.integra-netz.de\/veranstaltungen.html<\/a><\/pre>\n<\/div><\/div>\n\n\n\n<p>Wegen der <strong>Corona &#8211; Pandemie<\/strong> konnte unser geplantes &#8222;AFROCOLOR FESTIVAL D\u00fcren&#8220; nicht am 08.\/09. Mai in der Kulturfabrik Becker &amp; Funck stattfinden. <\/p>\n\n\n\n<p>Wenn m\u00f6glich, wird unser Verein gemeinsam mit unseren Kooperationspartnern, das Festival im Jahr 2021 abhalten.<\/p>\n\n\n\n<p>Zuvor m\u00f6chte unser Verein, gemeinsam mit unserem Projektpartner &#8222;Becker &amp; Funck. Stiftung Fabrik f\u00fcr Kultur und Stadtteil&#8220;,  Ende Februar 2021 einen Musikfilm mit einer Dokumentation zur Rolle der Musik in afrikanischen Gesellschaften  (<strong>Thierry Zookomo<\/strong>) ONLINE pr\u00e4sentieren. <\/p>\n","protected":false},"excerpt":{"rendered":"<p>KONZERT Manou Gallo Freitag, den 17.11.2023 20.00 &#8211; 22.00 Uhr Veranstaltungsort Theater D\u00fcren im Haus der Stadt Stefan-Schwer-Stra\u00dfe 4-6 52349 D\u00fcren theater@dueren.de http:\/\/www.dueren-kultur.de siehe Bericht unter &#8222;was ist los im Kreis D\u00fcren?&#8220; Veranstaltungen: https:\/\/www.integra-netz.de\/veranstaltungen.html Wegen der Corona &#8211; Pandemie konnte unser geplantes &#8222;AFROCOLOR FESTIVAL D\u00fcren&#8220; nicht am 08.\/09. Mai in der Kulturfabrik Becker &amp; Funck &hellip; <\/p>\n<p class=\"link-more\"><a href=\"http:\/\/integra-netz.de\/verein\/kavoetcha-zusammenbleibenev\/aktuelles\/\" class=\"more-link\"><span class=\"screen-reader-text\">\u201eAktuelles\u201c<\/span> weiterlesen<\/a><\/p>\n","protected":false},"author":35,"featured_media":0,"parent":0,"menu_order":0,"comment_status":"closed","ping_status":"closed","template":"","meta":{"footnotes":""},"class_list":["post-87","page","type-page","status-publish","hentry"],"_links":{"self":[{"href":"http:\/\/integra-netz.de\/verein\/kavoetcha-zusammenbleibenev\/wp-json\/wp\/v2\/pages\/87","targetHints":{"allow":["GET"]}}],"collection":[{"href":"http:\/\/integra-netz.de\/verein\/kavoetcha-zusammenbleibenev\/wp-json\/wp\/v2\/pages"}],"about":[{"href":"http:\/\/integra-netz.de\/verein\/kavoetcha-zusammenbleibenev\/wp-json\/wp\/v2\/types\/page"}],"author":[{"embeddable":true,"href":"http:\/\/integra-netz.de\/verein\/kavoetcha-zusammenbleibenev\/wp-json\/wp\/v2\/users\/35"}],"replies":[{"embeddable":true,"href":"http:\/\/integra-netz.de\/verein\/kavoetcha-zusammenbleibenev\/wp-json\/wp\/v2\/comments?post=87"}],"version-history":[{"count":12,"href":"http:\/\/integra-netz.de\/verein\/kavoetcha-zusammenbleibenev\/wp-json\/wp\/v2\/pages\/87\/revisions"}],"predecessor-version":[{"id":120,"href":"http:\/\/integra-netz.de\/verein\/kavoetcha-zusammenbleibenev\/wp-json\/wp\/v2\/pages\/87\/revisions\/120"}],"wp:attachment":[{"href":"http:\/\/integra-netz.de\/verein\/kavoetcha-zusammenbleibenev\/wp-json\/wp\/v2\/media?parent=87"}],"curies":[{"name":"wp","href":"https:\/\/api.w.org\/{rel}","templated":true}]}}