{"id":68,"date":"2020-01-24T11:59:45","date_gmt":"2020-01-24T10:59:45","guid":{"rendered":"http:\/\/integra-netz.de\/verein\/kavoetcha-zusammenbleibenev\/?page_id=68"},"modified":"2021-02-10T17:41:11","modified_gmt":"2021-02-10T16:41:11","slug":"afrocolor-festival-dueren","status":"publish","type":"page","link":"http:\/\/integra-netz.de\/verein\/kavoetcha-zusammenbleibenev\/afrocolor-festival-dueren\/","title":{"rendered":"AFROCOLOR Festival D\u00fcren"},"content":{"rendered":"\n<figure class=\"wp-block-image size-large\"><img loading=\"lazy\" decoding=\"async\" width=\"1024\" height=\"450\" src=\"http:\/\/integra-netz.de\/verein\/kavoetcha-zusammenbleibenev\/wp-content\/uploads\/sites\/43\/2020\/01\/Logo-Afrocolor-WEB-1024x450.png\" alt=\"\" class=\"wp-image-69\" srcset=\"http:\/\/integra-netz.de\/verein\/kavoetcha-zusammenbleibenev\/wp-content\/uploads\/sites\/43\/2020\/01\/Logo-Afrocolor-WEB-1024x450.png 1024w, http:\/\/integra-netz.de\/verein\/kavoetcha-zusammenbleibenev\/wp-content\/uploads\/sites\/43\/2020\/01\/Logo-Afrocolor-WEB-300x132.png 300w, http:\/\/integra-netz.de\/verein\/kavoetcha-zusammenbleibenev\/wp-content\/uploads\/sites\/43\/2020\/01\/Logo-Afrocolor-WEB-768x338.png 768w, http:\/\/integra-netz.de\/verein\/kavoetcha-zusammenbleibenev\/wp-content\/uploads\/sites\/43\/2020\/01\/Logo-Afrocolor-WEB.png 1071w\" sizes=\"auto, (max-width: 767px) 89vw, (max-width: 1000px) 54vw, (max-width: 1071px) 543px, 580px\" \/><\/figure>\n\n\n\n<p>Kunst in Form der Musik ist in Afrika der Tr\u00e4ger des\nsozialen Zusammenhalts. <\/p>\n\n\n\n<p>Unser Verein <em>Kavoetchea \u2013 Zusammenbleiben e.V<\/em>.,\nbringt diese Facette afrikanischer Kunst den Menschen in D\u00fcren und Umgebung\nnahe. <\/p>\n\n\n\n<p>Hierzu plant Kavoetchea ein j\u00e4hrliches Musikfestival \u201cAFROCOLOR Festival D\u00fcren\u201c auf der B\u00fchne der <em>Fabrik f\u00fcr Kultur und Stadtteil (Becker &amp; Funck<\/em>).<\/p>\n\n\n\n<p>Das Auftakt  &#8211; Festival war geplant f\u00fcr das Wochenende  am <strong>08. und 09. Mai 2020<\/strong>.  Leider hat die Corona -Krise diesen Plan vereitelt. <\/p>\n\n\n\n<p>Sobald es die Bedingungen zulassen,  soll das Festival in der urspr\u00fcnglich geplanten Form umgesetzt werden:<\/p>\n\n\n\n<p>Es treten sowohl afrikanische wie einheimische D\u00fcrener\nMusikgruppen auf. Das Konzert wird umrahmt vom \u201cvillage africain\u201c, welche\nkulinarische Spezialit\u00e4ten und Kunsthandwerk anbietet.<\/p>\n\n\n\n<p>B\u00fcrgerinnen und B\u00fcrger D\u00fcrens erhalten\ngenerationen\u00fcbergreifend die M\u00f6glichkeit sich in &nbsp;workshops auf dem Festival mit ihrem Interesse\nund eventuell musischen Talenten einzubringen. <\/p>\n\n\n\n<p>Eine workshop &#8211; Reihe wird zuvor 4 \u2013 mal mit Sch\u00fcler*innen an zwei D\u00fcrener Schulen (jeweils ca. 2 Schulstunden) durchgef\u00fchrt; sie hat einen p\u00e4dagogischen und einen informativen Aspekt. Die Teilnehmer*innen k\u00f6nnen zum einen die verbindende Kraft der Musik erfahren, erhalten Informationen \u00fcber die gro\u00dfe afrikanische Gemeinschaft in der Stadt mit ihren zahlreichen Organisationen und Vereinen und werden schlie\u00dflich auf das Festival aufmerksam gemacht, auf dem sich die Vereine in ihrer Vielfalt und verschiedenen Anliegen pr\u00e4sentieren. <\/p>\n\n\n\n<p>Unser Festival soll eine Quelle sein f\u00fcr Offenheit, Toleranz\nund Akzeptanz des anderen und steht f\u00fcr den weltoffenen Geist unserer sch\u00f6nen\nStadt D\u00fcren. <\/p>\n","protected":false},"excerpt":{"rendered":"<p>Kunst in Form der Musik ist in Afrika der Tr\u00e4ger des sozialen Zusammenhalts. Unser Verein Kavoetchea \u2013 Zusammenbleiben e.V., bringt diese Facette afrikanischer Kunst den Menschen in D\u00fcren und Umgebung nahe. Hierzu plant Kavoetchea ein j\u00e4hrliches Musikfestival \u201cAFROCOLOR Festival D\u00fcren\u201c auf der B\u00fchne der Fabrik f\u00fcr Kultur und Stadtteil (Becker &amp; Funck). Das Auftakt &#8211; &hellip; <\/p>\n<p class=\"link-more\"><a href=\"http:\/\/integra-netz.de\/verein\/kavoetcha-zusammenbleibenev\/afrocolor-festival-dueren\/\" class=\"more-link\"><span class=\"screen-reader-text\">\u201eAFROCOLOR Festival D\u00fcren\u201c<\/span> weiterlesen<\/a><\/p>\n","protected":false},"author":35,"featured_media":0,"parent":0,"menu_order":0,"comment_status":"closed","ping_status":"closed","template":"","meta":{"footnotes":""},"class_list":["post-68","page","type-page","status-publish","hentry"],"_links":{"self":[{"href":"http:\/\/integra-netz.de\/verein\/kavoetcha-zusammenbleibenev\/wp-json\/wp\/v2\/pages\/68","targetHints":{"allow":["GET"]}}],"collection":[{"href":"http:\/\/integra-netz.de\/verein\/kavoetcha-zusammenbleibenev\/wp-json\/wp\/v2\/pages"}],"about":[{"href":"http:\/\/integra-netz.de\/verein\/kavoetcha-zusammenbleibenev\/wp-json\/wp\/v2\/types\/page"}],"author":[{"embeddable":true,"href":"http:\/\/integra-netz.de\/verein\/kavoetcha-zusammenbleibenev\/wp-json\/wp\/v2\/users\/35"}],"replies":[{"embeddable":true,"href":"http:\/\/integra-netz.de\/verein\/kavoetcha-zusammenbleibenev\/wp-json\/wp\/v2\/comments?post=68"}],"version-history":[{"count":7,"href":"http:\/\/integra-netz.de\/verein\/kavoetcha-zusammenbleibenev\/wp-json\/wp\/v2\/pages\/68\/revisions"}],"predecessor-version":[{"id":99,"href":"http:\/\/integra-netz.de\/verein\/kavoetcha-zusammenbleibenev\/wp-json\/wp\/v2\/pages\/68\/revisions\/99"}],"wp:attachment":[{"href":"http:\/\/integra-netz.de\/verein\/kavoetcha-zusammenbleibenev\/wp-json\/wp\/v2\/media?parent=68"}],"curies":[{"name":"wp","href":"https:\/\/api.w.org\/{rel}","templated":true}]}}