{"id":12,"date":"2014-04-07T15:44:56","date_gmt":"2014-04-07T13:44:56","guid":{"rendered":"http:\/\/integra-netz.de\/verein\/jesussavesguys\/?page_id=12"},"modified":"2017-04-27T15:16:45","modified_gmt":"2017-04-27T13:16:45","slug":"aktivitaeten","status":"publish","type":"page","link":"http:\/\/integra-netz.de\/verein\/jesussavesguys\/aktivitaeten\/","title":{"rendered":"Aktivit\u00e4ten"},"content":{"rendered":"<p>Hier ein Auszug aus unseren <u>Vereinsaktivit\u00e4ten<\/u> in der Jugendarbeit.<\/p>\n<ul>\n<li>Unterst\u00fctzung der Kinder und Jugendlichen bei schulischen und beruflichen Problemen.\n<ul>\n<li>Nachhilfeunterricht<\/li>\n<li>Beratungsgespr\u00e4che f\u00fcr berufliche Perspektiven<\/li>\n<li>Hilfe beim Anfertigen von Bewerbungsschreiben<\/li>\n<li>Hilfe bei Arbeits-, Ausbildungsplatz- und Praktikumssuche<\/li>\n<\/ul>\n<\/li>\n<\/ul>\n<ul>\n<li>Heranf\u00fchren an sportliche Angebote.<\/li>\n<li>F\u00f6rderung der musikalischen und k\u00fcnstlerischen Aktivit\u00e4ten von Jugendlichen<\/li>\n<li>Unterst\u00fctzung der Jugendlichen selbstst\u00e4ndig zu werden.<\/li>\n<li>Organisation von kulturellen und landeskundlichen Treffen.<\/li>\n<\/ul>\n<p><b>Zweck des Vereins<\/b>:<\/p>\n<p>Der Zweck des Vereins ist die F\u00f6rderung der Religion und der \u00a0internationalen Gesinnung, der Toleranz auf allen Gebieten der Kultur und des V\u00f6lkerverst\u00e4ndigungsgedankens.<\/p>\n<p>Der Satzungszweck wird verwirklicht insbesondere durch:<\/p>\n<p>Heranf\u00fchren von Kindern und Jugendlichen aus allen Nationen an die die Christliche Botschaft. Hierzu werden regelm\u00e4\u00dfige Bibelstunden und gemeinsame Gebetsstunden (Veranstaltungsort: Caf\u00e9 International der Evang. Gemeinde\/+ Nebenraum) abgehalten.<\/p>\n<p>Die Christliche Botschaft wird zudem \u00fcber den Vereinssender <a href=\"http:\/\/www.Jesussavesguys.com\">www.Jesussavesguys.com<\/a> TV verbreitet. Unter \u201cJesus saves guys\/ Our Generation\u201c berichten wir \u00fcber die Vereinsaktivit\u00e4ten.<\/p>\n<p>Ausfl\u00fcge zu Christlichen Veranstaltungen.<\/p>\n<p>Organisation eigener christlicher Veranstaltung<\/p>\n<p>F\u00f6rderung des Ideenaustausches mit anderen christlichen Vereinen im Kreis\u00a0\u00a0 D\u00fcren\u00a0 und dar\u00fcber hinaus.<\/p>\n<p>F\u00f6rderung des Ideenaustausches zwischen Gruppen, Organisationen und anderen Vereinen.<\/p>\n<p>F\u00f6rderung der Teilhabe afrikanischer Familien am gesellschaftlichen und kulturellen Leben D\u00fcrens.<\/p>\n<p>Hilfe bei der Vermittlung an Sprachkurse f\u00fcr Deutsch und landeskundliche Kurse.<\/p>\n<p>Unterst\u00fctzung der Kinder und Jugendlichen afrikanischer Familien bei schulischen und beruflichen Problemen.<\/p>\n<p><em>\u00a0\u00a0\u00a0\u00a0\u00a0\u00a0\u00a0\u00a0\u00a0\u00a0\u00a0\u00a0\u00a0\u00a0\u00a0\u00a0\u00a0\u00a0\u00a0\u00a0\u00a0\u00a0\u00a0\u00a0\u00a0\u00a0\u00a0\u00a0\u00a0\u00a0\u00a0\u00a0\u00a0\u00a0\u00a0\u00a0\u00a0 \u00a0<\/em>&#8211; \u00a0Nachhilfeunterricht<\/p>\n<p>&#8211; \u00a0Beratungsgespr\u00e4che f\u00fcr berufliche Perspektiven<\/p>\n<p>&#8211; \u00a0Hilfe beim Anfertigen von Bewerbungsschreiben<\/p>\n<p>&#8211; \u00a0Hilfe bei Arbeits-, Ausbildungsplatz- und Praktikumssuche<\/p>\n<p>F\u00f6rderung der Integration der Jugendlichen insbesondere durch das Heranf\u00fchren an sportliche Angebote.<\/p>\n<p>F\u00f6rderung der musikalischen und k\u00fcnstlerischen Aktivit\u00e4ten der Jugendlichen<\/p>\n<p>Unterst\u00fctzung der Jugendlichen selbstst\u00e4ndig zu werden.<\/p>\n<p>Beratungsgespr\u00e4che zu famili\u00e4ren, allgemeinen Problemen.<\/p>\n<p>Rat- und Hilfestellung f\u00fcr die Familienangeh\u00f6rigen bei Beh\u00f6rdeng\u00e4ngen,<\/p>\n<p>der Organisation von kulturellen und landeskundlichen Treffen.<\/p>\n<p>Einbettung des Vereins in vorhandene Netzwerke in der Stadt D\u00fcren.<\/p>\n<p>Vernetzung mit anderen deutschen und Migrantenvereinen, u.a. \u00fcber das Internetportal \u201cDie Welt zu Hause im Kreis D\u00fcren\u201c (<a href=\"http:\/\/www.integra-netz.de\">www.integra-netz.de<\/a>)<\/p>\n<p>Unterst\u00fctzung von im Ausland lebenden Waisen, schwer erkrankten Kindern und Jugendlichen, Kinderheimen, Fl\u00fcchtlingen, Kriegsopfern und Vertriebenen, F\u00f6rderung der Schulbildung, durch vom Verein eingeworbene Spenden. Die Spenden werden auf das Vereinskonto eingezahlt und sind ausschlie\u00dflich f\u00fcr den benannten Spendenzweck einzusetzen.<\/p>\n<p>&nbsp;<\/p>\n<p>&nbsp;<\/p>\n<p>&nbsp;<\/p>\n","protected":false},"excerpt":{"rendered":"<p>Hier ein Auszug aus unseren Vereinsaktivit\u00e4ten in der Jugendarbeit. Unterst\u00fctzung der Kinder und Jugendlichen bei schulischen und beruflichen Problemen. Nachhilfeunterricht Beratungsgespr\u00e4che f\u00fcr berufliche Perspektiven Hilfe beim Anfertigen von Bewerbungsschreiben Hilfe bei Arbeits-, Ausbildungsplatz- und Praktikumssuche Heranf\u00fchren an sportliche Angebote. F\u00f6rderung der musikalischen und k\u00fcnstlerischen Aktivit\u00e4ten von Jugendlichen Unterst\u00fctzung der Jugendlichen selbstst\u00e4ndig zu werden. Organisation von &hellip; <\/p>\n<p class=\"link-more\"><a href=\"http:\/\/integra-netz.de\/verein\/jesussavesguys\/aktivitaeten\/\" class=\"more-link\"><span class=\"screen-reader-text\">\u201eAktivit\u00e4ten\u201c<\/span> weiterlesen<\/a><\/p>\n","protected":false},"author":1,"featured_media":0,"parent":0,"menu_order":0,"comment_status":"closed","ping_status":"closed","template":"","meta":{"footnotes":""},"class_list":["post-12","page","type-page","status-publish","hentry"],"_links":{"self":[{"href":"http:\/\/integra-netz.de\/verein\/jesussavesguys\/wp-json\/wp\/v2\/pages\/12","targetHints":{"allow":["GET"]}}],"collection":[{"href":"http:\/\/integra-netz.de\/verein\/jesussavesguys\/wp-json\/wp\/v2\/pages"}],"about":[{"href":"http:\/\/integra-netz.de\/verein\/jesussavesguys\/wp-json\/wp\/v2\/types\/page"}],"author":[{"embeddable":true,"href":"http:\/\/integra-netz.de\/verein\/jesussavesguys\/wp-json\/wp\/v2\/users\/1"}],"replies":[{"embeddable":true,"href":"http:\/\/integra-netz.de\/verein\/jesussavesguys\/wp-json\/wp\/v2\/comments?post=12"}],"version-history":[{"count":7,"href":"http:\/\/integra-netz.de\/verein\/jesussavesguys\/wp-json\/wp\/v2\/pages\/12\/revisions"}],"predecessor-version":[{"id":50,"href":"http:\/\/integra-netz.de\/verein\/jesussavesguys\/wp-json\/wp\/v2\/pages\/12\/revisions\/50"}],"wp:attachment":[{"href":"http:\/\/integra-netz.de\/verein\/jesussavesguys\/wp-json\/wp\/v2\/media?parent=12"}],"curies":[{"name":"wp","href":"https:\/\/api.w.org\/{rel}","templated":true}]}}