{"id":1762,"date":"2021-02-16T12:04:40","date_gmt":"2021-02-16T11:04:40","guid":{"rendered":"http:\/\/integra-netz.de\/verein\/irakisch-kurdischer-sport-und-kulturverein\/?page_id=1762"},"modified":"2021-02-16T12:11:18","modified_gmt":"2021-02-16T11:11:18","slug":"startseite","status":"publish","type":"page","link":"http:\/\/integra-netz.de\/verein\/irakisch-kurdischer-sport-und-kulturverein\/","title":{"rendered":"Startseite"},"content":{"rendered":"\n<p><strong>Herzlich Willkommen auf unserer Seite!<\/strong><\/p>\n\n\n\n<p class=\"has-text-align-center has-luminous-vivid-amber-color has-text-color\">Auf unserer Seite finden Sie aktuelle Informationen zu und \u00fcber unsere Organisation. Die oberen Navigationspunkte f\u00fchren Sie durch unsere Rubriken und geben Ihnen einen Einblick in unsere Aktivit\u00e4ten. Auch k\u00f6nnen Sie unter \u201cKontakt\u201d gerne mit uns in Kontakt treten und mehr erfahren.<\/p>\n\n\n\n<p class=\"has-text-align-center has-luminous-vivid-amber-color has-text-color\">Wir w\u00fcnschen Ihnen viel Spa\u00df beim Surfen.<\/p>\n\n\n\n<h2 class=\"has-text-align-center wp-block-heading\"><img loading=\"lazy\" decoding=\"async\" width=\"300\" height=\"225\" src=\"http:\/\/integra-netz.de\/verein\/irakisch-kurdischer-sport-und-kulturverein\/wp-content\/uploads\/sites\/16\/2014\/04\/P3200040-300x225.jpg\" alt=\"\"><\/h2>\n\n\n\n<p><strong>Treffpunkt des Vereins:<\/strong><\/p>\n\n\n\n<p><strong>Caf\u00e9 International <\/strong>(Innenhof der Evang. Gemeinde zu D\u00fcren, Wilhelm &#8211; Wester Weg 1, 52349 D\u00fcren)<\/p>\n\n\n\n<p><strong>Aktivit\u00e4ten:<\/strong><\/p>\n\n\n\n<p>Unser Verein, der IKSK e.V. ist seit seiner Gr\u00fcndung am 28.01.2007 in der Integrationsarbeit aktiv.<\/p>\n\n\n\n<p>Angesichts der aktuellen Fl\u00fcchtlingssituation machen wir nun auch Angebote speziell f\u00fcr Gefl\u00fcchtete in den Asylunterk\u00fcnften in Stadt und Kreis D\u00fcren.<\/p>\n\n\n\n<p>Aufgrund der erzwungenen Unt\u00e4tigkeit ist die Situation der Heimbewohner*Innen oft durch Mutlosigkeit gekennzeichnet.<\/p>\n\n\n\n<p>Deswegen bieten wir ihnen zahlreiche Freizeit- und Bildungsangebote: sie erm\u00f6glichen es den BewohnerInnen ihre Ressourcen und Potentiale zu erkennen und zu entwickeln.<\/p>\n\n\n\n<p>Die Kontaktaufnahme zu den Gefl\u00fcchteten erfolgt \u00fcber die Mitarbeiter des <em>Zentrums f\u00fcr Sozial- und Migrationsberatung (ZSM) und die Integrationsagentur <\/em>der Evang. Gemeinde, mit denen unser Verein seit Jahren sehr gut vernetzt ist. Mit ihrer Hilfe nehmen wir, falls n\u00f6tig, Kontakt auf zum Sozialamt der Stadt D\u00fcren, sowie zu den Sozialarbeiterinnen der beteiligten Wohlfahrtsverb\u00e4nde, die in den Integrationsr\u00e4umen t\u00e4tig sind. Auch haben wir sehr guten Kontakt zu etlichen befreundeten MSO, insbesondere dem &#8222;Kurdisch &#8211; Syrischen Hilfsverein f\u00fcr Fl\u00fcchtlinge e. V.&#8220; sowie zum &#8222;Dachverband MSO D\u00fcren e. V.&#8220;.<\/p>\n\n\n\n<p><strong>Hier einige unserer Aktionen:<\/strong><\/p>\n\n\n\n<p>Einmal monatlich laden wir zum gemeinsamen Fl\u00fcchtlingsfamilienessen ins Caf\u00e9 International\/Grotte ein.<\/p>\n\n\n\n<p>An einem Wochenende entscheiden wir gemeinsam mit den Fl\u00fcchtlingsfamilien, welche Filme f\u00fcr sie interessant sein k\u00f6nnten und planen dann Kinobesuche.<\/p>\n\n\n\n<p>Unsere Tanzworkshops, die wir den jugendlichen Fl\u00fcchtlingen anbieten werden, schaffen Entlastung durch spielerische Bewegung.<\/p>\n\n\n\n<p>Am Wochenende gibt es in der Grotte der Evang. Gemeinde einen Musik &#8211; Workshop,<\/p>\n\n\n\n<p>Dar\u00fcber hinaus machen wir zahlreiche Aktionen im landesgef\u00f6rderten Projekten, vgl. &#8222;Projekterfahrung&#8220;<\/p>\n\n\n\n<p><a href=\"http:\/\/integra-netz.de\/verein\/irakisch-kurdischer-sport-und-kulturverein\/geschichte\/\">Geschichte \u2013 Irakisch- Kurdischer Sport- und Kulturverein e. V. (integra-netz.de)<\/a><\/p>\n\n\n\n<p><strong>Vereinszweck:<\/strong><\/p>\n\n\n\n<p>Der Zweck des Vereins ist die F\u00f6rderung internationaler Gesinnung, der&nbsp;Toleranz auf allen Gebieten der Kultur und des V\u00f6lkerverst\u00e4ndigungsgedankens.<\/p>\n\n\n\n<p>Der Satzungszweck wird verwirklicht insbesondere durch:<\/p>\n\n\n\n<ul class=\"wp-block-list\"><li>F\u00f6rderung der Integration der in D\u00fcren lebenden kurdischen Familien.<\/li><li>Vermittlung von Sprachkursen f\u00fcr Deutsch und landeskundlichen Kursen,<\/li><li>Unterst\u00fctzung der Kinder und Jugendlichen kurdischer Familien bei schulischen und beruflichen Problemen,<\/li><li>die Integration der Jugendlichen, insbesondere durch das Heranf\u00fchren an sportliche Angebote,<\/li><li>Rat- und Hilfestellung f\u00fcr die Familienangeh\u00f6rigen bei Beh\u00f6rdeng\u00e4ngen,<\/li><li>die Organisation von kulturellen, landeskundlichen Treffen,<\/li><li>F\u00f6rderung des Ideenaustausches zwischen Gruppen, Organisationen und anderen Vereinen,<\/li><li>Einbettung des Vereins in vorhandene Netzwerke in der Stadt D\u00fcren.<\/li><li>Unterst\u00fctzung von im Ausland lebenden Fl\u00fcchtlingen, Kriegsopfern und Vertriebenen durch vom Verein eingeworbene Spenden. Die Spenden werden auf das Vereinskonto eingezahlt und sind ausschlie\u00dflich f\u00fcr den benannten Spendenzweck einzusetzen.<\/li><\/ul>\n\n\n\n<p><\/p>\n","protected":false},"excerpt":{"rendered":"<p>Herzlich Willkommen auf unserer Seite! Auf unserer Seite finden Sie aktuelle Informationen zu und \u00fcber unsere Organisation. Die oberen Navigationspunkte f\u00fchren Sie durch unsere Rubriken und geben Ihnen einen Einblick in unsere Aktivit\u00e4ten. Auch k\u00f6nnen Sie unter \u201cKontakt\u201d gerne mit uns in Kontakt treten und mehr erfahren. Wir w\u00fcnschen Ihnen viel Spa\u00df beim Surfen. Treffpunkt &hellip; <\/p>\n<p class=\"link-more\"><a href=\"http:\/\/integra-netz.de\/verein\/irakisch-kurdischer-sport-und-kulturverein\/\" class=\"more-link\"><span class=\"screen-reader-text\">\u201eStartseite\u201c<\/span> weiterlesen<\/a><\/p>\n","protected":false},"author":37,"featured_media":0,"parent":0,"menu_order":0,"comment_status":"closed","ping_status":"closed","template":"","meta":{"footnotes":""},"class_list":["post-1762","page","type-page","status-publish","hentry"],"_links":{"self":[{"href":"http:\/\/integra-netz.de\/verein\/irakisch-kurdischer-sport-und-kulturverein\/wp-json\/wp\/v2\/pages\/1762","targetHints":{"allow":["GET"]}}],"collection":[{"href":"http:\/\/integra-netz.de\/verein\/irakisch-kurdischer-sport-und-kulturverein\/wp-json\/wp\/v2\/pages"}],"about":[{"href":"http:\/\/integra-netz.de\/verein\/irakisch-kurdischer-sport-und-kulturverein\/wp-json\/wp\/v2\/types\/page"}],"author":[{"embeddable":true,"href":"http:\/\/integra-netz.de\/verein\/irakisch-kurdischer-sport-und-kulturverein\/wp-json\/wp\/v2\/users\/37"}],"replies":[{"embeddable":true,"href":"http:\/\/integra-netz.de\/verein\/irakisch-kurdischer-sport-und-kulturverein\/wp-json\/wp\/v2\/comments?post=1762"}],"version-history":[{"count":2,"href":"http:\/\/integra-netz.de\/verein\/irakisch-kurdischer-sport-und-kulturverein\/wp-json\/wp\/v2\/pages\/1762\/revisions"}],"predecessor-version":[{"id":1766,"href":"http:\/\/integra-netz.de\/verein\/irakisch-kurdischer-sport-und-kulturverein\/wp-json\/wp\/v2\/pages\/1762\/revisions\/1766"}],"wp:attachment":[{"href":"http:\/\/integra-netz.de\/verein\/irakisch-kurdischer-sport-und-kulturverein\/wp-json\/wp\/v2\/media?parent=1762"}],"curies":[{"name":"wp","href":"https:\/\/api.w.org\/{rel}","templated":true}]}}