{"id":129,"date":"2017-05-23T15:20:13","date_gmt":"2017-05-23T13:20:13","guid":{"rendered":"http:\/\/integra-netz.de\/verein\/irakisch-kurdischer-sport-und-kulturverein\/?page_id=129"},"modified":"2019-03-13T15:23:32","modified_gmt":"2019-03-13T14:23:32","slug":"termine","status":"publish","type":"page","link":"http:\/\/integra-netz.de\/verein\/irakisch-kurdischer-sport-und-kulturverein\/termine\/","title":{"rendered":"Termine"},"content":{"rendered":"<h4><strong>Gro\u00dfer Saal der Evang. Gemeinde a<\/strong><strong>m 22.03.2019<\/strong><br \/>\n<strong>ab 17.00 Uhr<\/strong><br \/>\n<strong>\u201eNewroz Feier\u201c<\/strong><\/h4>\n<h4><strong>Caf\u00e9 International a<\/strong><strong>m 16.03.2019<\/strong><br \/>\n<strong>ab 15.00 Uhr<\/strong><br \/>\n<strong>\u201eGedenktag Halabja\u201c<\/strong><\/h4>\n<p><strong>2018<\/strong><\/p>\n<p><a href=\"http:\/\/integra-netz.de\/verein\/irakisch-kurdischer-sport-und-kulturverein\/wp-content\/uploads\/sites\/16\/2018\/03\/17342543_1306276726115815_3391326280142355967_n.jpg\"><img loading=\"lazy\" decoding=\"async\" class=\"alignnone size-medium wp-image-499\" src=\"http:\/\/integra-netz.de\/verein\/irakisch-kurdischer-sport-und-kulturverein\/wp-content\/uploads\/sites\/16\/2018\/03\/17342543_1306276726115815_3391326280142355967_n-300x199.jpg\" alt=\"\" width=\"300\" height=\"199\" srcset=\"http:\/\/integra-netz.de\/verein\/irakisch-kurdischer-sport-und-kulturverein\/wp-content\/uploads\/sites\/16\/2018\/03\/17342543_1306276726115815_3391326280142355967_n-300x199.jpg 300w, http:\/\/integra-netz.de\/verein\/irakisch-kurdischer-sport-und-kulturverein\/wp-content\/uploads\/sites\/16\/2018\/03\/17342543_1306276726115815_3391326280142355967_n-768x510.jpg 768w, http:\/\/integra-netz.de\/verein\/irakisch-kurdischer-sport-und-kulturverein\/wp-content\/uploads\/sites\/16\/2018\/03\/17342543_1306276726115815_3391326280142355967_n.jpg 960w\" sizes=\"auto, (max-width: 300px) 100vw, 300px\" \/><\/a><\/p>\n<p>Den <strong>Internationalen Frauentag <\/strong>feiern wir<\/p>\n<p>am <strong>10. M\u00e4rz 2018<\/strong><br \/>\nCaf\u00e9 International der Evang.Gemeinde zu D\u00fcren<br \/>\nWilhelm &#8211; Wester Weg 1<br \/>\n52349 D\u00fcren<\/p>\n<p><a href=\"http:\/\/integra-netz.de\/verein\/irakisch-kurdischer-sport-und-kulturverein\/wp-content\/uploads\/sites\/16\/2018\/03\/17390548_1309639989112822_6167396127884473917_o.jpg\"><img loading=\"lazy\" decoding=\"async\" class=\"alignnone size-medium wp-image-488\" src=\"http:\/\/integra-netz.de\/verein\/irakisch-kurdischer-sport-und-kulturverein\/wp-content\/uploads\/sites\/16\/2018\/03\/17390548_1309639989112822_6167396127884473917_o-300x199.jpg\" alt=\"\" width=\"300\" height=\"199\" srcset=\"http:\/\/integra-netz.de\/verein\/irakisch-kurdischer-sport-und-kulturverein\/wp-content\/uploads\/sites\/16\/2018\/03\/17390548_1309639989112822_6167396127884473917_o-300x199.jpg 300w, http:\/\/integra-netz.de\/verein\/irakisch-kurdischer-sport-und-kulturverein\/wp-content\/uploads\/sites\/16\/2018\/03\/17390548_1309639989112822_6167396127884473917_o-768x510.jpg 768w, http:\/\/integra-netz.de\/verein\/irakisch-kurdischer-sport-und-kulturverein\/wp-content\/uploads\/sites\/16\/2018\/03\/17390548_1309639989112822_6167396127884473917_o-1024x680.jpg 1024w, http:\/\/integra-netz.de\/verein\/irakisch-kurdischer-sport-und-kulturverein\/wp-content\/uploads\/sites\/16\/2018\/03\/17390548_1309639989112822_6167396127884473917_o.jpg 2048w\" sizes=\"auto, (max-width: 300px) 100vw, 300px\" \/><\/a><\/p>\n<p>Das Gedenken an <strong>HALABJA<\/strong> feiern wir<\/p>\n<p>am <strong>17. M\u00e4rz 2018<\/strong><br \/>\nCaf\u00e9 International der Evang.Gemeinde zu D\u00fcren<\/p>\n<p><a href=\"http:\/\/integra-netz.de\/verein\/irakisch-kurdischer-sport-und-kulturverein\/wp-content\/uploads\/sites\/16\/2018\/03\/17545605_1317180138358807_499771315412101811_o-Small-1.jpg\"><img loading=\"lazy\" decoding=\"async\" class=\"alignnone size-medium wp-image-491\" src=\"http:\/\/integra-netz.de\/verein\/irakisch-kurdischer-sport-und-kulturverein\/wp-content\/uploads\/sites\/16\/2018\/03\/17545605_1317180138358807_499771315412101811_o-Small-1-300x199.jpg\" alt=\"\" width=\"300\" height=\"199\" srcset=\"http:\/\/integra-netz.de\/verein\/irakisch-kurdischer-sport-und-kulturverein\/wp-content\/uploads\/sites\/16\/2018\/03\/17545605_1317180138358807_499771315412101811_o-Small-1-300x199.jpg 300w, http:\/\/integra-netz.de\/verein\/irakisch-kurdischer-sport-und-kulturverein\/wp-content\/uploads\/sites\/16\/2018\/03\/17545605_1317180138358807_499771315412101811_o-Small-1.jpg 723w\" sizes=\"auto, (max-width: 300px) 100vw, 300px\" \/><\/a><\/p>\n<p>Unser <strong>NEWROZ<\/strong> Fest feiern wir<\/p>\n<p>am <strong>25. M\u00e4rz 2018<\/strong><br \/>\ngro\u00dfer Saal der Evang. Gemeinde zu D\u00fcren<br \/>\nWilhelm &#8211; Wester Weg 1<br \/>\n52349 D\u00fcren<\/p>\n","protected":false},"excerpt":{"rendered":"<p>Gro\u00dfer Saal der Evang. Gemeinde am 22.03.2019 ab 17.00 Uhr \u201eNewroz Feier\u201c Caf\u00e9 International am 16.03.2019 ab 15.00 Uhr \u201eGedenktag Halabja\u201c 2018 Den Internationalen Frauentag feiern wir am 10. M\u00e4rz 2018 Caf\u00e9 International der Evang.Gemeinde zu D\u00fcren Wilhelm &#8211; Wester Weg 1 52349 D\u00fcren Das Gedenken an HALABJA feiern wir am 17. M\u00e4rz 2018 Caf\u00e9 &hellip; <\/p>\n<p class=\"link-more\"><a href=\"http:\/\/integra-netz.de\/verein\/irakisch-kurdischer-sport-und-kulturverein\/termine\/\" class=\"more-link\"><span class=\"screen-reader-text\">\u201eTermine\u201c<\/span> weiterlesen<\/a><\/p>\n","protected":false},"author":1,"featured_media":0,"parent":0,"menu_order":0,"comment_status":"closed","ping_status":"closed","template":"","meta":{"footnotes":""},"class_list":["post-129","page","type-page","status-publish","hentry"],"_links":{"self":[{"href":"http:\/\/integra-netz.de\/verein\/irakisch-kurdischer-sport-und-kulturverein\/wp-json\/wp\/v2\/pages\/129","targetHints":{"allow":["GET"]}}],"collection":[{"href":"http:\/\/integra-netz.de\/verein\/irakisch-kurdischer-sport-und-kulturverein\/wp-json\/wp\/v2\/pages"}],"about":[{"href":"http:\/\/integra-netz.de\/verein\/irakisch-kurdischer-sport-und-kulturverein\/wp-json\/wp\/v2\/types\/page"}],"author":[{"embeddable":true,"href":"http:\/\/integra-netz.de\/verein\/irakisch-kurdischer-sport-und-kulturverein\/wp-json\/wp\/v2\/users\/1"}],"replies":[{"embeddable":true,"href":"http:\/\/integra-netz.de\/verein\/irakisch-kurdischer-sport-und-kulturverein\/wp-json\/wp\/v2\/comments?post=129"}],"version-history":[{"count":18,"href":"http:\/\/integra-netz.de\/verein\/irakisch-kurdischer-sport-und-kulturverein\/wp-json\/wp\/v2\/pages\/129\/revisions"}],"predecessor-version":[{"id":811,"href":"http:\/\/integra-netz.de\/verein\/irakisch-kurdischer-sport-und-kulturverein\/wp-json\/wp\/v2\/pages\/129\/revisions\/811"}],"wp:attachment":[{"href":"http:\/\/integra-netz.de\/verein\/irakisch-kurdischer-sport-und-kulturverein\/wp-json\/wp\/v2\/media?parent=129"}],"curies":[{"name":"wp","href":"https:\/\/api.w.org\/{rel}","templated":true}]}}