{"id":46,"date":"2014-06-26T15:39:07","date_gmt":"2014-06-26T13:39:07","guid":{"rendered":"http:\/\/integra-netz.de\/verein\/ideal-bildungsverein\/?page_id=46"},"modified":"2014-06-30T16:33:44","modified_gmt":"2014-06-30T14:33:44","slug":"geschichte","status":"publish","type":"page","link":"http:\/\/integra-netz.de\/verein\/ideal-bildungsverein\/geschichte\/","title":{"rendered":"Geschichte"},"content":{"rendered":"<p style=\"text-align: center;\"><span style=\"color: #800000;\">Ideal-Bildungsverein e.V<\/span><\/p>\n<p style=\"text-align: center;\">Wir m\u00f6chten die Bildung als allgemeingeselschaftliche Aufgabe f\u00f6rdern. Wir bieten Kinderbetreuung, Frauenbildung und Sprachef\u00f6rderung an und f\u00fchren Integrationskurse des Bundesamtes f\u00fcr Migration und Fl\u00fcchtlinge durch. Momentan sind wir sehr zufrieden mit unserer Arbeit. Wir beabsichtigen, Studien- und Kulturreisen anzubieten, suchen nach besseren R\u00e4umlichkeiten und m\u00f6chten unsere Nachhilfelehrer weiterqualifizieren. Eine Unterst\u00fctzung von au\u00dfen bei beh\u00f6rdlichen Angelegenheiten w\u00e4re sehr hilfreich.<\/p>\n<p style=\"text-align: center;\">Mitgliederzahlen: 50<\/p>\n<p style=\"text-align: center;\">Gr\u00fcndungsdatum: 1995<\/p>\n","protected":false},"excerpt":{"rendered":"<p>Ideal-Bildungsverein e.V Wir m\u00f6chten die Bildung als allgemeingeselschaftliche Aufgabe f\u00f6rdern. Wir bieten Kinderbetreuung, Frauenbildung und Sprachef\u00f6rderung an und f\u00fchren Integrationskurse des Bundesamtes f\u00fcr Migration und Fl\u00fcchtlinge durch. Momentan sind wir sehr zufrieden mit unserer Arbeit. Wir beabsichtigen, Studien- und Kulturreisen anzubieten, suchen nach besseren R\u00e4umlichkeiten und m\u00f6chten unsere Nachhilfelehrer weiterqualifizieren. Eine Unterst\u00fctzung von au\u00dfen bei &hellip; <\/p>\n<p class=\"link-more\"><a href=\"http:\/\/integra-netz.de\/verein\/ideal-bildungsverein\/geschichte\/\" class=\"more-link\"><span class=\"screen-reader-text\">\u201eGeschichte\u201c<\/span> weiterlesen<\/a><\/p>\n","protected":false},"author":1,"featured_media":0,"parent":0,"menu_order":0,"comment_status":"closed","ping_status":"closed","template":"","meta":{"footnotes":""},"class_list":["post-46","page","type-page","status-publish","hentry"],"_links":{"self":[{"href":"http:\/\/integra-netz.de\/verein\/ideal-bildungsverein\/wp-json\/wp\/v2\/pages\/46","targetHints":{"allow":["GET"]}}],"collection":[{"href":"http:\/\/integra-netz.de\/verein\/ideal-bildungsverein\/wp-json\/wp\/v2\/pages"}],"about":[{"href":"http:\/\/integra-netz.de\/verein\/ideal-bildungsverein\/wp-json\/wp\/v2\/types\/page"}],"author":[{"embeddable":true,"href":"http:\/\/integra-netz.de\/verein\/ideal-bildungsverein\/wp-json\/wp\/v2\/users\/1"}],"replies":[{"embeddable":true,"href":"http:\/\/integra-netz.de\/verein\/ideal-bildungsverein\/wp-json\/wp\/v2\/comments?post=46"}],"version-history":[{"count":3,"href":"http:\/\/integra-netz.de\/verein\/ideal-bildungsverein\/wp-json\/wp\/v2\/pages\/46\/revisions"}],"predecessor-version":[{"id":49,"href":"http:\/\/integra-netz.de\/verein\/ideal-bildungsverein\/wp-json\/wp\/v2\/pages\/46\/revisions\/49"}],"wp:attachment":[{"href":"http:\/\/integra-netz.de\/verein\/ideal-bildungsverein\/wp-json\/wp\/v2\/media?parent=46"}],"curies":[{"name":"wp","href":"https:\/\/api.w.org\/{rel}","templated":true}]}}