{"id":12,"date":"2014-04-07T15:44:56","date_gmt":"2014-04-07T13:44:56","guid":{"rendered":"http:\/\/integra-netz.de\/verein\/ideal-bildungsverein\/?page_id=12"},"modified":"2014-04-08T12:59:54","modified_gmt":"2014-04-08T10:59:54","slug":"aktivitaeten","status":"publish","type":"page","link":"http:\/\/integra-netz.de\/verein\/ideal-bildungsverein\/aktivitaeten\/","title":{"rendered":"Aktivit\u00e4ten"},"content":{"rendered":"<p><b>Gr\u00fcndungsdatum<\/b>: 1995<br \/>\n<b>Aktivit\u00e4ten<\/b>: Nachhilfe, Integrationskurse, Alphabetisierungskurse, usw.<br \/>\n<b>Zweck<\/b>: Wir m\u00f6chten unseren Beitrag dazu leisten, dass sowohl die pers\u00f6nliche Entfaltung und die berufliche Karriere junger Menschen, als auch die gesellschaftliche Situation insgesamt nachhaltig verbessert werden.<\/p>\n","protected":false},"excerpt":{"rendered":"<p>Gr\u00fcndungsdatum: 1995 Aktivit\u00e4ten: Nachhilfe, Integrationskurse, Alphabetisierungskurse, usw. Zweck: Wir m\u00f6chten unseren Beitrag dazu leisten, dass sowohl die pers\u00f6nliche Entfaltung und die berufliche Karriere junger Menschen, als auch die gesellschaftliche Situation insgesamt nachhaltig verbessert werden.<\/p>\n","protected":false},"author":1,"featured_media":0,"parent":0,"menu_order":0,"comment_status":"closed","ping_status":"closed","template":"","meta":{"footnotes":""},"class_list":["post-12","page","type-page","status-publish","hentry"],"_links":{"self":[{"href":"http:\/\/integra-netz.de\/verein\/ideal-bildungsverein\/wp-json\/wp\/v2\/pages\/12","targetHints":{"allow":["GET"]}}],"collection":[{"href":"http:\/\/integra-netz.de\/verein\/ideal-bildungsverein\/wp-json\/wp\/v2\/pages"}],"about":[{"href":"http:\/\/integra-netz.de\/verein\/ideal-bildungsverein\/wp-json\/wp\/v2\/types\/page"}],"author":[{"embeddable":true,"href":"http:\/\/integra-netz.de\/verein\/ideal-bildungsverein\/wp-json\/wp\/v2\/users\/1"}],"replies":[{"embeddable":true,"href":"http:\/\/integra-netz.de\/verein\/ideal-bildungsverein\/wp-json\/wp\/v2\/comments?post=12"}],"version-history":[{"count":3,"href":"http:\/\/integra-netz.de\/verein\/ideal-bildungsverein\/wp-json\/wp\/v2\/pages\/12\/revisions"}],"predecessor-version":[{"id":34,"href":"http:\/\/integra-netz.de\/verein\/ideal-bildungsverein\/wp-json\/wp\/v2\/pages\/12\/revisions\/34"}],"wp:attachment":[{"href":"http:\/\/integra-netz.de\/verein\/ideal-bildungsverein\/wp-json\/wp\/v2\/media?parent=12"}],"curies":[{"name":"wp","href":"https:\/\/api.w.org\/{rel}","templated":true}]}}