{"id":12,"date":"2014-04-07T15:44:56","date_gmt":"2014-04-07T13:44:56","guid":{"rendered":"http:\/\/integra-netz.de\/verein\/give-e.v.\/?page_id=12"},"modified":"2019-02-21T17:06:36","modified_gmt":"2019-02-21T16:06:36","slug":"aktivitaeten","status":"publish","type":"page","link":"http:\/\/integra-netz.de\/verein\/give-ev\/aktivitaeten\/","title":{"rendered":"Aktivit\u00e4ten"},"content":{"rendered":"<p><b>Zweck des Vereins<\/b>:<\/p>\n<p>Die Gesellschaft f\u00fcr Interkulturelle Verst\u00e4ndigung.\u201c (GIVE e.V.) ist ein politisch neutraler, religi\u00f6s offener und gemeinn\u00fctziger Dialogverein mit Sitz in D\u00fcren. Wir sind offen f\u00fcr alle Menschen, unabh\u00e4ngig von Religion, Kultur, Hautfarbe und Geschlecht. Wir setzen uns f\u00fcr eine gemeinsame Kultur gegenseitiger Anerkennung und Wertsch\u00e4tzung in einem pluralistischen D\u00fcren, NRW und Deutschland ein.<\/p>\n","protected":false},"excerpt":{"rendered":"<p>Zweck des Vereins: Die Gesellschaft f\u00fcr Interkulturelle Verst\u00e4ndigung.\u201c (GIVE e.V.) ist ein politisch neutraler, religi\u00f6s offener und gemeinn\u00fctziger Dialogverein mit Sitz in D\u00fcren. Wir sind offen f\u00fcr alle Menschen, unabh\u00e4ngig von Religion, Kultur, Hautfarbe und Geschlecht. Wir setzen uns f\u00fcr eine gemeinsame Kultur gegenseitiger Anerkennung und Wertsch\u00e4tzung in einem pluralistischen D\u00fcren, NRW und Deutschland ein.<\/p>\n","protected":false},"author":1,"featured_media":0,"parent":0,"menu_order":0,"comment_status":"closed","ping_status":"closed","template":"","meta":{"footnotes":""},"class_list":["post-12","page","type-page","status-publish","hentry"],"_links":{"self":[{"href":"http:\/\/integra-netz.de\/verein\/give-ev\/wp-json\/wp\/v2\/pages\/12","targetHints":{"allow":["GET"]}}],"collection":[{"href":"http:\/\/integra-netz.de\/verein\/give-ev\/wp-json\/wp\/v2\/pages"}],"about":[{"href":"http:\/\/integra-netz.de\/verein\/give-ev\/wp-json\/wp\/v2\/types\/page"}],"author":[{"embeddable":true,"href":"http:\/\/integra-netz.de\/verein\/give-ev\/wp-json\/wp\/v2\/users\/1"}],"replies":[{"embeddable":true,"href":"http:\/\/integra-netz.de\/verein\/give-ev\/wp-json\/wp\/v2\/comments?post=12"}],"version-history":[{"count":4,"href":"http:\/\/integra-netz.de\/verein\/give-ev\/wp-json\/wp\/v2\/pages\/12\/revisions"}],"predecessor-version":[{"id":44,"href":"http:\/\/integra-netz.de\/verein\/give-ev\/wp-json\/wp\/v2\/pages\/12\/revisions\/44"}],"wp:attachment":[{"href":"http:\/\/integra-netz.de\/verein\/give-ev\/wp-json\/wp\/v2\/media?parent=12"}],"curies":[{"name":"wp","href":"https:\/\/api.w.org\/{rel}","templated":true}]}}