{"id":60,"date":"2018-03-01T15:12:41","date_gmt":"2018-03-01T14:12:41","guid":{"rendered":"http:\/\/integra-netz.de\/verein\/eritreischervereinfuerfrieden\/?page_id=60"},"modified":"2018-03-01T15:18:31","modified_gmt":"2018-03-01T14:18:31","slug":"projekt-der-anschubfoerderung","status":"publish","type":"page","link":"http:\/\/integra-netz.de\/verein\/eritreischervereinfuerfrieden\/projekt-der-anschubfoerderung\/","title":{"rendered":"Projekt der Anschubf\u00f6rderung"},"content":{"rendered":"<p style=\"text-align: justify;\"><a href=\"http:\/\/integra-netz.de\/verein\/eritreischervereinfuerfrieden\/wp-content\/uploads\/sites\/36\/2018\/03\/MKFFI.jpg\"><img loading=\"lazy\" decoding=\"async\" class=\"alignnone size-medium wp-image-61\" src=\"http:\/\/integra-netz.de\/verein\/eritreischervereinfuerfrieden\/wp-content\/uploads\/sites\/36\/2018\/03\/MKFFI-300x57.jpg\" alt=\"\" width=\"300\" height=\"57\" srcset=\"http:\/\/integra-netz.de\/verein\/eritreischervereinfuerfrieden\/wp-content\/uploads\/sites\/36\/2018\/03\/MKFFI-300x57.jpg 300w, http:\/\/integra-netz.de\/verein\/eritreischervereinfuerfrieden\/wp-content\/uploads\/sites\/36\/2018\/03\/MKFFI-768x147.jpg 768w, http:\/\/integra-netz.de\/verein\/eritreischervereinfuerfrieden\/wp-content\/uploads\/sites\/36\/2018\/03\/MKFFI.jpg 854w\" sizes=\"auto, (max-width: 300px) 100vw, 300px\" \/><\/a><\/p>\n<p style=\"text-align: justify;\">Aus Projektmitteln des MKFFI erh\u00e4lt der Verein\u00a0 in der F\u00f6rderphase 2017\/18 eine Anschubf\u00f6rderung.<\/p>\n<p style=\"text-align: justify;\">Nach der Anmietung einer R\u00e4umlichkeit (Foyer im Haus der Evang. Gemeinde zu D\u00fcren, Wilhelm &#8211; Wester Weg 1, 52349 D\u00fcren) setzt der Verein die anvisierten Projektma\u00dfnahmen um. Im Foyer fanden hierzu etliche Vereinstreffen statt:<\/p>\n<p style=\"text-align: justify;\"><u>Sept. 2017:<\/u><\/p>\n<p style=\"text-align: justify;\">Der Vorstand fand sich in einem <span style=\"text-decoration: underline;\">ersten Treffen<\/span> zusammen, um die grundlegenden Projektabl\u00e4ufe noch einmal zu besprechen und zu \u00fcberlegen, wie man die geplanten Projektma\u00dfnahmen am besten umsetzen kann.<\/p>\n<p style=\"text-align: justify;\"><u>Okt. 2017:<\/u><\/p>\n<ul style=\"text-align: justify;\">\n<li>In einem <u>zweiten Treffen<\/u> haben die Vorstandsmitglieder noch einmal das Projekt der Anschubf\u00f6rderung vorgestellt. Zu diesem Treffen waren nicht nur die Vereinsmitglieder, ca. 50 Personen eingeladen, sondern auch etliche Fl\u00fcchtlinge, die uns schon \u00fcber unsere Kontaktarbeit in den D\u00fcrener Asylunterk\u00fcnften bekannt waren.<\/li>\n<li>Fast alle unserer Vereinsmitglieder und Personen, die aktiv im Projekt mitmachen, haben selber Fluchterfahrung und kennen deswegen die vielen Hindernisse, die sich den Neuzuwanderinnen stellen, sehr gut aus eigener Erfahrung.<\/li>\n<li>Bei diesem Treffen stellten sich auch die Kooperationspartner, u.a. die Integrationsagentur der Evang. Gemeinde vor und erl\u00e4uterten das Projektvorhaben.<\/li>\n<li>Wir bildeten verschiedene Teams, die sich in der Folgezeit mit bestimmten Aufgaben und Themen besch\u00e4ftigten:\n<ul>\n<li>Hilfe bei Wohnungssuche<\/li>\n<li>Begleitung zu Beh\u00f6rden<\/li>\n<li>Entwicklung von Sportangeboten, z.B. Zusammenstellen von fu\u00dfballinteressierten Jugendlichen<\/li>\n<li>Hilfe bei Bewerbungen und Ausbildung<\/li>\n<\/ul>\n<\/li>\n<\/ul>\n<p><u>Nov. 2017:<\/u><\/p>\n<p style=\"text-align: justify;\">Im <span style=\"text-decoration: underline;\">dritten Treffen<\/span> \u00fcberlegten wir, wie wir die Projektgelder einsetzen und jeder seine Aufgaben \u00fcbernehmen konnte.<\/p>\n<p style=\"text-align: justify;\">Eines der wichtigsten Themen in unserem Verein ist das Thema \u2018Erziehung\u2018:<\/p>\n<ul style=\"text-align: justify;\">\n<li>Unsere schon l\u00e4nger in Deutschland lebende Vereinsmitglieder helfen M\u00fcttern und V\u00e4tern insbesondere bei Fragen der Erziehung; hier in Europa gibt es ja ganz andere Erziehungsmethoden.<\/li>\n<\/ul>\n<p style=\"text-align: justify;\">Deswegen haben wir im Foyer eine spezielle Veranstaltungsreihe mit insgesamt 3 ReferentInnen aus unserem Heimatland, Eritrea, konzipiert.<\/p>\n<p style=\"text-align: justify;\">Zwei von ihnen leben schon sehr lange in Deutschland, haben mittlerweile die deutsche Staatsangeh\u00f6rigkeit und haben sich intensiv mit diesem Thema auseinandergesetzt. An insgesamt 16 Terminen (je 2 Std.) vermittelten sie die grundlegenden Unterschiede\u00a0 der Erziehungssyteme- und Methoden in Europa und Eritrea. Viel Raum bei diesen Veranstaltungen wurde auch Diskussionen gelassen, denn viele unserer Landsleute tun sich sehr schwer damit, diese neuen unbekannten Erziehungsstile zu verstehen.<\/p>\n<p style=\"text-align: justify;\">Ein intensiver Kontakt ergab sich auch zu einem anderen Verein, die MSO \u201cTamil Makkal Kulturverein e.V.\u201c, die ein spezielles Kinderbetreuungsangebot und Eltern- Kindgruppenangebote f\u00fcr Fl\u00fcchtlingseltern in einem Projekt anbieten.<\/p>\n<p style=\"text-align: justify;\">Etliche Vereinsm\u00fctter besuchen regelm\u00e4\u00dfig (Mo \u2013 Do) Eltern-Kindgruppen, die dieser Verein eingerichtet hat.<\/p>\n<p style=\"text-align: justify;\"><u>Dez. 2017:<\/u><\/p>\n<p style=\"text-align: justify;\">Im <span style=\"text-decoration: underline;\">vierten Treffen<\/span> berichteten die einzelnen Teams \u00fcber die Ma\u00dfnahmen, die sie umgesetzt hatten. Es wurde auch dar\u00fcber diskutierte, wie die Fl\u00fcchtlingsarbeit im Projektjahr 2018 weiterverfolgt werden soll.<\/p>\n<p style=\"text-align: justify;\"><u>Externe Aktivit\u00e4ten:<\/u><\/p>\n<ul style=\"text-align: justify;\">\n<li>Unsere Teams sind mittlerweile sehr oft im Einsatz als BegleiterInnen f\u00fcr die Fl\u00fcchtlinge bei Beh\u00f6rdeng\u00e4ngen, Arztbesuchen, Krankenhausaufenthalten\n<ul>\n<li>Sie helfen insbesondere beim Dolmetschen.<\/li>\n<\/ul>\n<\/li>\n<li>Wir haben eine whattsapp .- Gruppe gebildet: Jeder Teilnehmer benachrichtigt die anderen, wenn er oder sie eine geeignete Mietwohnung f\u00fcr Fl\u00fcchtlingsfamilien ausfindig gemacht hat.<\/li>\n<\/ul>\n<p style=\"text-align: justify;\">Wenn m\u00f6glich, rufen sie selbst auch bei Vermietern (Wohnungsannoncen) an.<\/p>\n<p>Einige geplante Ma\u00dfnahmen konnte wir aus Zeit- und Ressourcenmangel, teilweise auch aus Unkenntnis noch nicht umsetzen.<\/p>\n<p><span style=\"text-decoration: underline;\">Wir werden sie im <strong>Projektjahr 2018<\/strong> angehen, z.B<\/span>:<\/p>\n<ul>\n<li>Hilfestellung beim Zugang zu Ausbildungsm\u00f6glichkeiten und beim Zugang zum Arbeitsmarkt<\/li>\n<li><strong>\u00a0<\/strong>Hierzu m\u00f6chten wir Kontakt aufnehmen zum neu errichteten D\u00fcrener Integrationszentrum DIZ, dessen Hauptaktivit\u00e4t die Vermittlung von SGB II Empf\u00e4ngerInnen in den Arbeitsmarkt darstellt.<\/li>\n<li>mit Hilfe unserer Kooperationspartner m\u00f6chten wir die Wege zu den wichtigen (Arbeitsagentur, Job com, ggfs. Ausl\u00e4nderbeh\u00f6rde) aufzeigen und helfen den Kontakt aufzunehmen.Unterst\u00fctzung der Kinder und Jugendlichen eritreischer Familien bei schulischen und beruflichen Problemen<\/li>\n<li>Einige unserer Vereinsmitglieder (wie z.B. die Schriftf\u00fchrerin, Roza Hadera) haben schulische Abschl\u00fcsse (Abitur) und sind in der Lage selbst Nachhilfeunterricht in verschiedenen F\u00e4chern zu erteilen. Sie k\u00f6nnen auch den Kontakt herstellen zu vorhandenen Hausaufgabenhilfen (z.B. im Caf\u00e9 International der Evang. Gemeinde)<\/li>\n<li>Hilfe beim Anfertigen von Bewerbungsschreiben<\/li>\n<li>Veranstaltung von interkulturellen Begegnungsfesten<\/li>\n<li>Wir m\u00f6chten Einheimische an unserer kulturellen Tradition teilnehmen lassen:\n<ul>\n<li>Kaffeezeremonie \u2018Bun\u2018<\/li>\n<li>Landestypische Spezialit\u00e4ten, z.B. \u2018Enjera\u2018 (Fladenbrot aus Sauerteig und verschiedene leckere Saucen)<\/li>\n<li>Vorf\u00fchren verschiedener Handwerksk\u00fcnste, z.B. N\u00e4hen, Sticken<\/li>\n<\/ul>\n<\/li>\n<\/ul>\n","protected":false},"excerpt":{"rendered":"<p>Aus Projektmitteln des MKFFI erh\u00e4lt der Verein\u00a0 in der F\u00f6rderphase 2017\/18 eine Anschubf\u00f6rderung. Nach der Anmietung einer R\u00e4umlichkeit (Foyer im Haus der Evang. Gemeinde zu D\u00fcren, Wilhelm &#8211; Wester Weg 1, 52349 D\u00fcren) setzt der Verein die anvisierten Projektma\u00dfnahmen um. Im Foyer fanden hierzu etliche Vereinstreffen statt: Sept. 2017: Der Vorstand fand sich in einem &hellip; <\/p>\n<p class=\"link-more\"><a href=\"http:\/\/integra-netz.de\/verein\/eritreischervereinfuerfrieden\/projekt-der-anschubfoerderung\/\" class=\"more-link\"><span class=\"screen-reader-text\">\u201eProjekt der Anschubf\u00f6rderung\u201c<\/span> weiterlesen<\/a><\/p>\n","protected":false},"author":35,"featured_media":0,"parent":0,"menu_order":0,"comment_status":"closed","ping_status":"closed","template":"","meta":{"footnotes":""},"class_list":["post-60","page","type-page","status-publish","hentry"],"_links":{"self":[{"href":"http:\/\/integra-netz.de\/verein\/eritreischervereinfuerfrieden\/wp-json\/wp\/v2\/pages\/60","targetHints":{"allow":["GET"]}}],"collection":[{"href":"http:\/\/integra-netz.de\/verein\/eritreischervereinfuerfrieden\/wp-json\/wp\/v2\/pages"}],"about":[{"href":"http:\/\/integra-netz.de\/verein\/eritreischervereinfuerfrieden\/wp-json\/wp\/v2\/types\/page"}],"author":[{"embeddable":true,"href":"http:\/\/integra-netz.de\/verein\/eritreischervereinfuerfrieden\/wp-json\/wp\/v2\/users\/35"}],"replies":[{"embeddable":true,"href":"http:\/\/integra-netz.de\/verein\/eritreischervereinfuerfrieden\/wp-json\/wp\/v2\/comments?post=60"}],"version-history":[{"count":5,"href":"http:\/\/integra-netz.de\/verein\/eritreischervereinfuerfrieden\/wp-json\/wp\/v2\/pages\/60\/revisions"}],"predecessor-version":[{"id":67,"href":"http:\/\/integra-netz.de\/verein\/eritreischervereinfuerfrieden\/wp-json\/wp\/v2\/pages\/60\/revisions\/67"}],"wp:attachment":[{"href":"http:\/\/integra-netz.de\/verein\/eritreischervereinfuerfrieden\/wp-json\/wp\/v2\/media?parent=60"}],"curies":[{"name":"wp","href":"https:\/\/api.w.org\/{rel}","templated":true}]}}