{"id":12,"date":"2017-05-04T15:44:56","date_gmt":"2017-05-04T13:44:56","guid":{"rendered":"http:\/\/integra-netz.de\/verein\/eritreischervereinfuerfrieden\/?page_id=12"},"modified":"2018-03-01T14:28:15","modified_gmt":"2018-03-01T13:28:15","slug":"aktivitaeten","status":"publish","type":"page","link":"http:\/\/integra-netz.de\/verein\/eritreischervereinfuerfrieden\/aktivitaeten\/","title":{"rendered":"Aktivit\u00e4ten"},"content":{"rendered":"<p><b>Zweck des Vereins<\/b>:<\/p>\n<p>Der Zweck des Vereins ist die F\u00f6rderung der Religion und der \u00a0internationalen Gesinnung, der Toleranz auf allen Gebieten der Kultur und des V\u00f6lkerverst\u00e4ndigungsgedankens, der F\u00f6rderung der Erziehung und der F\u00f6rderung der Hilfe f\u00fcr Fl\u00fcchtlinge, Kriegsopfer und Vertriebene.<\/p>\n<p>Der Satzungszweck wird verwirklicht insbesondere durch:<\/p>\n<p>F\u00f6rderung des Ideenaustausches zwischen Gruppen, Organisationen und anderen Vereinen: Einbettung des Vereins in vorhandene Netzwerke in Stadt und Kreis D\u00fcren. Hierzu Kooperation mit der Integrationsagentur der Evang. Gemeinde zu D\u00fcren.<\/p>\n<p>Vernetzung mit anderen deutschen und Migrantenvereinen, u.a. \u00fcber das Internetportal \u201cDie Welt zu Hause im Kreis D\u00fcren\u201c (<a href=\"http:\/\/www.integra-netz.de\">www.integra-netz.de<\/a>)<\/p>\n<p>F\u00f6rderung der Integration der im Kreis D\u00fcren lebenden aus Eritrea stammenden Fl\u00fcchtlingen, insbesondere der Frauen, um ihnen aus gesellschaftlicher Isolierung herauszuhelfen. Die Vereinsangebote stehen auch anderen Ethnien offen.<\/p>\n<p>Heranf\u00fchren an die Herkunftskultur und St\u00e4rkung der Bindung an die Herkunftsregion mittels der Organisation von kulturellen, landeskundlichen Treffen. Bewahrung der kulturellen Identit\u00e4t durch Veranstaltungen von traditionellen Kulturfesten, zu denen Einheimische und andere Nationalit\u00e4ten herzlich eingeladen sind.<\/p>\n<p>Hilfestellung beim Zugang zu Ausbildungsm\u00f6glichkeiten und beim Zugang zum Arbeitsmarkt<\/p>\n<p>Unterst\u00fctzung der Kinder und Jugendlichen eritreischer Familien bei schulischen und beruflichen Problemen.<\/p>\n<p><em>\u00a0<\/em>&#8211; Nachhilfeunterricht<\/p>\n<p>&#8211; Beratungsgespr\u00e4che f\u00fcr berufliche Perspektiven<\/p>\n<p>&#8211; \u00a0Hilfe beim Anfertigen von Bewerbungsschreiben<\/p>\n<p>&#8211; \u00a0Hilfe bei Arbeits-, Ausbildungsplatz- und Praktikumssuche<\/p>\n<p>Hilfestellung beim Zugang zu Sportangeboten f\u00fcr Frauen und Kinder.<\/p>\n<p>Organisation von Sportveranstaltungen, z.B. Fu\u00dfballturniere.<\/p>\n<p>Unterst\u00fctzung von Fu\u00dfballspielern, Trainingsm\u00f6glichkeiten zu finden oder Mitglied in Fu\u00dfballvereinen zu werden.<\/p>\n<p>Rat- und Hilfestellung f\u00fcr die Familienangeh\u00f6rigen bei Beh\u00f6rdeng\u00e4ngen,<\/p>\n<p>Arztbesuchen, Krankenhausaufenthalten.<\/p>\n<p>Unterst\u00fctzung von Personen mit geringen Deutschkenntnissen, insbesondere mittels Dolmetschen und \u00dcbersetzungshilfen.<\/p>\n<p>Hilfe beim Zugang zu Sprachkursen f\u00fcr Deutsch.<\/p>\n<p>Aufbau von Sprachkursen f\u00fcr die Muttersprache Tigrigna, damit die in Deutschland aufgewachsenen Kinder den Kontakt zur Heimatkultur wahren k\u00f6nnen.<\/p>\n<p>Hilfestellung beim Zugang zum Internet.<\/p>\n<p>Orientierungsangebote f\u00fcr Neuzugewanderte, z.B. Asylbewerber aus Eritrea.<\/p>\n<p>Regelm\u00e4\u00dfige Chorproben im Rahmen unseres christlichen (eritreisch \u2013 orthodoxe Kirche) Bekenntnisses.<\/p>\n<p>Unterst\u00fctzung von Fl\u00fcchtlingen, Kriegsopfern und Vertriebenen durch vom Verein eingeworbene Spenden. Die Spenden werden auf das Vereinskonto eingezahlt und sind ausschlie\u00dflich f\u00fcr den benannten Spendenzweck einzusetzen.<\/p>\n<p>&nbsp;<\/p>\n","protected":false},"excerpt":{"rendered":"<p>Zweck des Vereins: Der Zweck des Vereins ist die F\u00f6rderung der Religion und der \u00a0internationalen Gesinnung, der Toleranz auf allen Gebieten der Kultur und des V\u00f6lkerverst\u00e4ndigungsgedankens, der F\u00f6rderung der Erziehung und der F\u00f6rderung der Hilfe f\u00fcr Fl\u00fcchtlinge, Kriegsopfer und Vertriebene. Der Satzungszweck wird verwirklicht insbesondere durch: F\u00f6rderung des Ideenaustausches zwischen Gruppen, Organisationen und anderen Vereinen: &hellip; <\/p>\n<p class=\"link-more\"><a href=\"http:\/\/integra-netz.de\/verein\/eritreischervereinfuerfrieden\/aktivitaeten\/\" class=\"more-link\"><span class=\"screen-reader-text\">\u201eAktivit\u00e4ten\u201c<\/span> weiterlesen<\/a><\/p>\n","protected":false},"author":1,"featured_media":0,"parent":0,"menu_order":0,"comment_status":"closed","ping_status":"closed","template":"","meta":{"footnotes":""},"class_list":["post-12","page","type-page","status-publish","hentry"],"_links":{"self":[{"href":"http:\/\/integra-netz.de\/verein\/eritreischervereinfuerfrieden\/wp-json\/wp\/v2\/pages\/12","targetHints":{"allow":["GET"]}}],"collection":[{"href":"http:\/\/integra-netz.de\/verein\/eritreischervereinfuerfrieden\/wp-json\/wp\/v2\/pages"}],"about":[{"href":"http:\/\/integra-netz.de\/verein\/eritreischervereinfuerfrieden\/wp-json\/wp\/v2\/types\/page"}],"author":[{"embeddable":true,"href":"http:\/\/integra-netz.de\/verein\/eritreischervereinfuerfrieden\/wp-json\/wp\/v2\/users\/1"}],"replies":[{"embeddable":true,"href":"http:\/\/integra-netz.de\/verein\/eritreischervereinfuerfrieden\/wp-json\/wp\/v2\/comments?post=12"}],"version-history":[{"count":7,"href":"http:\/\/integra-netz.de\/verein\/eritreischervereinfuerfrieden\/wp-json\/wp\/v2\/pages\/12\/revisions"}],"predecessor-version":[{"id":59,"href":"http:\/\/integra-netz.de\/verein\/eritreischervereinfuerfrieden\/wp-json\/wp\/v2\/pages\/12\/revisions\/59"}],"wp:attachment":[{"href":"http:\/\/integra-netz.de\/verein\/eritreischervereinfuerfrieden\/wp-json\/wp\/v2\/media?parent=12"}],"curies":[{"name":"wp","href":"https:\/\/api.w.org\/{rel}","templated":true}]}}