{"id":83,"date":"2019-08-08T15:03:18","date_gmt":"2019-08-08T13:03:18","guid":{"rendered":"http:\/\/integra-netz.de\/verein\/dachverbandmigrantenselbstorganisationenduerenev\/?page_id=83"},"modified":"2021-02-15T19:34:49","modified_gmt":"2021-02-15T18:34:49","slug":"mso-landesforderung-bezirksregierung-arnsberg-kompetenzzentrum-fur-integration","status":"publish","type":"page","link":"http:\/\/integra-netz.de\/verein\/dachverbandmigrantenselbstorganisationenduerenev\/mso-landesforderung-bezirksregierung-arnsberg-kompetenzzentrum-fur-integration\/","title":{"rendered":"MSO &#8211; Landesf\u00f6rderung\/Bezirksregierung Arnsberg\/Kompetenzzentrum f\u00fcr Integration"},"content":{"rendered":"\n<figure class=\"wp-block-image size-large is-resized\"><a href=\"http:\/\/integra-netz.de\/verein\/dachverbandmigrantenselbstorganisationenduerenev\/wp-content\/uploads\/sites\/40\/2021\/02\/MKFFI.png\"><img loading=\"lazy\" decoding=\"async\" src=\"http:\/\/integra-netz.de\/verein\/dachverbandmigrantenselbstorganisationenduerenev\/wp-content\/uploads\/sites\/40\/2021\/02\/MKFFI.png\" alt=\"\" class=\"wp-image-284\" width=\"427\" height=\"81\" srcset=\"http:\/\/integra-netz.de\/verein\/dachverbandmigrantenselbstorganisationenduerenev\/wp-content\/uploads\/sites\/40\/2021\/02\/MKFFI.png 854w, http:\/\/integra-netz.de\/verein\/dachverbandmigrantenselbstorganisationenduerenev\/wp-content\/uploads\/sites\/40\/2021\/02\/MKFFI-300x57.png 300w, http:\/\/integra-netz.de\/verein\/dachverbandmigrantenselbstorganisationenduerenev\/wp-content\/uploads\/sites\/40\/2021\/02\/MKFFI-768x147.png 768w\" sizes=\"auto, (max-width: 427px) 100vw, 427px\" \/><\/a><\/figure>\n\n\n\n<h3 class=\"wp-block-heading\"><strong>F\u00f6rderphase 09\/2017 &#8211; 12\/2018<\/strong><\/h3>\n\n\n\n<p>Die 4 MSO des &#8222;Dachverband Migrantenselbstorganisationen D\u00fcren e.V.&#8220; haben Antr\u00e4ge im F\u00f6rderprogramm gestellt und erfolgreich die Projekte umgesetzt. <\/p>\n\n\n\n<div class=\"wp-block-file\"><\/div>\n\n\n\n<p> 1.  Kurdisch &#8211; Syrischer Hilfsverein f\u00fcr Fl\u00fcchtlinge e. V. <\/p>\n\n\n\n<div class=\"wp-block-file\"><a href=\"http:\/\/integra-netz.de\/verein\/dachverbandmigrantenselbstorganisationenduerenev\/wp-content\/uploads\/sites\/40\/2019\/08\/T\u00e4tigkeitsbericht-Jahr-2018-3.pdf\" class=\"mtli_attachment mtli_pdf\">T\u00e4tigkeitsbericht Jahr 2018<\/a><a href=\"http:\/\/integra-netz.de\/verein\/dachverbandmigrantenselbstorganisationenduerenev\/wp-content\/uploads\/sites\/40\/2019\/08\/T\u00e4tigkeitsbericht-Jahr-2018-3.pdf\" class=\"mtli_attachment mtli_pdf\" class=\"wp-block-file__button\" download>Herunterladen<\/a><\/div>\n\n\n\n<p>2.  Eritreischer Verein f\u00fcr Frieden e.V. <\/p>\n\n\n\n<div class=\"wp-block-file\"><a href=\"http:\/\/integra-netz.de\/verein\/dachverbandmigrantenselbstorganisationenduerenev\/wp-content\/uploads\/sites\/40\/2021\/02\/Taetigkeitsbericht-2017-2018.pdf\" class=\"mtli_attachment mtli_pdf\">Taetigkeitsbericht-2017-2018<\/a><a href=\"http:\/\/integra-netz.de\/verein\/dachverbandmigrantenselbstorganisationenduerenev\/wp-content\/uploads\/sites\/40\/2021\/02\/Taetigkeitsbericht-2017-2018.pdf\" class=\"mtli_attachment mtli_pdf\" class=\"wp-block-file__button\" download>Herunterladen<\/a><\/div>\n\n\n\n<p>3.  \u00d6zdangalla Nordkaukasischer Kultur -und Freundschaftsverein e. V. <\/p>\n\n\n\n<div class=\"wp-block-file\"><a href=\"http:\/\/integra-netz.de\/verein\/dachverbandmigrantenselbstorganisationenduerenev\/wp-content\/uploads\/sites\/40\/2021\/02\/Taetigkeitsbericht-2017-2018-3.pdf\" class=\"mtli_attachment mtli_pdf\">Taetigkeitsbericht-2017-2018-3<\/a><a href=\"http:\/\/integra-netz.de\/verein\/dachverbandmigrantenselbstorganisationenduerenev\/wp-content\/uploads\/sites\/40\/2021\/02\/Taetigkeitsbericht-2017-2018-3.pdf\" class=\"mtli_attachment mtli_pdf\" class=\"wp-block-file__button\" download>Herunterladen<\/a><\/div>\n\n\n\n<p>4.  Tamil Makkal Kulturverein e.V.<\/p>\n\n\n\n<div class=\"wp-block-file\"><a href=\"http:\/\/integra-netz.de\/verein\/dachverbandmigrantenselbstorganisationenduerenev\/wp-content\/uploads\/sites\/40\/2021\/02\/Taetigkeitsbericht-2018.pdf\" class=\"mtli_attachment mtli_pdf\">Taetigkeitsbericht-2018<\/a><a href=\"http:\/\/integra-netz.de\/verein\/dachverbandmigrantenselbstorganisationenduerenev\/wp-content\/uploads\/sites\/40\/2021\/02\/Taetigkeitsbericht-2018.pdf\" class=\"mtli_attachment mtli_pdf\" class=\"wp-block-file__button\" download>Herunterladen<\/a><\/div>\n\n\n\n<h3 class=\"wp-block-heading\"><strong>F\u00f6rderphase 01\/2019 &#8211; 12\/2020<\/strong><\/h3>\n\n\n\n<p>Der Tamil Makkal Kulturverein e. V. konnte in dieser F\u00f6rderphase in der Projekf\u00f6rderung leider nicht ber\u00fccksichtigt werden.  Dennoch blieb er aktiv mit seiner Spezialit\u00e4t,  den besonderen Tanzdarbietungen der tamilischen Tanzkultur (s.u., Fest der Kulturen im Haus F\u00fcr Alle,  sowie unter Aktuelles <a href=\"http:\/\/integra-netz.de\/verein\/dachverbandmigrantenselbstorganisationenduerenev\/aktuelles\/\">Aktuelles \u2013 Dachverband Migrantenselbstorganisationen D\u00fcren e.V. (integra-netz.de)<\/a>,.<\/p>\n\n\n\n<p>Die verbleibenden drei MSO des Dachverbandes, konnten ihre Projekte der Anschubf\u00f6rderung erfolgreich umsetzen, wobei es jedoch zu Einschr\u00e4nkungen bedingt durch die Corona &#8211; Krise kam. <\/p>\n\n\n\n<p>Der \u201eEritreische Verein f\u00fcr Frieden e.V.&#8220; machte sportliche Angebote:  Eine eigene Fu\u00dfballmannschaft wurde gegr\u00fcndet, die gemeinsam mit einheimischen Vereinen trainiert. Der Verein war dar\u00fcber besonders in der Bildungsarbeit aktiv; besondere Aufmerksamkeit  wurde dem Thema  der Gleichberechtigung der eritreischen Frauen gewidmet. ReferentInnen wurden in den Dachverband eingeladen, welche zum Teil auch in der Muttersprache Tigrinya, f\u00fcr dieses komplexe Thema sensibilisieren. Auch machte der Verein vielf\u00e4ltige Orientierungsangebote f\u00fcr Gefl\u00fcchtete aus Eritrea.<\/p>\n\n\n\n<p>Die Vorstandsleute vom \u201cKurdisch \u2013 Syrischen Hilfsverein f\u00fcr Fl\u00fcchtlinge e.V.\u201c, unter Leitung von&nbsp;<strong>Fener Abdel Rahman<\/strong>, dem 1. Vorsitzenden des Dachverbandes, bildeten ein Team und standen jeden Vormittag bis zum Beginn des Fr\u00fchjahrs  &#8211; lock down im DV bereit um Ratsuchende zu unterst\u00fctzen. Manche F\u00e4lle wurden direkt an die Fachteams des ZSM , Zentrum f\u00fcr Sozial und Migrationsberatung der Evang. Gemeinde verwiesen, andere Ratsuchende wurden gemeinsam mit Dolmetschern der Landessprache (Kurdisch, Arabisch) zu den Beh\u00f6rden begleitet. <\/p>\n\n\n\n<p><strong>Mansur Nazarov&nbsp;<\/strong>vom \u201c\u00d6zdangalla Nordkaukasischen Kultur- und Freundschaftsverein e.V.\u201c organisierte gemeinsame Fastenbrechen \u2013 Abenden mit Fl\u00fcchtlingsfamilien. Ein Schwerpunkt der Vereinsarbeit von \u00d6zdangalla ist der Ethik \u2013 Unterricht, in dem vor allem Jugendlichen Grundwerte- und elemente unserer Gesellschaftsordnung nahegebracht werden: Achtung der Menschenw\u00fcrde, Rechtsstaat, Toleranz, Emanzipation.<\/p>\n\n\n\n<p>Mit weiteren Aktionen, insbesondere bei interkulturellen Begegnungsfesten, waren die DV &#8211; Vereine in vielf\u00e4ltiger Weise aktiv. <\/p>\n\n\n\n<p>s. Berichte unter &#8222;Was ist los im Kreis D\u00fcren&#8220;: <\/p>\n\n\n\n<p><a href=\"https:\/\/www.integra-netz.de\/news\/landesfoerderung-fuer-mso.html\">Landesf\u00f6rderung f\u00fcr MSO &#8211; Integra-Netz | Die Welt zu Hause in Kreis D\u00fcren (integra-netz.de)<\/a>;<\/p>\n\n\n\n<p><a href=\"https:\/\/www.integra-netz.de\/event\/fest-der-kulturen-haus-fuer-alle-am-nordpark.html\">\u201cFest der Kulturen\u201c &#8211; Haus f\u00fcr Alle am Nordpark &#8211; Integra-Netz | Die Welt zu Hause in Kreis D\u00fcren (integra-netz.de)<\/a><\/p>\n\n\n\n<p><a href=\"https:\/\/www.integra-netz.de\/event\/interkulturelles-fest-eritreischer-verein-fuer-frieden-e-v.html\">Interkulture lles Fest &#8211; Eritreischer Verein f\u00fcr Frieden e.V. &#8211; Integra-Netz | Die Welt zu Hause in Kreis D\u00fcren (integra-netz.de)<\/a><\/p>\n","protected":false},"excerpt":{"rendered":"<p>F\u00f6rderphase 09\/2017 &#8211; 12\/2018 Die 4 MSO des &#8222;Dachverband Migrantenselbstorganisationen D\u00fcren e.V.&#8220; haben Antr\u00e4ge im F\u00f6rderprogramm gestellt und erfolgreich die Projekte umgesetzt. 1. Kurdisch &#8211; Syrischer Hilfsverein f\u00fcr Fl\u00fcchtlinge e. V. 2. Eritreischer Verein f\u00fcr Frieden e.V. 3. \u00d6zdangalla Nordkaukasischer Kultur -und Freundschaftsverein e. V. 4. Tamil Makkal Kulturverein e.V. F\u00f6rderphase 01\/2019 &#8211; 12\/2020 Der &hellip; <\/p>\n<p class=\"link-more\"><a href=\"http:\/\/integra-netz.de\/verein\/dachverbandmigrantenselbstorganisationenduerenev\/mso-landesforderung-bezirksregierung-arnsberg-kompetenzzentrum-fur-integration\/\" class=\"more-link\"><span class=\"screen-reader-text\">\u201eMSO &#8211; Landesf\u00f6rderung\/Bezirksregierung Arnsberg\/Kompetenzzentrum f\u00fcr Integration\u201c<\/span> weiterlesen<\/a><\/p>\n","protected":false},"author":35,"featured_media":0,"parent":0,"menu_order":0,"comment_status":"closed","ping_status":"closed","template":"","meta":{"footnotes":""},"class_list":["post-83","page","type-page","status-publish","hentry"],"_links":{"self":[{"href":"http:\/\/integra-netz.de\/verein\/dachverbandmigrantenselbstorganisationenduerenev\/wp-json\/wp\/v2\/pages\/83","targetHints":{"allow":["GET"]}}],"collection":[{"href":"http:\/\/integra-netz.de\/verein\/dachverbandmigrantenselbstorganisationenduerenev\/wp-json\/wp\/v2\/pages"}],"about":[{"href":"http:\/\/integra-netz.de\/verein\/dachverbandmigrantenselbstorganisationenduerenev\/wp-json\/wp\/v2\/types\/page"}],"author":[{"embeddable":true,"href":"http:\/\/integra-netz.de\/verein\/dachverbandmigrantenselbstorganisationenduerenev\/wp-json\/wp\/v2\/users\/35"}],"replies":[{"embeddable":true,"href":"http:\/\/integra-netz.de\/verein\/dachverbandmigrantenselbstorganisationenduerenev\/wp-json\/wp\/v2\/comments?post=83"}],"version-history":[{"count":44,"href":"http:\/\/integra-netz.de\/verein\/dachverbandmigrantenselbstorganisationenduerenev\/wp-json\/wp\/v2\/pages\/83\/revisions"}],"predecessor-version":[{"id":378,"href":"http:\/\/integra-netz.de\/verein\/dachverbandmigrantenselbstorganisationenduerenev\/wp-json\/wp\/v2\/pages\/83\/revisions\/378"}],"wp:attachment":[{"href":"http:\/\/integra-netz.de\/verein\/dachverbandmigrantenselbstorganisationenduerenev\/wp-json\/wp\/v2\/media?parent=83"}],"curies":[{"name":"wp","href":"https:\/\/api.w.org\/{rel}","templated":true}]}}