{"id":70,"date":"2019-07-25T13:17:02","date_gmt":"2019-07-25T11:17:02","guid":{"rendered":"http:\/\/integra-netz.de\/verein\/dachverbandmigrantenselbstorganisationenduerenev\/?page_id=70"},"modified":"2021-08-29T22:10:06","modified_gmt":"2021-08-29T20:10:06","slug":"neuwahl-des-vorstandes","status":"publish","type":"page","link":"http:\/\/integra-netz.de\/verein\/dachverbandmigrantenselbstorganisationenduerenev\/neuwahl-des-vorstandes\/","title":{"rendered":"Neuwahl des Vorstandes, 11.04.2019"},"content":{"rendered":"\n<h4 class=\"wp-block-heading\">Am 11.04.2019 w\u00e4hlten die Mitglieder  des \u201cDachverband MSO D\u00fcren e. V.\u201c einen neuen Vorstand gem\u00e4\u00df der Satzung (\u00a7 8 Nr. 2):<\/h4>\n\n\n\n<div class=\"wp-block-group\"><div class=\"wp-block-group__inner-container is-layout-flow wp-block-group-is-layout-flow\">\n<div class=\"wp-block-columns is-layout-flex wp-container-core-columns-is-layout-9d6595d7 wp-block-columns-is-layout-flex\">\n<div class=\"wp-block-column is-vertically-aligned-top is-layout-flow wp-block-column-is-layout-flow\" style=\"flex-basis:100%\">\n<div class=\"wp-block-columns is-layout-flex wp-container-core-columns-is-layout-9d6595d7 wp-block-columns-is-layout-flex\">\n<div class=\"wp-block-column is-layout-flow wp-block-column-is-layout-flow\" style=\"flex-basis:100%\">\n<div class=\"wp-block-group\"><div class=\"wp-block-group__inner-container is-layout-flow wp-block-group-is-layout-flow\">\n<ul class=\"wp-block-list\"><li>Zum neuen <strong>1. Vorsitzenden<\/strong>  wurde  <strong>Herr Fener Abdel Rahman&nbsp;&nbsp;<\/strong>gew\u00e4hlt. <\/li><li>Zur neuen  <strong>2. Vorsitzenden<\/strong> wurde <strong>Frau&nbsp; Janany Luxmykanthan <\/strong>gew\u00e4hlt.<\/li><li>Zum&nbsp; neuen <strong>Kassierer<\/strong> wurde <strong> Herr Mansur Nazarov <\/strong>gew\u00e4hlt.<\/li><li>Zum neuen <strong>Schriftf\u00fchrer<\/strong> wurde <strong>Herr  Rodar Abdel Rahman<\/strong> gew\u00e4hlt. <\/li><\/ul>\n\n\n\n<p><\/p>\n<\/div><\/div>\n\n\n\n<p><\/p>\n<\/div>\n<\/div>\n<\/div>\n<\/div>\n<\/div><\/div>\n\n\n\n<p> <\/p>\n","protected":false},"excerpt":{"rendered":"<p>Am 11.04.2019 w\u00e4hlten die Mitglieder des \u201cDachverband MSO D\u00fcren e. V.\u201c einen neuen Vorstand gem\u00e4\u00df der Satzung (\u00a7 8 Nr. 2): Zum neuen 1. Vorsitzenden wurde Herr Fener Abdel Rahman&nbsp;&nbsp;gew\u00e4hlt. Zur neuen 2. Vorsitzenden wurde Frau&nbsp; Janany Luxmykanthan gew\u00e4hlt. Zum&nbsp; neuen Kassierer wurde Herr Mansur Nazarov gew\u00e4hlt. Zum neuen Schriftf\u00fchrer wurde Herr Rodar Abdel Rahman &hellip; <\/p>\n<p class=\"link-more\"><a href=\"http:\/\/integra-netz.de\/verein\/dachverbandmigrantenselbstorganisationenduerenev\/neuwahl-des-vorstandes\/\" class=\"more-link\"><span class=\"screen-reader-text\">\u201eNeuwahl des Vorstandes, 11.04.2019\u201c<\/span> weiterlesen<\/a><\/p>\n","protected":false},"author":35,"featured_media":0,"parent":0,"menu_order":0,"comment_status":"closed","ping_status":"closed","template":"","meta":{"footnotes":""},"class_list":["post-70","page","type-page","status-publish","hentry"],"_links":{"self":[{"href":"http:\/\/integra-netz.de\/verein\/dachverbandmigrantenselbstorganisationenduerenev\/wp-json\/wp\/v2\/pages\/70","targetHints":{"allow":["GET"]}}],"collection":[{"href":"http:\/\/integra-netz.de\/verein\/dachverbandmigrantenselbstorganisationenduerenev\/wp-json\/wp\/v2\/pages"}],"about":[{"href":"http:\/\/integra-netz.de\/verein\/dachverbandmigrantenselbstorganisationenduerenev\/wp-json\/wp\/v2\/types\/page"}],"author":[{"embeddable":true,"href":"http:\/\/integra-netz.de\/verein\/dachverbandmigrantenselbstorganisationenduerenev\/wp-json\/wp\/v2\/users\/35"}],"replies":[{"embeddable":true,"href":"http:\/\/integra-netz.de\/verein\/dachverbandmigrantenselbstorganisationenduerenev\/wp-json\/wp\/v2\/comments?post=70"}],"version-history":[{"count":33,"href":"http:\/\/integra-netz.de\/verein\/dachverbandmigrantenselbstorganisationenduerenev\/wp-json\/wp\/v2\/pages\/70\/revisions"}],"predecessor-version":[{"id":457,"href":"http:\/\/integra-netz.de\/verein\/dachverbandmigrantenselbstorganisationenduerenev\/wp-json\/wp\/v2\/pages\/70\/revisions\/457"}],"wp:attachment":[{"href":"http:\/\/integra-netz.de\/verein\/dachverbandmigrantenselbstorganisationenduerenev\/wp-json\/wp\/v2\/media?parent=70"}],"curies":[{"name":"wp","href":"https:\/\/api.w.org\/{rel}","templated":true}]}}