{"id":558,"date":"2023-09-13T22:22:00","date_gmt":"2023-09-13T20:22:00","guid":{"rendered":"https:\/\/integra-netz.de\/verein\/dachverbandmigrantenselbstorganisationenduerenev\/?page_id=558"},"modified":"2023-11-24T17:42:50","modified_gmt":"2023-11-24T16:42:50","slug":"neuwahl-des-vorstandes-am-04-08-23","status":"publish","type":"page","link":"http:\/\/integra-netz.de\/verein\/dachverbandmigrantenselbstorganisationenduerenev\/neuwahl-des-vorstandes-am-04-08-23\/","title":{"rendered":"Neuwahl des Vorstandes am 04.08.2023"},"content":{"rendered":"\n<p>Am&nbsp;<strong>Freitag, den 04. August, 2023<\/strong>, hielt der Dachverband MSO D\u00fcren e.V. am Vereinssitz in der Josef \u2013 Schregel \u2013 Str. 38 die Mitgliederversammlung&nbsp;zur <strong>Neuwahl des Vorstandes<\/strong>&nbsp;ab.<\/p>\n\n\n\n<div class=\"wp-block-columns is-layout-flex wp-container-core-columns-is-layout-9d6595d7 wp-block-columns-is-layout-flex\">\n<div class=\"wp-block-column is-layout-flow wp-block-column-is-layout-flow\" style=\"flex-basis:100%\">\n<ul class=\"wp-block-list\"><li>Zum neuen <strong>1. Vorsitzenden<\/strong> wurde  Herr<strong> Abm Ashrafuzzaman<\/strong> (<strong>Prithu Sanyal<\/strong>) gew\u00e4hlt.<\/li><li>Zur <strong>2. Vorsitzenden<\/strong> wurde Frau <strong>Roonak Aziz<\/strong> gew\u00e4hlt.<\/li><li>Zum&nbsp;<strong>Kassierer<\/strong> wurde Herr <strong>Vilangani Nali Tika<\/strong>  (<strong>Mack Tika<\/strong>) gew\u00e4hlt.<\/li><li>Zur neuen <strong>Schriftf\u00fchrerein<\/strong> wurde Frau<strong> Sarah Egal<\/strong> gew\u00e4hlt.<\/li><\/ul>\n<\/div>\n<\/div>\n\n\n\n<figure class=\"wp-block-image size-large\"><a href=\"https:\/\/integra-netz.de\/verein\/dachverbandmigrantenselbstorganisationenduerenev\/wp-content\/uploads\/sites\/40\/2023\/09\/bed8a948-9c96-4714-983b-4fee497487f1_ohne-Guener.jpg\"><img loading=\"lazy\" decoding=\"async\" width=\"1024\" height=\"768\" src=\"https:\/\/integra-netz.de\/verein\/dachverbandmigrantenselbstorganisationenduerenev\/wp-content\/uploads\/sites\/40\/2023\/09\/bed8a948-9c96-4714-983b-4fee497487f1_ohne-Guener-1024x768.jpg\" alt=\"\" class=\"wp-image-605\" srcset=\"http:\/\/integra-netz.de\/verein\/dachverbandmigrantenselbstorganisationenduerenev\/wp-content\/uploads\/sites\/40\/2023\/09\/bed8a948-9c96-4714-983b-4fee497487f1_ohne-Guener-1024x768.jpg 1024w, http:\/\/integra-netz.de\/verein\/dachverbandmigrantenselbstorganisationenduerenev\/wp-content\/uploads\/sites\/40\/2023\/09\/bed8a948-9c96-4714-983b-4fee497487f1_ohne-Guener-300x225.jpg 300w, http:\/\/integra-netz.de\/verein\/dachverbandmigrantenselbstorganisationenduerenev\/wp-content\/uploads\/sites\/40\/2023\/09\/bed8a948-9c96-4714-983b-4fee497487f1_ohne-Guener-768x576.jpg 768w, http:\/\/integra-netz.de\/verein\/dachverbandmigrantenselbstorganisationenduerenev\/wp-content\/uploads\/sites\/40\/2023\/09\/bed8a948-9c96-4714-983b-4fee497487f1_ohne-Guener-1536x1152.jpg 1536w, http:\/\/integra-netz.de\/verein\/dachverbandmigrantenselbstorganisationenduerenev\/wp-content\/uploads\/sites\/40\/2023\/09\/bed8a948-9c96-4714-983b-4fee497487f1_ohne-Guener.jpg 1600w\" sizes=\"auto, (max-width: 767px) 89vw, (max-width: 1000px) 54vw, (max-width: 1071px) 543px, 580px\" \/><\/a><\/figure>\n\n\n\n<p>Die Anwesenden danken herzlich der letzten 1. Vorsitzenden, Frau <strong>Mohana Nandapalan, <\/strong>und Schriftf\u00fchrerin, <strong>Lara Bremer<\/strong>, f\u00fcr ihr Engagement.<\/p>\n\n\n\n<p>Unter Leitung von Frau Nandapalan etablierte sich der Dachverband weiter als ein Ankommens &#8211; Treffpunkt f\u00fcr MigrantInnen, Gefl\u00fcchtete und die Mitgliedsvereine des DV in der Innenstadt.<\/p>\n\n\n\n<p>Neuer 1. Vorsitzenden des Dachverbandes ist nun <strong>Abm Ashrafuzzaman<\/strong>, den meisten unter seinem K\u00fcnstlernamen, <strong>Prithu Sanyal<\/strong>, bekannt. Als Blogger und Menschenrechtsaktivist hat er sich einen Namen gemacht.<\/p>\n\n\n\n<p>Zur neuen Schriftf\u00fchrerin wurde <strong>Sarah Egal <\/strong>gew\u00e4hlt, welche seit vielen Jahren in der Frauenarbeit und als Vorsitzende des \u201cSomalischen Kulturverein Mandeq e.V.\u201c eine ma\u00dfgebliche Rolle in Stadt und Kreis D\u00fcren spielt.<\/p>\n\n\n\n<p>Alle freuen sich, dass <strong>Roonak Aziz <\/strong>und <strong>Mack Tika<\/strong> ihre Funktionen als 2. Vorsitzende und Kassierer des Dachverbandes fortf\u00fchren. Mit ihrer Tatkraft und stetigem Engagement halten sie die Aktionen des Dachverbandes am Laufen.<\/p>\n","protected":false},"excerpt":{"rendered":"<p>Am&nbsp;Freitag, den 04. August, 2023, hielt der Dachverband MSO D\u00fcren e.V. am Vereinssitz in der Josef \u2013 Schregel \u2013 Str. 38 die Mitgliederversammlung&nbsp;zur Neuwahl des Vorstandes&nbsp;ab. Zum neuen 1. Vorsitzenden wurde Herr Abm Ashrafuzzaman (Prithu Sanyal) gew\u00e4hlt. Zur 2. Vorsitzenden wurde Frau Roonak Aziz gew\u00e4hlt. Zum&nbsp;Kassierer wurde Herr Vilangani Nali Tika (Mack Tika) gew\u00e4hlt. Zur &hellip; <\/p>\n<p class=\"link-more\"><a href=\"http:\/\/integra-netz.de\/verein\/dachverbandmigrantenselbstorganisationenduerenev\/neuwahl-des-vorstandes-am-04-08-23\/\" class=\"more-link\"><span class=\"screen-reader-text\">\u201eNeuwahl des Vorstandes am 04.08.2023\u201c<\/span> weiterlesen<\/a><\/p>\n","protected":false},"author":35,"featured_media":0,"parent":0,"menu_order":0,"comment_status":"closed","ping_status":"closed","template":"","meta":{"footnotes":""},"class_list":["post-558","page","type-page","status-publish","hentry"],"_links":{"self":[{"href":"http:\/\/integra-netz.de\/verein\/dachverbandmigrantenselbstorganisationenduerenev\/wp-json\/wp\/v2\/pages\/558","targetHints":{"allow":["GET"]}}],"collection":[{"href":"http:\/\/integra-netz.de\/verein\/dachverbandmigrantenselbstorganisationenduerenev\/wp-json\/wp\/v2\/pages"}],"about":[{"href":"http:\/\/integra-netz.de\/verein\/dachverbandmigrantenselbstorganisationenduerenev\/wp-json\/wp\/v2\/types\/page"}],"author":[{"embeddable":true,"href":"http:\/\/integra-netz.de\/verein\/dachverbandmigrantenselbstorganisationenduerenev\/wp-json\/wp\/v2\/users\/35"}],"replies":[{"embeddable":true,"href":"http:\/\/integra-netz.de\/verein\/dachverbandmigrantenselbstorganisationenduerenev\/wp-json\/wp\/v2\/comments?post=558"}],"version-history":[{"count":28,"href":"http:\/\/integra-netz.de\/verein\/dachverbandmigrantenselbstorganisationenduerenev\/wp-json\/wp\/v2\/pages\/558\/revisions"}],"predecessor-version":[{"id":636,"href":"http:\/\/integra-netz.de\/verein\/dachverbandmigrantenselbstorganisationenduerenev\/wp-json\/wp\/v2\/pages\/558\/revisions\/636"}],"wp:attachment":[{"href":"http:\/\/integra-netz.de\/verein\/dachverbandmigrantenselbstorganisationenduerenev\/wp-json\/wp\/v2\/media?parent=558"}],"curies":[{"name":"wp","href":"https:\/\/api.w.org\/{rel}","templated":true}]}}