{"id":430,"date":"2021-08-29T20:56:35","date_gmt":"2021-08-29T18:56:35","guid":{"rendered":"http:\/\/integra-netz.de\/verein\/dachverbandmigrantenselbstorganisationenduerenev\/?page_id=430"},"modified":"2021-09-16T16:27:59","modified_gmt":"2021-09-16T14:27:59","slug":"neuwahl-des-vorstandes-10-08-2021","status":"publish","type":"page","link":"http:\/\/integra-netz.de\/verein\/dachverbandmigrantenselbstorganisationenduerenev\/neuwahl-des-vorstandes-10-08-2021\/","title":{"rendered":"Neuwahl des Vorstandes, 10.08.2021"},"content":{"rendered":"\n<h2 class=\"wp-block-heading\"><\/h2>\n\n\n\n<p><strong>Am 10.08.2021 w\u00e4hlten die Mitglieder des \u201cDachverband MSO D\u00fcren e. V.\u201c einen neuen Vorstand gem\u00e4\u00df der Satzung (\u00a7 8 Nr. 2):<\/strong><\/p>\n\n\n\n<div class=\"wp-block-group\"><div class=\"wp-block-group__inner-container is-layout-flow wp-block-group-is-layout-flow\">\n<ul class=\"wp-block-list\"><li>Zur neuen <strong>1. Vorsitzenden<\/strong> wurde Frau <strong>Mohanaratha Nandapalan<\/strong> gew\u00e4hlt.<\/li><li>Zur neuen <strong>2. Vorsitzenden<\/strong> wurde Frau <strong>Roonak Aziz<\/strong> gew\u00e4hlt.<\/li><li>Zum&nbsp;neuen <strong>Kassierer<\/strong> wurde Herr <strong>Vilangani Nali Tika<\/strong> gew\u00e4hlt.<\/li><li>Zur neuen <strong>Schriftf\u00fchrerein<\/strong> wurde Frau<strong> Lara Bremer<\/strong> gew\u00e4hlt.<\/li><\/ul>\n\n\n\n<figure class=\"wp-block-image size-large\"><a href=\"https:\/\/integra-netz.de\/verein\/dachverbandmigrantenselbstorganisationenduerenev\/wp-content\/uploads\/sites\/40\/2021\/09\/Foto-neu-gewaehlter-Vorstand-Eingang-10.08.21.jpeg\"><img loading=\"lazy\" decoding=\"async\" width=\"1024\" height=\"768\" src=\"https:\/\/integra-netz.de\/verein\/dachverbandmigrantenselbstorganisationenduerenev\/wp-content\/uploads\/sites\/40\/2021\/09\/Foto-neu-gewaehlter-Vorstand-Eingang-10.08.21-1024x768.jpeg\" alt=\"\" class=\"wp-image-485\" srcset=\"http:\/\/integra-netz.de\/verein\/dachverbandmigrantenselbstorganisationenduerenev\/wp-content\/uploads\/sites\/40\/2021\/09\/Foto-neu-gewaehlter-Vorstand-Eingang-10.08.21-1024x768.jpeg 1024w, http:\/\/integra-netz.de\/verein\/dachverbandmigrantenselbstorganisationenduerenev\/wp-content\/uploads\/sites\/40\/2021\/09\/Foto-neu-gewaehlter-Vorstand-Eingang-10.08.21-300x225.jpeg 300w, http:\/\/integra-netz.de\/verein\/dachverbandmigrantenselbstorganisationenduerenev\/wp-content\/uploads\/sites\/40\/2021\/09\/Foto-neu-gewaehlter-Vorstand-Eingang-10.08.21-768x576.jpeg 768w, http:\/\/integra-netz.de\/verein\/dachverbandmigrantenselbstorganisationenduerenev\/wp-content\/uploads\/sites\/40\/2021\/09\/Foto-neu-gewaehlter-Vorstand-Eingang-10.08.21-1536x1152.jpeg 1536w, http:\/\/integra-netz.de\/verein\/dachverbandmigrantenselbstorganisationenduerenev\/wp-content\/uploads\/sites\/40\/2021\/09\/Foto-neu-gewaehlter-Vorstand-Eingang-10.08.21.jpeg 1600w\" sizes=\"auto, (max-width: 767px) 89vw, (max-width: 1000px) 54vw, (max-width: 1071px) 543px, 580px\" \/><\/a><\/figure>\n<\/div><\/div>\n\n\n\n<p>Endlich konnte wieder ein Vereinstreffen <strong>in Pr\u00e4senz <\/strong>abgehalten werden, und noch dazu ein sehr wichtiges:<\/p>\n\n\n\n<p>Am   <strong>Dienstag, den 10. August, 2021<\/strong>, hielt der Dachverband MSO D\u00fcren e.V. am Vereinssitz in der Josef \u2013 Schregel \u2013 Str. die Mitgliederversammlung <strong>zur Neuwahl des Vorstandes<\/strong> ab; die zweij\u00e4hrige Amtsdauer des alten Vorstandes war schon im April dieses Jahres abgelaufen, doch konnte die Neuwahl wegen der lock down Einschr\u00e4nkungen nicht durchgef\u00fchrt werden.<\/p>\n\n\n\n<p>Vereint und aktiv zu bleiben w\u00e4hrend der Corona \u2013 Pandemie war schwieriger denn je; es konnten weder Veranstaltungen stattfinden noch Leistungen angeboten werden. Das war ganz sch\u00f6n bitter nach dem so vielversprechenden Beginn.<\/p>\n\n\n\n<p>Unter F\u00fchrung des letzten 1. Vorsitzenden, <strong>Fener Abdel Rahman<\/strong>, hatte sich der Dachverband zu Beginn 2020 zu einer regen Anlaufstelle etabliert, insbesondere f\u00fcr Gefl\u00fcchtete aus dem B\u00fcrgerkriegsland Syrien. Viele kurdisch \u2013 und arabisch sprechenden Landsleute suchten Hilfe und wurden von den DV &#8211; Vereinsmitgliedern tatkr\u00e4ftig unterst\u00fctzt: &nbsp;<\/p>\n\n\n\n<div class=\"wp-block-columns is-layout-flex wp-container-core-columns-is-layout-9d6595d7 wp-block-columns-is-layout-flex\">\n<div class=\"wp-block-column is-layout-flow wp-block-column-is-layout-flow\" style=\"flex-basis:100%\">\n<ul class=\"wp-block-list\"><li>Bei \u00dcbersetzung und Erl\u00e4uterung von Dokumenten<\/li><li>Hilfe beim Ausf\u00fcllen von Formularen<\/li><li>Begleitung zu \u00c4mtern und anderen Institutionen<\/li><li>bei der Arbeitssuche<\/li><li>beim Deutsch \u2013 Lernen<\/li><li>und der Orientierung in fremder Umgebung.<\/li><\/ul>\n\n\n\n<p><strong>Mit der Wahl des neuen Vorstandes nimmt der Dachverband nun erneut Fahrt auf!<\/strong><\/p>\n<\/div>\n<\/div>\n\n\n\n<p><strong>Der Dachverband hat sich zudem betr\u00e4chtlich erweitert und verst\u00e4rkt: <\/strong><\/p>\n\n\n\n<p><strong>Vier MSO und zwei Initiativen sind neu dazu gesto\u00dfen:<\/strong><\/p>\n\n\n\n<div class=\"wp-block-columns is-layout-flex wp-container-core-columns-is-layout-9d6595d7 wp-block-columns-is-layout-flex\">\n<div class=\"wp-block-column is-layout-flow wp-block-column-is-layout-flow\" style=\"flex-basis:100%\">\n<ul class=\"wp-block-list\"><li>Bana Afrika e.V.<\/li><li>Irakisch- Kurdischer Sport- und Kulturverein e.V.<\/li><li>Kavoetchea \u2013 Zusammenbleiben e.V.<\/li><li>Somalischer Kulturverein Mandeq e.V.<\/li><li>Mutowaaf \u2013 Kinder von Afrika (in Gr\u00fcndung)<\/li><li>Intitiative aus Bangladesh<\/li><\/ul>\n\n\n\n<p><\/p>\n<\/div>\n<\/div>\n\n\n\n<p>Zun\u00e4chst gilt es viele organisatorische Aufgaben zu bew\u00e4ltigen, insbesondere die Aufteilung der B\u00fcros und die Nutzung des Gemeinschaftsraums. Dann steht die eigentliche inhaltliche Arbeit an:<\/p>\n\n\n\n<p>Neben den konkreten Hilfsangeboten f\u00fcr Neuzugewanderte m\u00f6chten die Vereine die Vielfalt D\u00fcrens in Kunst und Kultur f\u00f6rdern und abbilden und so zu einem gelingenden Austausch von Kultur und Lebensstilen aus ganz unterschiedlichen Herkunftsregionen beitragen.<\/p>\n\n\n\n<p>Es ist geplant, dass sie als Repr\u00e4sentanten ihrer jeweiligen Herkunftskulturen in verschiedenen Projekten besondere Facetten ihrer Kultur vermitteln.<\/p>\n\n\n\n<p><\/p>\n","protected":false},"excerpt":{"rendered":"<p>Am 10.08.2021 w\u00e4hlten die Mitglieder des \u201cDachverband MSO D\u00fcren e. V.\u201c einen neuen Vorstand gem\u00e4\u00df der Satzung (\u00a7 8 Nr. 2): Zur neuen 1. Vorsitzenden wurde Frau Mohanaratha Nandapalan gew\u00e4hlt. Zur neuen 2. Vorsitzenden wurde Frau Roonak Aziz gew\u00e4hlt. Zum&nbsp;neuen Kassierer wurde Herr Vilangani Nali Tika gew\u00e4hlt. Zur neuen Schriftf\u00fchrerein wurde Frau Lara Bremer gew\u00e4hlt. &hellip; <\/p>\n<p class=\"link-more\"><a href=\"http:\/\/integra-netz.de\/verein\/dachverbandmigrantenselbstorganisationenduerenev\/neuwahl-des-vorstandes-10-08-2021\/\" class=\"more-link\"><span class=\"screen-reader-text\">\u201eNeuwahl des Vorstandes, 10.08.2021\u201c<\/span> weiterlesen<\/a><\/p>\n","protected":false},"author":35,"featured_media":0,"parent":0,"menu_order":0,"comment_status":"closed","ping_status":"closed","template":"","meta":{"footnotes":""},"class_list":["post-430","page","type-page","status-publish","hentry"],"_links":{"self":[{"href":"http:\/\/integra-netz.de\/verein\/dachverbandmigrantenselbstorganisationenduerenev\/wp-json\/wp\/v2\/pages\/430","targetHints":{"allow":["GET"]}}],"collection":[{"href":"http:\/\/integra-netz.de\/verein\/dachverbandmigrantenselbstorganisationenduerenev\/wp-json\/wp\/v2\/pages"}],"about":[{"href":"http:\/\/integra-netz.de\/verein\/dachverbandmigrantenselbstorganisationenduerenev\/wp-json\/wp\/v2\/types\/page"}],"author":[{"embeddable":true,"href":"http:\/\/integra-netz.de\/verein\/dachverbandmigrantenselbstorganisationenduerenev\/wp-json\/wp\/v2\/users\/35"}],"replies":[{"embeddable":true,"href":"http:\/\/integra-netz.de\/verein\/dachverbandmigrantenselbstorganisationenduerenev\/wp-json\/wp\/v2\/comments?post=430"}],"version-history":[{"count":18,"href":"http:\/\/integra-netz.de\/verein\/dachverbandmigrantenselbstorganisationenduerenev\/wp-json\/wp\/v2\/pages\/430\/revisions"}],"predecessor-version":[{"id":505,"href":"http:\/\/integra-netz.de\/verein\/dachverbandmigrantenselbstorganisationenduerenev\/wp-json\/wp\/v2\/pages\/430\/revisions\/505"}],"wp:attachment":[{"href":"http:\/\/integra-netz.de\/verein\/dachverbandmigrantenselbstorganisationenduerenev\/wp-json\/wp\/v2\/media?parent=430"}],"curies":[{"name":"wp","href":"https:\/\/api.w.org\/{rel}","templated":true}]}}