{"id":392,"date":"2021-02-15T22:07:21","date_gmt":"2021-02-15T21:07:21","guid":{"rendered":"http:\/\/integra-netz.de\/verein\/dachverbandmigrantenselbstorganisationenduerenev\/?page_id=392"},"modified":"2021-02-16T07:58:33","modified_gmt":"2021-02-16T06:58:33","slug":"integrationsbausteine-ein-elternbildungsangebot-des-dksb-deutscher-kinderschutzbund-08-10-2019","status":"publish","type":"page","link":"http:\/\/integra-netz.de\/verein\/dachverbandmigrantenselbstorganisationenduerenev\/integrationsbausteine-ein-elternbildungsangebot-des-dksb-deutscher-kinderschutzbund-08-10-2019\/","title":{"rendered":"Integrationsbausteine &#8211; Ein Elternbildungsangebot des DKSB (Deutscher Kinderschutzbund  08 &#8211; 10\/2019"},"content":{"rendered":"\n<figure class=\"wp-block-image is-resized\"><img loading=\"lazy\" decoding=\"async\" src=\"http:\/\/integra-netz.de\/verein\/dachverbandmigrantenselbstorganisationenduerenev\/wp-content\/uploads\/sites\/40\/2021\/02\/LOGO-DKSB.png\" alt=\"Dieses Bild hat ein leeres Alt-Attribut. Der Dateiname ist LOGO-DKSB.png\" width=\"199\" height=\"61\"\/><\/figure>\n\n\n\n<figure class=\"wp-block-image size-large is-resized\"><a href=\"http:\/\/integra-netz.de\/verein\/dachverbandmigrantenselbstorganisationenduerenev\/wp-content\/uploads\/sites\/40\/2021\/02\/Logo-Bundesministerium-fuer-Familie-Senioren-Frauen-und-Jugend-1.png\"><img loading=\"lazy\" decoding=\"async\" src=\"http:\/\/integra-netz.de\/verein\/dachverbandmigrantenselbstorganisationenduerenev\/wp-content\/uploads\/sites\/40\/2021\/02\/Logo-Bundesministerium-fuer-Familie-Senioren-Frauen-und-Jugend-1.png\" alt=\"\" class=\"wp-image-396\" width=\"198\" height=\"67\"\/><\/a><\/figure>\n\n\n\n<p>Wie im Vorjahr wurde das Kursangebot des DKSB  umgesetzt.  Wegen personeller Engp\u00e4sse konnte der Tamil Makkal Kulturverein e.V. dieses Mal nicht mitwirken.  Das Programm wurde vom Kurdisch &#8211; Syrischen Hilfsverein f\u00fcr Fl\u00fcchtlinge, e.V., wieder in Kooperation mit der Integrationsagentur der Evang. Gemeinde zu D\u00fcren gestaltet. <\/p>\n\n\n\n<p>In der Anlage sehen sie das komplette Kursprogramm:<\/p>\n\n\n\n<div class=\"wp-block-file\"><a href=\"http:\/\/integra-netz.de\/verein\/dachverbandmigrantenselbstorganisationenduerenev\/wp-content\/uploads\/sites\/40\/2021\/02\/SACHBE2-2.pdf\" class=\"mtli_attachment mtli_pdf\">SACHBE2-2<\/a><a href=\"http:\/\/integra-netz.de\/verein\/dachverbandmigrantenselbstorganisationenduerenev\/wp-content\/uploads\/sites\/40\/2021\/02\/SACHBE2-2.pdf\" class=\"mtli_attachment mtli_pdf\" class=\"wp-block-file__button\" download>Herunterladen<\/a><\/div>\n","protected":false},"excerpt":{"rendered":"<p>Wie im Vorjahr wurde das Kursangebot des DKSB umgesetzt. Wegen personeller Engp\u00e4sse konnte der Tamil Makkal Kulturverein e.V. dieses Mal nicht mitwirken. Das Programm wurde vom Kurdisch &#8211; Syrischen Hilfsverein f\u00fcr Fl\u00fcchtlinge, e.V., wieder in Kooperation mit der Integrationsagentur der Evang. Gemeinde zu D\u00fcren gestaltet. In der Anlage sehen sie das komplette Kursprogramm:<\/p>\n","protected":false},"author":35,"featured_media":0,"parent":0,"menu_order":0,"comment_status":"closed","ping_status":"closed","template":"","meta":{"footnotes":""},"class_list":["post-392","page","type-page","status-publish","hentry"],"_links":{"self":[{"href":"http:\/\/integra-netz.de\/verein\/dachverbandmigrantenselbstorganisationenduerenev\/wp-json\/wp\/v2\/pages\/392","targetHints":{"allow":["GET"]}}],"collection":[{"href":"http:\/\/integra-netz.de\/verein\/dachverbandmigrantenselbstorganisationenduerenev\/wp-json\/wp\/v2\/pages"}],"about":[{"href":"http:\/\/integra-netz.de\/verein\/dachverbandmigrantenselbstorganisationenduerenev\/wp-json\/wp\/v2\/types\/page"}],"author":[{"embeddable":true,"href":"http:\/\/integra-netz.de\/verein\/dachverbandmigrantenselbstorganisationenduerenev\/wp-json\/wp\/v2\/users\/35"}],"replies":[{"embeddable":true,"href":"http:\/\/integra-netz.de\/verein\/dachverbandmigrantenselbstorganisationenduerenev\/wp-json\/wp\/v2\/comments?post=392"}],"version-history":[{"count":9,"href":"http:\/\/integra-netz.de\/verein\/dachverbandmigrantenselbstorganisationenduerenev\/wp-json\/wp\/v2\/pages\/392\/revisions"}],"predecessor-version":[{"id":425,"href":"http:\/\/integra-netz.de\/verein\/dachverbandmigrantenselbstorganisationenduerenev\/wp-json\/wp\/v2\/pages\/392\/revisions\/425"}],"wp:attachment":[{"href":"http:\/\/integra-netz.de\/verein\/dachverbandmigrantenselbstorganisationenduerenev\/wp-json\/wp\/v2\/media?parent=392"}],"curies":[{"name":"wp","href":"https:\/\/api.w.org\/{rel}","templated":true}]}}