{"id":379,"date":"2021-02-15T21:04:13","date_gmt":"2021-02-15T20:04:13","guid":{"rendered":"http:\/\/integra-netz.de\/verein\/dachverbandmigrantenselbstorganisationenduerenev\/?page_id=379"},"modified":"2021-02-16T07:52:53","modified_gmt":"2021-02-16T06:52:53","slug":"integrationsbausteine-ein-elternbildungsangebot-des-dksb-deutscher-kinderschutzbund","status":"publish","type":"page","link":"http:\/\/integra-netz.de\/verein\/dachverbandmigrantenselbstorganisationenduerenev\/integrationsbausteine-ein-elternbildungsangebot-des-dksb-deutscher-kinderschutzbund\/","title":{"rendered":"Integrationsbausteine &#8211; Ein Elternbildungsangebot des DKSB (Deutscher Kinderschutzbund  07 &#8211; 09\/2018"},"content":{"rendered":"\n<figure class=\"wp-block-image size-large is-resized\"><a href=\"http:\/\/integra-netz.de\/verein\/dachverbandmigrantenselbstorganisationenduerenev\/wp-content\/uploads\/sites\/40\/2021\/02\/LOGO-DKSB.png\"><img loading=\"lazy\" decoding=\"async\" src=\"http:\/\/integra-netz.de\/verein\/dachverbandmigrantenselbstorganisationenduerenev\/wp-content\/uploads\/sites\/40\/2021\/02\/LOGO-DKSB.png\" alt=\"\" class=\"wp-image-385\" width=\"166\" height=\"51\" srcset=\"http:\/\/integra-netz.de\/verein\/dachverbandmigrantenselbstorganisationenduerenev\/wp-content\/uploads\/sites\/40\/2021\/02\/LOGO-DKSB.png 358w, http:\/\/integra-netz.de\/verein\/dachverbandmigrantenselbstorganisationenduerenev\/wp-content\/uploads\/sites\/40\/2021\/02\/LOGO-DKSB-300x92.png 300w\" sizes=\"auto, (max-width: 166px) 100vw, 166px\" \/><\/a><\/figure>\n\n\n\n<p>Das Elternbildungsprogramm Starke Eltern &#8211; Starke Kinder\u00ae des Deutschen Kinderschutzbundes (DKSB) st\u00e4rkt seit mehr als drei Jahrzehnten die Erziehungskompetenz und verschafft so auch den Kinderrechten in der Familie mehr Geltung. Nun bietet der DKSB erstmals sogenannte Integrationsbausteine f\u00fcr Eltern mit Zuwanderungsgeschichte an. Gef\u00f6rdert wird das Projekt vom Bundesministerium f\u00fcr Familie, Senioren, Frauen und Jugend.<\/p>\n\n\n\n<figure class=\"wp-block-image size-large is-resized\"><a href=\"http:\/\/integra-netz.de\/verein\/dachverbandmigrantenselbstorganisationenduerenev\/wp-content\/uploads\/sites\/40\/2021\/02\/Logo-Bundesministerium-fuer-Familie-Senioren-Frauen-und-Jugend.png\"><img loading=\"lazy\" decoding=\"async\" src=\"http:\/\/integra-netz.de\/verein\/dachverbandmigrantenselbstorganisationenduerenev\/wp-content\/uploads\/sites\/40\/2021\/02\/Logo-Bundesministerium-fuer-Familie-Senioren-Frauen-und-Jugend.png\" alt=\"\" class=\"wp-image-386\" width=\"195\" height=\"66\"\/><\/a><\/figure>\n\n\n\n<p>Zwei MSO des Dachverbandes setzten, in Kooperation mit der Integrationsagentur (Evang. Gemeinde), das Elternf\u00f6rderangebot f\u00fcr Gefl\u00fcchtete um:<\/p>\n\n\n\n<ul class=\"wp-block-list\"><li>Tamil  Makkal Kulturverein e.V. <\/li><li>Kurdisch &#8211; Syrischer Hilfsverein f\u00fcr Fl\u00fcchtlinge e.V.<\/li><\/ul>\n\n\n\n<p>In der Anlage sehen sie das komplette Kursprogramm:<\/p>\n\n\n\n<div class=\"wp-block-file\"><a href=\"http:\/\/integra-netz.de\/verein\/dachverbandmigrantenselbstorganisationenduerenev\/wp-content\/uploads\/sites\/40\/2021\/02\/Sachbericht-Kurdisch-Syrischer-....e.V.-Tamil-Makkal-...e.V.-1.pdf\" class=\"mtli_attachment mtli_pdf\">Sachbericht-Kurdisch-Syrischer-&#8230;.e.V.-Tamil-Makkal-&#8230;e.V.-1<\/a><a href=\"http:\/\/integra-netz.de\/verein\/dachverbandmigrantenselbstorganisationenduerenev\/wp-content\/uploads\/sites\/40\/2021\/02\/Sachbericht-Kurdisch-Syrischer-....e.V.-Tamil-Makkal-...e.V.-1.pdf\" class=\"mtli_attachment mtli_pdf\" class=\"wp-block-file__button\" download>Herunterladen<\/a><\/div>\n","protected":false},"excerpt":{"rendered":"<p>Das Elternbildungsprogramm Starke Eltern &#8211; Starke Kinder\u00ae des Deutschen Kinderschutzbundes (DKSB) st\u00e4rkt seit mehr als drei Jahrzehnten die Erziehungskompetenz und verschafft so auch den Kinderrechten in der Familie mehr Geltung. Nun bietet der DKSB erstmals sogenannte Integrationsbausteine f\u00fcr Eltern mit Zuwanderungsgeschichte an. Gef\u00f6rdert wird das Projekt vom Bundesministerium f\u00fcr Familie, Senioren, Frauen und Jugend. Zwei &hellip; <\/p>\n<p class=\"link-more\"><a href=\"http:\/\/integra-netz.de\/verein\/dachverbandmigrantenselbstorganisationenduerenev\/integrationsbausteine-ein-elternbildungsangebot-des-dksb-deutscher-kinderschutzbund\/\" class=\"more-link\"><span class=\"screen-reader-text\">\u201eIntegrationsbausteine &#8211; Ein Elternbildungsangebot des DKSB (Deutscher Kinderschutzbund  07 &#8211; 09\/2018\u201c<\/span> weiterlesen<\/a><\/p>\n","protected":false},"author":35,"featured_media":0,"parent":0,"menu_order":0,"comment_status":"closed","ping_status":"closed","template":"","meta":{"footnotes":""},"class_list":["post-379","page","type-page","status-publish","hentry"],"_links":{"self":[{"href":"http:\/\/integra-netz.de\/verein\/dachverbandmigrantenselbstorganisationenduerenev\/wp-json\/wp\/v2\/pages\/379","targetHints":{"allow":["GET"]}}],"collection":[{"href":"http:\/\/integra-netz.de\/verein\/dachverbandmigrantenselbstorganisationenduerenev\/wp-json\/wp\/v2\/pages"}],"about":[{"href":"http:\/\/integra-netz.de\/verein\/dachverbandmigrantenselbstorganisationenduerenev\/wp-json\/wp\/v2\/types\/page"}],"author":[{"embeddable":true,"href":"http:\/\/integra-netz.de\/verein\/dachverbandmigrantenselbstorganisationenduerenev\/wp-json\/wp\/v2\/users\/35"}],"replies":[{"embeddable":true,"href":"http:\/\/integra-netz.de\/verein\/dachverbandmigrantenselbstorganisationenduerenev\/wp-json\/wp\/v2\/comments?post=379"}],"version-history":[{"count":10,"href":"http:\/\/integra-netz.de\/verein\/dachverbandmigrantenselbstorganisationenduerenev\/wp-json\/wp\/v2\/pages\/379\/revisions"}],"predecessor-version":[{"id":423,"href":"http:\/\/integra-netz.de\/verein\/dachverbandmigrantenselbstorganisationenduerenev\/wp-json\/wp\/v2\/pages\/379\/revisions\/423"}],"wp:attachment":[{"href":"http:\/\/integra-netz.de\/verein\/dachverbandmigrantenselbstorganisationenduerenev\/wp-json\/wp\/v2\/media?parent=379"}],"curies":[{"name":"wp","href":"https:\/\/api.w.org\/{rel}","templated":true}]}}