{"id":325,"date":"2021-02-11T01:01:57","date_gmt":"2021-02-11T00:01:57","guid":{"rendered":"http:\/\/integra-netz.de\/verein\/dachverbandmigrantenselbstorganisationenduerenev\/?page_id=325"},"modified":"2021-02-11T01:33:51","modified_gmt":"2021-02-11T00:33:51","slug":"besuch-von-staatssekretaerin-serap-gueler-im-dachverband-anfang-april-2019","status":"publish","type":"page","link":"http:\/\/integra-netz.de\/verein\/dachverbandmigrantenselbstorganisationenduerenev\/besuch-von-staatssekretaerin-serap-gueler-im-dachverband-anfang-april-2019\/","title":{"rendered":"Besuch von Staatssekret\u00e4rin Serap G\u00fcler im Dachverband,  29.08.2018"},"content":{"rendered":"\n<p>Stolz pr\u00e4sentiert der Dachverband nun Staatssekret\u00e4rin G\u00fcler die im April neu bezogene B\u00fcrofl\u00e4che und den Gemeinschaftsraum. \u201eKlein, aber fein\u201c, wie die 1. Vorsitzende des Dachverbandes,&nbsp;<strong>Vasuki Nandapalan<\/strong>, in ihrer Begr\u00fc\u00dfungsansprache anmerkt. Unter dem Logo \u201eVerbinden \u2013 Vernetzen &#8211; Vertrauen\u201c erhielt das Engagement der Vereine im gemeinsamen Dachverband den erhofften Schub.<\/p>\n\n\n\n<p>s.  Bericht unter &#8222;Was ist los im Kreis D\u00fcren&#8220;:<\/p>\n\n\n\n<p><a href=\"https:\/\/www.integra-netz.de\/event\/integrationsstaatssekretaerin-serap-gueler-besucht-den-dachverband-mso-dueren-e-v.html\">Integrationsstaatssekret\u00e4rin Serap G\u00fcler besucht den \u201eDachverband MSO D\u00fcren e.V.\u201c &#8211; Integra-Netz | Die Welt zu Hause in Kreis D\u00fcren (integra-netz.de)<\/a><\/p>\n","protected":false},"excerpt":{"rendered":"<p>Stolz pr\u00e4sentiert der Dachverband nun Staatssekret\u00e4rin G\u00fcler die im April neu bezogene B\u00fcrofl\u00e4che und den Gemeinschaftsraum. \u201eKlein, aber fein\u201c, wie die 1. Vorsitzende des Dachverbandes,&nbsp;Vasuki Nandapalan, in ihrer Begr\u00fc\u00dfungsansprache anmerkt. Unter dem Logo \u201eVerbinden \u2013 Vernetzen &#8211; Vertrauen\u201c erhielt das Engagement der Vereine im gemeinsamen Dachverband den erhofften Schub. s. Bericht unter &#8222;Was ist los &hellip; <\/p>\n<p class=\"link-more\"><a href=\"http:\/\/integra-netz.de\/verein\/dachverbandmigrantenselbstorganisationenduerenev\/besuch-von-staatssekretaerin-serap-gueler-im-dachverband-anfang-april-2019\/\" class=\"more-link\"><span class=\"screen-reader-text\">\u201eBesuch von Staatssekret\u00e4rin Serap G\u00fcler im Dachverband,  29.08.2018\u201c<\/span> weiterlesen<\/a><\/p>\n","protected":false},"author":35,"featured_media":0,"parent":0,"menu_order":0,"comment_status":"closed","ping_status":"closed","template":"","meta":{"footnotes":""},"class_list":["post-325","page","type-page","status-publish","hentry"],"_links":{"self":[{"href":"http:\/\/integra-netz.de\/verein\/dachverbandmigrantenselbstorganisationenduerenev\/wp-json\/wp\/v2\/pages\/325","targetHints":{"allow":["GET"]}}],"collection":[{"href":"http:\/\/integra-netz.de\/verein\/dachverbandmigrantenselbstorganisationenduerenev\/wp-json\/wp\/v2\/pages"}],"about":[{"href":"http:\/\/integra-netz.de\/verein\/dachverbandmigrantenselbstorganisationenduerenev\/wp-json\/wp\/v2\/types\/page"}],"author":[{"embeddable":true,"href":"http:\/\/integra-netz.de\/verein\/dachverbandmigrantenselbstorganisationenduerenev\/wp-json\/wp\/v2\/users\/35"}],"replies":[{"embeddable":true,"href":"http:\/\/integra-netz.de\/verein\/dachverbandmigrantenselbstorganisationenduerenev\/wp-json\/wp\/v2\/comments?post=325"}],"version-history":[{"count":3,"href":"http:\/\/integra-netz.de\/verein\/dachverbandmigrantenselbstorganisationenduerenev\/wp-json\/wp\/v2\/pages\/325\/revisions"}],"predecessor-version":[{"id":329,"href":"http:\/\/integra-netz.de\/verein\/dachverbandmigrantenselbstorganisationenduerenev\/wp-json\/wp\/v2\/pages\/325\/revisions\/329"}],"wp:attachment":[{"href":"http:\/\/integra-netz.de\/verein\/dachverbandmigrantenselbstorganisationenduerenev\/wp-json\/wp\/v2\/media?parent=325"}],"curies":[{"name":"wp","href":"https:\/\/api.w.org\/{rel}","templated":true}]}}