{"id":306,"date":"2021-02-10T23:09:02","date_gmt":"2021-02-10T22:09:02","guid":{"rendered":"http:\/\/integra-netz.de\/verein\/dachverbandmigrantenselbstorganisationenduerenev\/?page_id=306"},"modified":"2021-02-14T17:53:47","modified_gmt":"2021-02-14T16:53:47","slug":"tag-der-offenen-tuer-im-dv-28-sept-2019","status":"publish","type":"page","link":"http:\/\/integra-netz.de\/verein\/dachverbandmigrantenselbstorganisationenduerenev\/tag-der-offenen-tuer-im-dv-28-sept-2019\/","title":{"rendered":"&#8222;Tag der Offenen T\u00fcr im DV&#8220; &#8211; 28. Sept. 2019"},"content":{"rendered":"\n<p>Seit der Gr\u00fcndung des gemeinsamen Dachverbandes am 22.12.17 und dem Einzug in die B\u00fcrofl\u00e4che im April 2018, haben die 4 Gr\u00fcndungsvereine aus Eritrea, Kurdistan, Nordkaukasus und Sri Lanka, bereits eine Vielzahl an Integrationsprojekten, insbesondere f\u00fcr Neuzugewanderte, erfolgreich umgesetzt. Gerne m\u00f6chten sie der \u00d6ffentlichkeit einen Einblick gew\u00e4hren.<\/p>\n\n\n\n<p>s. Bericht unter &#8222;Was ist los im Kreis D\u00fcren?&#8220; <\/p>\n\n\n\n<p><a href=\"https:\/\/www.integra-netz.de\/event\/tag-der-offenen-tuer-am-28-september-2019.html\">&#8222;Tag der Offenen T\u00fcr am 28. September 2019 &#8211; Integra-Netz | Die Welt zu Hause in Kreis D\u00fcren (integra-netz.de)<\/a><\/p>\n\n\n\n<p><\/p>\n\n\n\n<figure class=\"wp-block-image size-large\"><a href=\"http:\/\/integra-netz.de\/verein\/dachverbandmigrantenselbstorganisationenduerenev\/wp-content\/uploads\/sites\/40\/2021\/02\/Bild-Flye-Tag-der-Offenen-Tuer.png\"><img loading=\"lazy\" decoding=\"async\" width=\"561\" height=\"790\" src=\"http:\/\/integra-netz.de\/verein\/dachverbandmigrantenselbstorganisationenduerenev\/wp-content\/uploads\/sites\/40\/2021\/02\/Bild-Flye-Tag-der-Offenen-Tuer.png\" alt=\"\" class=\"wp-image-343\" srcset=\"http:\/\/integra-netz.de\/verein\/dachverbandmigrantenselbstorganisationenduerenev\/wp-content\/uploads\/sites\/40\/2021\/02\/Bild-Flye-Tag-der-Offenen-Tuer.png 561w, http:\/\/integra-netz.de\/verein\/dachverbandmigrantenselbstorganisationenduerenev\/wp-content\/uploads\/sites\/40\/2021\/02\/Bild-Flye-Tag-der-Offenen-Tuer-213x300.png 213w\" sizes=\"auto, (max-width: 561px) 100vw, 561px\" \/><\/a><\/figure>\n","protected":false},"excerpt":{"rendered":"<p>Seit der Gr\u00fcndung des gemeinsamen Dachverbandes am 22.12.17 und dem Einzug in die B\u00fcrofl\u00e4che im April 2018, haben die 4 Gr\u00fcndungsvereine aus Eritrea, Kurdistan, Nordkaukasus und Sri Lanka, bereits eine Vielzahl an Integrationsprojekten, insbesondere f\u00fcr Neuzugewanderte, erfolgreich umgesetzt. Gerne m\u00f6chten sie der \u00d6ffentlichkeit einen Einblick gew\u00e4hren. s. Bericht unter &#8222;Was ist los im Kreis D\u00fcren?&#8220; &hellip; <\/p>\n<p class=\"link-more\"><a href=\"http:\/\/integra-netz.de\/verein\/dachverbandmigrantenselbstorganisationenduerenev\/tag-der-offenen-tuer-im-dv-28-sept-2019\/\" class=\"more-link\"><span class=\"screen-reader-text\">\u201e&#8222;Tag der Offenen T\u00fcr im DV&#8220; &#8211; 28. Sept. 2019\u201c<\/span> weiterlesen<\/a><\/p>\n","protected":false},"author":35,"featured_media":0,"parent":0,"menu_order":0,"comment_status":"closed","ping_status":"closed","template":"","meta":{"footnotes":""},"class_list":["post-306","page","type-page","status-publish","hentry"],"_links":{"self":[{"href":"http:\/\/integra-netz.de\/verein\/dachverbandmigrantenselbstorganisationenduerenev\/wp-json\/wp\/v2\/pages\/306","targetHints":{"allow":["GET"]}}],"collection":[{"href":"http:\/\/integra-netz.de\/verein\/dachverbandmigrantenselbstorganisationenduerenev\/wp-json\/wp\/v2\/pages"}],"about":[{"href":"http:\/\/integra-netz.de\/verein\/dachverbandmigrantenselbstorganisationenduerenev\/wp-json\/wp\/v2\/types\/page"}],"author":[{"embeddable":true,"href":"http:\/\/integra-netz.de\/verein\/dachverbandmigrantenselbstorganisationenduerenev\/wp-json\/wp\/v2\/users\/35"}],"replies":[{"embeddable":true,"href":"http:\/\/integra-netz.de\/verein\/dachverbandmigrantenselbstorganisationenduerenev\/wp-json\/wp\/v2\/comments?post=306"}],"version-history":[{"count":10,"href":"http:\/\/integra-netz.de\/verein\/dachverbandmigrantenselbstorganisationenduerenev\/wp-json\/wp\/v2\/pages\/306\/revisions"}],"predecessor-version":[{"id":357,"href":"http:\/\/integra-netz.de\/verein\/dachverbandmigrantenselbstorganisationenduerenev\/wp-json\/wp\/v2\/pages\/306\/revisions\/357"}],"wp:attachment":[{"href":"http:\/\/integra-netz.de\/verein\/dachverbandmigrantenselbstorganisationenduerenev\/wp-json\/wp\/v2\/media?parent=306"}],"curies":[{"name":"wp","href":"https:\/\/api.w.org\/{rel}","templated":true}]}}