{"id":12,"date":"2014-04-07T15:44:56","date_gmt":"2014-04-07T13:44:56","guid":{"rendered":"http:\/\/integra-netz.de\/verein\/dachverbandmigrantenselbstorganisationenduerenev\/?page_id=12"},"modified":"2023-11-05T15:15:46","modified_gmt":"2023-11-05T14:15:46","slug":"aktivitaeten","status":"publish","type":"page","link":"http:\/\/integra-netz.de\/verein\/dachverbandmigrantenselbstorganisationenduerenev\/aktivitaeten\/","title":{"rendered":"Aktivit\u00e4ten"},"content":{"rendered":"<p><a href=\"http:\/\/integra-netz.de\/verein\/dachverbandmigrantenselbstorganisationenduerenev\/wp-content\/uploads\/sites\/40\/2019\/08\/Dachverband.jpg\"><img loading=\"lazy\" decoding=\"async\" class=\"wp-image-88 aligncenter\" src=\"http:\/\/integra-netz.de\/verein\/dachverbandmigrantenselbstorganisationenduerenev\/wp-content\/uploads\/sites\/40\/2019\/08\/Dachverband-300x147.jpg\" alt=\"\" width=\"285\" height=\"140\" srcset=\"http:\/\/integra-netz.de\/verein\/dachverbandmigrantenselbstorganisationenduerenev\/wp-content\/uploads\/sites\/40\/2019\/08\/Dachverband-300x147.jpg 300w, http:\/\/integra-netz.de\/verein\/dachverbandmigrantenselbstorganisationenduerenev\/wp-content\/uploads\/sites\/40\/2019\/08\/Dachverband-768x376.jpg 768w, http:\/\/integra-netz.de\/verein\/dachverbandmigrantenselbstorganisationenduerenev\/wp-content\/uploads\/sites\/40\/2019\/08\/Dachverband.jpg 779w\" sizes=\"auto, (max-width: 285px) 100vw, 285px\" \/><\/a><\/p>\n<ul>\n<li style=\"list-style-type: none;\">\n<ul>\n<li style=\"list-style-type: none;\">\n<ul>\n<li>F\u00f6rderung der gesellschaftlichen Integration von Menschen mit Migrationshintergrund<\/li>\n<li>Organisation von kulturellen, landeskundlichen Treffen, zu denen Einheimische und einheimische Vereine und Organisationen und andere im Kreis D\u00fcren ans\u00e4ssige Migrantenselbstorganisationen eingeladen werden, um so das wechselseitige Kennenlernen und den Ideenaustausch zu f\u00f6rdern.<\/li>\n<li>Kultur- und Freizeitangebote mit dem Ziel der Begegnung der Menschen mit unterschiedlichen ethnischen und kulturellen Hintergr\u00fcnden zur F\u00f6rderung ihrer<br>gesellschaftlichen Integration.<\/li>\n<li>Der Dachverband bem\u00fcht sich um enge Zusammenarbeit mit Schulen, Jugendeinrichtungen, gewerkschaftlichen und kirchlichen Einrichtungen, Volkshochschulen und den zust\u00e4ndigen Landes- und Kommunalinstitutionen.<\/li>\n<\/ul>\n<\/li>\n<\/ul>\n<\/li>\n<\/ul>\n<ul>\n<li style=\"list-style-type: none;\">\n<ul>\n<li style=\"list-style-type: none; text-align: left;\"><b style=\"font-size: inherit;\">&nbsp; &nbsp; &nbsp;Zweck des Vereins<\/b><span style=\"font-size: inherit;\">:<\/span><\/li>\n<\/ul>\n<\/li>\n<\/ul>\n<p style=\"padding-left: 40px;\">Der Dachverband errichtet, leitet und verwaltet eine gemeinsame Vereinslokalit\u00e4t in der Innenstadt D\u00fcren.&nbsp; Er intensiviert, koordiniert und unterst\u00fctzt die gemeinsame Arbeit der beteiligten Organisationen.&nbsp;Er regt an und initiiert gemeinsame Aktivit\u00e4ten, insbesondere gemeinsame Hilfsprojekte f\u00fcr Gefl\u00fcchtete, im Sinne des Vereinszwecks und vertritt die Interessen der beteiligten MSO (Migrantenselbstorganisationen) in der \u00d6ffentlichkeit.<\/p>\n<p style=\"padding-left: 40px;\">Der Dachverband ist Hauptmieter der gemeinsamen Vereinslokalit\u00e4t in der D\u00fcrener Innenstadt. Weitere MSO k\u00f6nnen dem Dachverband beitreten (vgl. \u00a7 4).<\/p>\n<p style=\"padding-left: 40px;\">Zu den 4 Gr\u00fcndungs &#8211; MSO&nbsp; &nbsp;<\/p>\n<ul>\n<li style=\"list-style-type: none;\">\n<ul>\n<li style=\"list-style-type: none;\">\n<ul>\n<li style=\"list-style-type: none;\">\n<ul>\n<li><span style=\"color: #0000ff;\">Eritreischer Verein f\u00fcr Frieden e. V.<\/span><\/li>\n<li><span style=\"color: #0000ff;\">Kurdisch \u2013 Syrischer Hilfsverein f\u00fcr Fl\u00fcchtlinge e. V.<\/span><\/li>\n<li><span style=\"color: #0000ff;\">\u00d6zdangalla Nordkaukasischer Kultur- und Freundschaftsverein e. V.<\/span><\/li>\n<li><span style=\"color: #0000ff;\">Tamil Makkal Kulturverein e. V.<\/span>&nbsp;<\/li>\n<\/ul>\n<\/li>\n<li style=\"list-style-type: none;\">&nbsp;<\/li>\n<li style=\"list-style-type: none;\">sind folgende Initiativen und Vereine <strong>neu hinzugesto\u00dfen<\/strong>:<\/li>\n<li style=\"list-style-type: none;\">\n<ul>\n<li>Bana Afrika e.V.<\/li>\n<li>Irakisch- Kurdischer Sport- und Kulturverein e.V.<\/li>\n<li>Kavoetchea \u2013 Zusammenbleiben e.V.<\/li>\n<li>Somalischer Kulturverein Mandeq e.V.<\/li>\n<li>Ekota Bangladeschische Gemeinschaft D\u00fcren Deutschland e.V.<\/li>\n<li>Mutowaaf \u2013 Kinder von Afrika (Initiative)<\/li>\n<\/ul>\n<\/li>\n<\/ul>\n<\/li>\n<\/ul>\n<\/li>\n<\/ul>\n\n\n<div class=\"wp-block-group\"><div class=\"wp-block-group__inner-container is-layout-flow wp-block-group-is-layout-flow\">\n<div class=\"wp-block-group\"><div class=\"wp-block-group__inner-container is-layout-flow wp-block-group-is-layout-flow\">\n<p>Neben konkreten Hilfsangeboten f\u00fcr Neuzugewanderte m\u00f6chten die Vereine die Vielfalt D\u00fcrens in Kunst und Kultur f\u00f6rdern und abbilden und so zu einem gelingenden Austausch von Kultur und Lebensstilen aus ganz unterschiedlichen Herkunftsregionen beitragen.<\/p>\n<\/div><\/div>\n\n\n\n<p>Als Repr\u00e4sentanten ihrer jeweiligen Herkunftskulturen vermitteln sie in verschiedenen Projekten besondere Facetten ihrer Kultur.<\/p>\n<\/div><\/div>\n\n\n\n<p>Das von der Tr\u00e4gergemeinschaft Soziokultur NRW e.V. nun im zweiten Jahr gef\u00f6rderte Projekt \u201cTranskulturelle Stadt D\u00fcren: Vereine f\u00f6rdern den Austausch der B\u00fcrgergesellschaft in Kunst &amp; Kultur\u201c ist ein wichtiger Dreh- und Angelpunkt f\u00fcr die Arbeit des DV.<\/p>\n\n\n\n<p>Auf dem diesj\u00e4hrigen Gemeindefest der Evangelischen Gemeinde zu D\u00fcren am 18.06.23 vermittelten die Vereine die Idee der Transkultur mit verschiedenen Aktionen (s. \u00a0<a href=\"https:\/\/www.integra-netz.de\/event\/gemeindefest-dabei-sein-sonntag-18-06-2023.html\">Gemeindefest \u201cDabei sein\u201c &#8211; Sonntag, 18.06.2023 &#8211; Integra-Netz | Die Welt zu Hause in Kreis D\u00fcren<\/a>).<\/p>\n","protected":false},"excerpt":{"rendered":"<p>F\u00f6rderung der gesellschaftlichen Integration von Menschen mit Migrationshintergrund Organisation von kulturellen, landeskundlichen Treffen, zu denen Einheimische und einheimische Vereine und Organisationen und andere im Kreis D\u00fcren ans\u00e4ssige Migrantenselbstorganisationen eingeladen werden, um so das wechselseitige Kennenlernen und den Ideenaustausch zu f\u00f6rdern. Kultur- und Freizeitangebote mit dem Ziel der Begegnung der Menschen mit unterschiedlichen ethnischen und kulturellen &hellip; <\/p>\n<p class=\"link-more\"><a href=\"http:\/\/integra-netz.de\/verein\/dachverbandmigrantenselbstorganisationenduerenev\/aktivitaeten\/\" class=\"more-link\"><span class=\"screen-reader-text\">\u201eAktivit\u00e4ten\u201c<\/span> weiterlesen<\/a><\/p>\n","protected":false},"author":1,"featured_media":0,"parent":0,"menu_order":0,"comment_status":"closed","ping_status":"closed","template":"","meta":{"footnotes":""},"class_list":["post-12","page","type-page","status-publish","hentry"],"_links":{"self":[{"href":"http:\/\/integra-netz.de\/verein\/dachverbandmigrantenselbstorganisationenduerenev\/wp-json\/wp\/v2\/pages\/12","targetHints":{"allow":["GET"]}}],"collection":[{"href":"http:\/\/integra-netz.de\/verein\/dachverbandmigrantenselbstorganisationenduerenev\/wp-json\/wp\/v2\/pages"}],"about":[{"href":"http:\/\/integra-netz.de\/verein\/dachverbandmigrantenselbstorganisationenduerenev\/wp-json\/wp\/v2\/types\/page"}],"author":[{"embeddable":true,"href":"http:\/\/integra-netz.de\/verein\/dachverbandmigrantenselbstorganisationenduerenev\/wp-json\/wp\/v2\/users\/1"}],"replies":[{"embeddable":true,"href":"http:\/\/integra-netz.de\/verein\/dachverbandmigrantenselbstorganisationenduerenev\/wp-json\/wp\/v2\/comments?post=12"}],"version-history":[{"count":31,"href":"http:\/\/integra-netz.de\/verein\/dachverbandmigrantenselbstorganisationenduerenev\/wp-json\/wp\/v2\/pages\/12\/revisions"}],"predecessor-version":[{"id":617,"href":"http:\/\/integra-netz.de\/verein\/dachverbandmigrantenselbstorganisationenduerenev\/wp-json\/wp\/v2\/pages\/12\/revisions\/617"}],"wp:attachment":[{"href":"http:\/\/integra-netz.de\/verein\/dachverbandmigrantenselbstorganisationenduerenev\/wp-json\/wp\/v2\/media?parent=12"}],"curies":[{"name":"wp","href":"https:\/\/api.w.org\/{rel}","templated":true}]}}