{"id":45,"date":"2014-06-26T15:31:18","date_gmt":"2014-06-26T13:31:18","guid":{"rendered":"http:\/\/integra-netz.de\/verein\/bashkimi-kombetar\/?page_id=45"},"modified":"2021-02-16T21:48:55","modified_gmt":"2021-02-16T20:48:55","slug":"geschichte","status":"publish","type":"page","link":"http:\/\/integra-netz.de\/verein\/bashkimi-kombetar\/geschichte\/","title":{"rendered":"Geschichte"},"content":{"rendered":"<p style=\"text-align: center;\"><span style=\"color: #800000;\">Albanischer Verein &#8222;Bashkimi Kombetar&#8220; e.V.<\/span><\/p>\n<p style=\"text-align: center;\">Der Verein wurde gegr\u00fcndet, um insbesondere jugendliche B\u00fcrgerkriegsfl\u00fcchtlinge aus dem Kosovo zu unterst\u00fctzen, und er leistet Hilfestellungen f\u00fcr Obdachlose im Kosovo. F\u00fcr unsere Vereinsaktivit\u00e4ten suchen wir ein Vereinslokal.<\/p>\n<p style=\"text-align: center;\">Mitgliederzahlen: 14<\/p>\n<p style=\"text-align: center;\">Unter 18 Jahren: 0<\/p>\n<p style=\"text-align: center;\">Gr\u00fcndungsdatum: 1992<\/p>\n","protected":false},"excerpt":{"rendered":"<p>Albanischer Verein &#8222;Bashkimi Kombetar&#8220; e.V. Der Verein wurde gegr\u00fcndet, um insbesondere jugendliche B\u00fcrgerkriegsfl\u00fcchtlinge aus dem Kosovo zu unterst\u00fctzen, und er leistet Hilfestellungen f\u00fcr Obdachlose im Kosovo. F\u00fcr unsere Vereinsaktivit\u00e4ten suchen wir ein Vereinslokal. Mitgliederzahlen: 14 Unter 18 Jahren: 0 Gr\u00fcndungsdatum: 1992<\/p>\n","protected":false},"author":1,"featured_media":0,"parent":0,"menu_order":0,"comment_status":"closed","ping_status":"closed","template":"","meta":{"footnotes":""},"class_list":["post-45","page","type-page","status-publish","hentry"],"_links":{"self":[{"href":"http:\/\/integra-netz.de\/verein\/bashkimi-kombetar\/wp-json\/wp\/v2\/pages\/45","targetHints":{"allow":["GET"]}}],"collection":[{"href":"http:\/\/integra-netz.de\/verein\/bashkimi-kombetar\/wp-json\/wp\/v2\/pages"}],"about":[{"href":"http:\/\/integra-netz.de\/verein\/bashkimi-kombetar\/wp-json\/wp\/v2\/types\/page"}],"author":[{"embeddable":true,"href":"http:\/\/integra-netz.de\/verein\/bashkimi-kombetar\/wp-json\/wp\/v2\/users\/1"}],"replies":[{"embeddable":true,"href":"http:\/\/integra-netz.de\/verein\/bashkimi-kombetar\/wp-json\/wp\/v2\/comments?post=45"}],"version-history":[{"count":7,"href":"http:\/\/integra-netz.de\/verein\/bashkimi-kombetar\/wp-json\/wp\/v2\/pages\/45\/revisions"}],"predecessor-version":[{"id":73,"href":"http:\/\/integra-netz.de\/verein\/bashkimi-kombetar\/wp-json\/wp\/v2\/pages\/45\/revisions\/73"}],"wp:attachment":[{"href":"http:\/\/integra-netz.de\/verein\/bashkimi-kombetar\/wp-json\/wp\/v2\/media?parent=45"}],"curies":[{"name":"wp","href":"https:\/\/api.w.org\/{rel}","templated":true}]}}