{"id":200,"date":"2014-04-09T17:46:18","date_gmt":"2014-04-09T15:46:18","guid":{"rendered":"http:\/\/integra-netz.de\/verein\/mc-bafi\/?page_id=200"},"modified":"2021-02-17T20:47:48","modified_gmt":"2021-02-17T19:47:48","slug":"news","status":"publish","type":"page","link":"http:\/\/integra-netz.de\/verein\/bana-afrika\/news\/","title":{"rendered":"News"},"content":{"rendered":"<p><a name=\"McTop\"><\/a><\/p>\n<table border=\"0\" cellspacing=\"5\" cellpadding=\"0\" width=\"100%\">\n<tbody>\n<tr bgcolor=\"#FF8080\">\n<td><a href=\"http:\/\/www.integra-netz.de\/verein\/mc-bafi\/\">Notre Home<\/a><br \/>\n<img decoding=\"async\" class=\"alignleft size-full wp-image-643\" src=\"http:\/\/www.integra-netz.de\/verein\/wp-content\/uploads\/sites\/25\/2014\/04\/Palmiers-2.gif\" alt=\"\" height=\"80\"><\/td>\n<td>\n<ul>\n<li id=\"home\"><a title=\"Nouvel an au Caf\u00e9\" href=\"http:\/\/www.integra-netz.de\/verein\/wp-content\/uploads\/sites\/25\/2014\/04\/START_Invit_MCBAFI2.html\" target=\"_self\" rel=\"noopener\"><span style=\"color: #339966;\">Bonne ann\u00e9e 2012 au Caf\u00e9<\/span><\/a><\/li>\n<li id=\"imm1\"><a title=\"Nos activit\u00e9s de 2012\" href=\"http:\/\/www.integra-netz.de\/verein\/mc-bafi\/termine\/#awa\" target=\"_self\" rel=\"noopener\">Activit\u00e9s culturelles de 2012<\/a><\/li>\n<li id=\"imm2\"><a title=\"Foot \u00e9t\u00e9 2012\" href=\"#tourneefezafa\">Tourn\u00e9e de Foot en 2012 \u00e0 D\u00fcren<\/a><\/li>\n<li id=\"imm1\"><a title=\"Necrologie\" href=\"#sango1\"><span style=\"color: #AA3333;\"><b>Sango ya mawa<\/b><\/span><\/a><\/li>\n<\/ul>\n<\/td>\n<td>\n<ul>\n<li id=\"imdl\"><a title=\"Nouvelle g\u00e9n\u00e9ration\" href=\"#culturegeneralmini\">Culture et g\u00e9n\u00e9ration<\/a><\/li>\n<li id=\"ibi\"><a title=\"Syst\u00e8me scolaire allemand\" href=\"#scolaritmack\">Scolarit\u00e9 en Allemagne<\/a><\/li>\n<li id=\"wilikd\"><a title=\"Sport et Sant\u00e9\" href=\"#TendanceFitnessparJbmF\">Tendance Fitness<\/a><\/li>\n<li id=\"wilikd\"><a title=\"Sport et Sant\u00e9\" href=\"#TendanceFitnessparJbmF\">&nbsp;<\/a><\/li>\n<\/ul>\n<\/td>\n<\/tr>\n<\/tbody>\n<\/table>\n<table border=\"0\" cellspacing=\"1\" cellpadding=\"0\" width=\"90%\">\n<tbody>\n<tr bgcolor=\"#FF8080\">\n<td>\n<h3><span style=\"color: #ff6600;\">Lire<\/span>: <a href=\"#anniverkamsmul\"><span style=\"color: #3366ff;\">Anniversaire de Kams<\/span><\/a><\/h3>\n<\/td>\n<\/tr>\n<tr>\n<td><img loading=\"lazy\" decoding=\"async\" src=\"http:\/\/www.integra-netz.de\/verein\/wp-content\/uploads\/sites\/25\/2014\/04\/merci-fleu.gif\" width=\"70\" height=\"70\" alt=\"merci \u00e0 vous tous!\" title=\"merci \u00e0 vous tous!\"><\/td>\n<\/tr>\n<\/tbody>\n<\/table>\n<hr style=\"color: red; background: none repeat scroll 50% #555555; height: 7px; width: 350px;\">\n<hr style=\"color: red; background: none repeat scroll 0% 50% #555599; height: 14px; width: 350px;\">\n<hr style=\"color: red; background: none repeat scroll 0% 50% #999999; height: 7px; width: 350px;\">\n<hr style=\"color: red; background-color: transparent; height: 35px; width: 350px;\">\n<p><a name=\"anniverkamsmul\"><\/a><\/p>\n<h2><span style=\"color: #ff6600;\"><em><span style=\"color: #008080;\"><span style=\"color: #ff6600;\">Anniversaire<\/span><\/span><\/em><\/span><em><span style=\"color: #ff6600;\"> de<\/span> <\/em><span style=\"color: #3366ff;\">Kams Mulumba<\/span><em><span style=\"color: #ff6600;\"><br \/>\n<\/span><\/em><em> <\/em><\/h2>\n<h3><span style=\"color: #008080;\">C&#8217;\u00e9tait le samedi, 03 Septembre 2011 <\/span><span style=\"color: #008080;\">dernier, Mr. Kams Mulumba, avait f\u00eat\u00e9 son anniversaire et celui de son fils Ernst Mulumba.<\/span><\/h3>\n<p><img decoding=\"async\" src=\"http:\/\/www.integra-netz.de\/verein\/wp-content\/uploads\/sites\/25\/2014\/04\/kmsIntegra21.jpg\" alt=\"\" title=\"kamsAnnivD3\" class=\"aligncenter size-full wp-image-809\"><\/p>\n<p><object data=\"http:\/\/www.integra-netz.de\/verein\/wp-content\/uploads\/sites\/25\/2014\/04\/032_Kams-Mulumba-de-D\u00fcren.mp3\" type=\"\" width=\"200\" height=\"100\" align=\"middle\"><param name=\"autoplay\" value=\"false\"><param name=\"autoStart\" value=\"0\">MCBAFI-Info: Votre Browser ne peut pas montrer l&#8217;objet-Multimedia!<\/object> <span style=\"color: #3366ff;\">Kams est content si tu \u00e9coutes toute la chansons avec lui!<\/span><span style=\"color: #FF3333;\"> Cliquez simplement sur play<\/span><\/p>\n<p><span style=\"color: #808000;\"><span style=\"color: #ff6600;\">La<\/span><\/span><span style=\"color: #808000;\"><span style=\"color: #ff6600;\"> r\u00e9ception avait lieu au Caf\u00e9 International en compagnie de quelques amis dont une grande partie est rest\u00e9e jusqu&#8217;a l&#8217;aube.<\/span><\/span><span style=\"color: #808000;\"><br \/>\n<span style=\"color: #000000;\">Kams lui m\u00eame avait remerci\u00e9 ceux qui sont venus. Il avait tenu \u00e0 s&#8217;excuser du fond du coeur  aupr\u00e8s de ceux \u00e0 qu&#8216; il n&#8217;avait pas pu joindre<\/span>.<\/span><span style=\"color: #808000;\"><br \/>\n&#8222;Je n&#8217;avais pas pr\u00e9par\u00e9 la f\u00eate <\/span><span style=\"color: #808000;\">depuis longtemps. Sinon j&#8217;aurais eu le temps d&#8217;inviter  tous les copains.&#8220; a-t-il dit. C&#8217;\u00e9tait une improvisation qui a fait qu&#8217;il avait regrett\u00e9 ne pas avoir pu tenir tous ses amis au courant.<\/span><span style=\"color: #808000;\"> <span style=\"color: #3366ff;\"><br \/>\nRosaly Makaya de M\u00f6nchengladbach, par exemple, ne voulait pas entendre de ces excuses-l\u00e0. &#8222;Kams asali feti, biso toyebi te? Est-ce que ezalaka ?&#8230;&#8220;<br \/>\n<\/span><\/span><span style=\"color: #808000;\"><span style=\"color: #99cc00;\"><span style=\"color: #99cc00;\">Toutefois, on a dans\u00e9, on a mang\u00e9, on Jubil\u00e9,<\/span> &#8222;Bilokwa  Muotu&#8220;. Micha et Nathalie \u00e9taient les premiers invit\u00e9s \u00e0 se pr\u00e9senter. Anke, Roger Mwamba et la M\u00e8re Sup\u00e9rieure, Carlos, Ministre et Huguette Nanitungadio, Willy,M\u00e8re Angelique, Dinke, JM, Naomi, Ya Reille et Freddy, Papa Sacr\u00e9 (JS) et Vieux Ngangudila, ba  pures Vieux  ya petit na bango pe bazalaki. La liste n&#8217;est pas exhaustive.<\/span><span style=\"color: #99cc00;\"><span style=\"color: #000000;\"><br \/>\nIl a fait beau! Un autre cadeau du Ciel. On ne pouvait pas avoir un temps meilleur que celui qu&#8216; il a fait ce soir l\u00e0 !<br \/>\nChacun a fait son boulot! Jos\u00e9e et Olga ont offert une diversit\u00e9 culunaire all\u00e9chante.<\/span><span style=\"color: #000000;\"><br \/>\nMac Younga avait amene \u00e0 danser m\u00eame les plus h\u00e9sitants&#8230;<\/span><\/span><\/span><\/p>\n<p><a href=\"http:\/\/www.integra-netz.de\/verein\/mc-bafi\/news\/\" target=\"_self\" rel=\"noopener\"><span style=\"color: #339966;\">retour (haut de la page)<\/span><\/a> \u2191<\/p>\n<div>\n<hr style=\"color: red; background-color: transparent; height: 300px; width: 350px;\">\n<p><a name=\"tourneefezafa\"><\/p>\n<p style=\"padding: 5px; text-align: center; border: 12px groove #9999ff;\"><span style=\"color: #57ae00;\">Tourn\u00e9e de Football en 2012 \u00e0 D\u00fcren <\/span><span style=\"color: #ff0000;\">Elle aura lieu en \u00c9t\u00e9 2012 <\/span><\/p>\n<ul style=\"list-style-type: square; color: red; font-weight: bold;\">\n<li><span style=\"color: #99cc00;\">Ainsi que nous l&#8217;avions r\u00e9alis\u00e9 auparavant, en 2012 nous comptons bien organiser \u00e0 nouveau pareille occasion.<\/span><\/li>\n<li><span style=\"color: #33cccc;\">Par MC BAFI, les auteurs<\/span><\/li>\n<\/ul>\n<p><\/a><\/div>\n<p><a name=\"tourneefezafa\"><br \/>\n<\/a><a name=\"tourneefezafa\"><\/a><a name=\"tourneefezafa\"><br \/>\n<\/a><a href=\"http:\/\/www.integra-netz.de\/verein\/mc-bafi\/news\/\" target=\"_self\" rel=\"noopener\">retour (haut de la page)<\/a> \u2191<br \/>\n<img loading=\"lazy\" decoding=\"async\" class=\"aligncenter size-medium wp-image-583\" title=\"imagesFeuille\" src=\"http:\/\/www.integra-netz.de\/verein\/wp-content\/uploads\/sites\/25\/2014\/04\/imagesFeuille.jpg\" alt=\"\" width=\"280\" height=\"180\"><\/p>\n<hr style=\"color: red; background-color: transparent; height: 390px; width: 350px;\">\n<div>\n<p><a name=\"culturegeneralmini\"><\/a><\/p>\n<p><a name=\"culturegeneralmini\"><\/p>\n<p style=\"padding: 5px; text-align: center; border: 12px groove #9999ff;\"><strong><span style=\"color: #ac7652;\">Culture et G\u00e9n\u00e9ration<\/span><\/strong><\/p>\n<ul style=\"list-style-type: square; color: red; font-weight: bold;\">\n<li><span style=\"color: #ac7652;\">Le sujet sera d\u00e9v\u00e9lopp\u00e9 bient\u00f4t<\/span><\/li>\n<li><span style=\"color: #33cccc;\">Par Rigaud Kabamba et Ernest Nanitungadio<\/span><\/li>\n<\/ul>\n<p><\/a><a name=\"culturegeneralmini\"><\/a><a name=\"culturegeneralmini\"><\/a><\/p>\n<\/div>\n<p><a name=\"culturegeneralmini\"><\/a><a href=\"http:\/\/www.integra-netz.de\/verein\/mc-bafi\/news\/\" target=\"_self\" rel=\"noopener\">retour (haut de la page)<\/a> \u2191<br \/>\n<img loading=\"lazy\" decoding=\"async\" class=\"aligncenter size-medium wp-image-583\" title=\"imagesFeuille\" src=\"http:\/\/www.integra-netz.de\/verein\/wp-content\/uploads\/sites\/25\/2014\/04\/imagesFeuille.jpg\" alt=\"\" width=\"280\" height=\"180\"><\/p>\n<hr style=\"color: red; background-color: transparent; height: 350px; width: 350px;\">\n<hr style=\"color: red; background-color: transparent; height: 350px; width: 350px;\">\n<div>\n<p><a name=\"scolaritmack\"><\/a><\/p>\n<p><a name=\"scolaritmack\"><\/a><\/p>\n<p><a name=\"scolaritmack\"><\/p>\n<p style=\"padding: 5px; text-align: center; border: 12px groove #9999ff;\"><strong><span style=\"color: #3366ff;\">Scolarit\u00e9 en Allemagne<\/span><\/strong><\/p>\n<ul style=\"list-style-type: square; color: red; font-weight: bold;\">\n<li><span style=\"color: #3366ff;\">Le sujet sera d\u00e9v\u00e9lopp\u00e9 bient\u00f4t:<br \/>\nIl sera question de rendre disponible une information succincte sur le syst\u00e8me scolaire en RFA<\/span><\/li>\n<li><span style=\"color: #33cccc;\">Par Kams Mulumba et Garro Kibulu<\/span><\/li>\n<\/ul>\n<p><\/a><a name=\"scolaritmack\"><\/a><a name=\"scolaritmack\"><\/a><a name=\"scolaritmack\"><\/a><\/p>\n<\/div>\n<p><a name=\"scolaritmack\"> <\/a><\/p>\n<p><a name=\"scolaritmack\"><\/a><a href=\"http:\/\/www.integra-netz.de\/verein\/mc-bafi\/news\/\" target=\"_self\" rel=\"noopener\">retour (haut de la page)<\/a> \u2191<br \/>\n<img loading=\"lazy\" decoding=\"async\" class=\"aligncenter size-medium wp-image-583\" title=\"imagesFeuille\" src=\"http:\/\/www.integra-netz.de\/verein\/wp-content\/uploads\/sites\/25\/2014\/04\/imagesFeuille.jpg\" alt=\"\" width=\"280\" height=\"180\"><\/p>\n<hr style=\"color: red; background-color: transparent; height: 35px; width: 350px;\">\n<hr style=\"color: red; background-color: transparent; height: 300px; width: 350px;\">\n<div>\n<p><a name=\"TendanceFitnessparJbmF\"><\/a><\/p>\n<p><a name=\"TendanceFitnessparJbmF\"><\/a><\/p>\n<p><a name=\"TendanceFitnessparJbmF\"><\/p>\n<p style=\"width: 300px; padding: 20px; border: 20px solid #666699;\">Tendance Fitness :<\/p>\n<ul style=\"list-style-type: square; color: red; font-weight: bold;\">\n<li><span style=\"color: #800000;\">Le sujet sera d\u00e9v\u00e9lopp\u00e9 bient\u00f4t<\/span><\/li>\n<li><span style=\"color: #33cccc;\">Par Jbm Botuli et Mack Tika<\/span><\/li>\n<\/ul>\n<h2><span style=\"color: #99cc00;\">Bri\u00e8ve Info pour nos amis * An unsere Freunde <\/span><\/h2>\n<p><\/a><a name=\"TendanceFitnessparJbmF\"><\/a><a name=\"TendanceFitnessparJbmF\"><\/a><a name=\"TendanceFitnessparJbmF\"><\/a><\/p>\n<\/div>\n<p><a name=\"TendanceFitnessparJbmF\"><span style=\"color: #339966;\">Alle Mitglieder und sind am kommenden Samstag, den 24.09.2011 ab 19:15 zur MC BAFI-Versammlung angeladen! <\/span><\/a><\/p>\n<p><a name=\"TendanceFitnessparJbmF\"><\/a><\/p>\n<p><a name=\"TendanceFitnessparJbmF\"><\/a><\/p>\n<p><a name=\"TendanceFitnessparJbmF\"><\/p>\n<div>\n<p><img loading=\"lazy\" decoding=\"async\" class=\"aligncenter size-medium wp-image-746\" title=\"Freddy\" src=\"http:\/\/www.integra-netz.de\/verein\/wp-content\/uploads\/sites\/25\/2014\/04\/FreddyCaritas-251x300.jpg\" alt=\"\" width=\"120\" height=\"150\"><\/p>\n<\/div>\n<p><\/a><\/p>\n<div><a name=\"TendanceFitnessparJbmF\"><br \/>\n<\/a><\/p>\n<hr style=\"color: red; background-color: transparent; height: 300px; width: 350px;\">\n<p><a name=\"sango1\"><\/p>\n<p style=\"padding: 5px; text-align: center; border: 12px groove #9999ff;\"><span style=\"color: #57ae00;\">Necrologie <\/span><\/p>\n<p><\/a><\/p>\n<ul style=\"list-style-type: square; color: red; font-weight: bold;\"><a name=\"sango1\"><\/p>\n<li>Anke a perdu sa soeur en Suisse.<\/li>\n<p><\/a><a name=\"sango1\">        <span style=\"color: #99cc00;\">Pour plus d&#8217;information \u00e0 ce sujet, prendre contact avec la famille.<\/span><\/a><\/p>\n<li>Mort de Dieudonn\u00e9 Kabongo.<\/li>\n<p><span style=\"color: #99cc00;\">C&#8217;est au centre culturel Armillaire de Jette, en Belgique que L&#8217;artiste congolais, Dieudonn\u00e9 Kabongo, est d\u00e9c\u00e9d\u00e9 mardi soir sur sc\u00e8ne, tout comme Moli\u00e8re.<\/p>\n<p>Il \u00e9tait d\u00e9sign\u00e9 en allemand comme &#8222;<i>Master des schwarten Humors<\/i>&#8222;. L&#8217;artiste nous a laiss\u00e9 bien d&#8217;oeuvres qui nous interpellent. Visioner Dieudonn\u00e9 Kabongo sur ce clip intitul\u00e9 la sollitude, r\u00e9alis\u00e9 par Pierre de Lettre et parue sous le titre de :<br \/>\n<a href=\"http:\/\/www.integra-netz.de\/verein\/wp-content\/uploads\/sites\/25\/2014\/04\/R\u00e9alisation-Pierre-De-Lattre_-La-solitude-de-Dieudonn\u00e9-Kabongo-\u00e0-Bruxelles.mp4\">Un africain perdu dans un tram Bruxellois!<\/a><\/span>.<\/p>\n<li><span style=\"color: #33cccc;\">Par MC BAFI, les auteurs<\/span><\/li>\n<\/ul>\n<\/div>\n<p><a name=\"TendanceFitnessparJbmF\"><\/a><a href=\"http:\/\/www.integra-netz.de\/verein\/mc-bafi\/news\/\" target=\"_self\" rel=\"noopener\">retour (haut de la page)<\/a> \u2191<\/p>\n","protected":false},"excerpt":{"rendered":"<p>Notre Home Bonne ann\u00e9e 2012 au Caf\u00e9 Activit\u00e9s culturelles de 2012 Tourn\u00e9e de Foot en 2012 \u00e0 D\u00fcren Sango ya mawa Culture et g\u00e9n\u00e9ration Scolarit\u00e9 en Allemagne Tendance Fitness &nbsp; Lire: Anniversaire de Kams Anniversaire de Kams Mulumba C&#8217;\u00e9tait le samedi, 03 Septembre 2011 dernier, Mr. Kams Mulumba, avait f\u00eat\u00e9 son anniversaire et celui de &hellip; <\/p>\n<p class=\"link-more\"><a href=\"http:\/\/integra-netz.de\/verein\/bana-afrika\/news\/\" class=\"more-link\"><span class=\"screen-reader-text\">\u201eNews\u201c<\/span> weiterlesen<\/a><\/p>\n","protected":false},"author":1,"featured_media":0,"parent":0,"menu_order":0,"comment_status":"closed","ping_status":"closed","template":"","meta":{"footnotes":""},"class_list":["post-200","page","type-page","status-publish","hentry"],"_links":{"self":[{"href":"http:\/\/integra-netz.de\/verein\/bana-afrika\/wp-json\/wp\/v2\/pages\/200","targetHints":{"allow":["GET"]}}],"collection":[{"href":"http:\/\/integra-netz.de\/verein\/bana-afrika\/wp-json\/wp\/v2\/pages"}],"about":[{"href":"http:\/\/integra-netz.de\/verein\/bana-afrika\/wp-json\/wp\/v2\/types\/page"}],"author":[{"embeddable":true,"href":"http:\/\/integra-netz.de\/verein\/bana-afrika\/wp-json\/wp\/v2\/users\/1"}],"replies":[{"embeddable":true,"href":"http:\/\/integra-netz.de\/verein\/bana-afrika\/wp-json\/wp\/v2\/comments?post=200"}],"version-history":[{"count":7,"href":"http:\/\/integra-netz.de\/verein\/bana-afrika\/wp-json\/wp\/v2\/pages\/200\/revisions"}],"predecessor-version":[{"id":337,"href":"http:\/\/integra-netz.de\/verein\/bana-afrika\/wp-json\/wp\/v2\/pages\/200\/revisions\/337"}],"wp:attachment":[{"href":"http:\/\/integra-netz.de\/verein\/bana-afrika\/wp-json\/wp\/v2\/media?parent=200"}],"curies":[{"name":"wp","href":"https:\/\/api.w.org\/{rel}","templated":true}]}}