{"id":184,"date":"2014-04-09T17:25:59","date_gmt":"2014-04-09T15:25:59","guid":{"rendered":"http:\/\/integra-netz.de\/verein\/mc-bafi\/?page_id=184"},"modified":"2021-03-15T12:32:37","modified_gmt":"2021-03-15T11:32:37","slug":"aktuelles","status":"publish","type":"page","link":"http:\/\/integra-netz.de\/verein\/bana-afrika\/aktuelles\/","title":{"rendered":"Aktuelles"},"content":{"rendered":"<p>\u201e<strong><span style=\"color: #808080;\">Gemeinsam stark gegen Rassismus<\/span><\/strong>\u201c<br \/>\n<span style=\"color: #666699;\">lautet das Motto in 2018 zum Internationalen Tag gegen Rassismus<\/span><\/p>\n<div><img loading=\"lazy\" decoding=\"async\" class=\"alignnone wp-image-281 alignleft\" src=\"http:\/\/integra-netz.de\/verein\/mc-bafi\/wp-content\/uploads\/sites\/25\/2018\/03\/gegenR.png\" alt=\"\" width=\"164\" height=\"147\" \/><\/div>\n<p><span style=\"color: #003300;\"><strong>P<\/strong><\/span>ressebericht vom Mittwoch, dem 21 . M\u00e4rz 2018 aus der\u00a0 J\u00fclicher Lokalzeitung.<br \/>\nAls Podiumsgast hatte Herr Tika zum Thema \u00a0teilgenommen und lieferte einen wichtigen Beitrag zur Diskussion.<br \/>\nDabei stellen sich unter anderem Fragen zum Beispiel<br \/>\nwie ist der Lebensalltag f\u00fcr Menschen mit dunkler Hautfarbe<br \/>\nin Deutschland? Was bedeutet das Erleben von Alltagsrassismus? Was muss sich \u00e4ndern in Deutschland?<\/p>\n<div>Hier der link zum Pressebericht =&gt;\u00a0\u00a0<a href=\"http:\/\/integra-netz.de\/verein\/mc-bafi\/wp-content\/uploads\/sites\/25\/2018\/03\/20180323an-e20-1.pdf\" class=\"mtli_attachment mtli_pdf\"><br \/>\n<\/a><a href=\"http:\/\/integra-netz.de\/verein\/mc-bafi\/wp-content\/uploads\/sites\/25\/2018\/03\/20180323an-e20-1.pdf\" class=\"mtli_attachment mtli_pdf\"><img loading=\"lazy\" decoding=\"async\" class=\"alignnone\" src=\"http:\/\/integra-netz.de\/verein\/mc-bafi\/wp-content\/uploads\/sites\/25\/2018\/03\/PodiumgegenR.png\" alt=\"Zeitungsartikel\" width=\"579\" height=\"220\" \/><\/a><\/div>\n<hr style=\"background-color: #cccccc; border: 4px solid #CCCCFC;\" \/>\n<table style=\"height: 6094px;\" border=\"1\" width=\"640\" cellspacing=\"5\" cellpadding=\"5\" align=\"center\">\n<tbody>\n<tr>\n<th align=\"center\">\n<h2><span style=\"color: #808080;\">&#x2666;<\/span> <span style=\"color: #ff77bb;\"><span style=\"color: #3366ff;\">Conseils d&#8217;organisation<\/span><span style=\"color: #808080;\"> &amp;<\/span> <\/span><\/h2>\n<h2><span style=\"color: #ff77bb;\">Programme d&#8216; une soir\u00e9e de mariage<\/span><span style=\"color: #777777;\"> <span style=\"color: #808080;\">&#x2666;<\/span><\/span><\/h2>\n<\/th>\n<\/tr>\n<tr>\n<td align=\"center\"><span style=\"color: #666699;\"><span style=\"font-size: font-size;\"><em>par<\/em> <em>Mack\u00a0 T<\/em>ika<\/span><\/span><\/td>\n<\/tr>\n<tr>\n<td width=\"20%\"><a href=\"http:\/\/integra-netz.de\/verein\/mc-bafi\/wp-content\/uploads\/sites\/25\/2014\/04\/mariageprepare.jpg\"><img loading=\"lazy\" decoding=\"async\" class=\"alignnone size-medium wp-image-281\" src=\"http:\/\/integra-netz.de\/verein\/mc-bafi\/wp-content\/uploads\/sites\/25\/2014\/04\/mariageprepare-300x246.jpg\" alt=\"\" width=\"300\" height=\"246\" srcset=\"http:\/\/integra-netz.de\/verein\/bana-afrika\/wp-content\/uploads\/sites\/25\/2014\/04\/mariageprepare-300x246.jpg 300w, http:\/\/integra-netz.de\/verein\/bana-afrika\/wp-content\/uploads\/sites\/25\/2014\/04\/mariageprepare.jpg 477w\" sizes=\"auto, (max-width: 300px) 100vw, 300px\" \/><\/a><\/p>\n<p><span style=\"color: #ff0000;\">&#x2665;<\/span> <span style=\"color: #33cccc;\"><span style=\"font-size: 210%;\">L<\/span>e<\/span><span style=\"color: #66aa00;\"> mariage est une occasion socio-culturelle magnifique allant lier deux personnes, je dirais plut\u00f4t deux belles familles. Cette c\u00e9r\u00e9monie bien particuli\u00e8re qui r\u00e9unit aussi tout le monde, n\u00e9c\u00e9ssite absolument une bonne pr\u00e9paration et une organisation quasi sans faille. Chaque type de soci\u00e9t\u00e9 (africaine, europ\u00e9enne, asiatique, arabe, etc.) a sa fa\u00e7on d&#8217;organiser le d\u00e9roulement de diff\u00e9rentes \u00e9tapes d&#8217;une telle f\u00eate. Nous nous attelons ici sur la culture de l&#8216; Afrique Centrale et Australe, en incluant une partie de l&#8216; Afrique Subsaharienne, avec des pays tels que la C\u00f4te d&#8217;Ivoire, Le Burkina ou le S\u00e9n\u00e9gal.<br \/>\nServant de DJ dans plusieurs f\u00eates de mariage, j&#8216; ai relev\u00e9 des points semblables caract\u00e9risant le d\u00e9roulement de ces types de f\u00eate, lesquels je mets aujourd&#8217;hui on line. Vous pouvez, au besoin, vous servir de ce Programme.<\/span>Vouloir bien planifier une soir\u00e9e de mariage et compter la r\u00e9ussir, vous imposera le choix d&#8216; un certain nombre d&#8216; \u00e9l\u00e9ments de base se r\u00e9sumant \u00e0 travers les <span style=\"color: #3366ff;\">quatres<\/span> <span style=\"color: #3366ff;\">points<\/span> suivants:<\/p>\n<ul type=\"square\">\n<li><span style=\"color: #3366ff;\"><strong><span style=\"color: #3366ff;\">Le lieu de r\u00e9ception<\/span> <\/strong><\/span>:<br \/>\n<span style=\"color: #808080;\">Une salle de f\u00eate par exemple, requiert un bel \u00e9clairage et une bonne d\u00e9coration. Un lieu ainsi choisi doit aussi d\u00e9gager un aspect tr\u00e8s convivial.<br \/>\nFaire votre r\u00e9servation de la salle bien avant <\/span><span style=\"color: #808080;\">si vous souhaitez avoir la chance de tomber sur un bon endroit.<br \/>\nOpter pour un emplacement \u00e9loign\u00e9 des agglom\u00e9rations ou des zones habit\u00e9es.<br \/>\nCertaines personnes n&#8217;hesitent pas \u00e0 appeler la police \u00e0 la moindre nuisance sonore \u00e9mise pendant la f\u00eate.<br \/>\nPrivil\u00e9gier plut\u00f4t de f\u00eater dans des lieux relativement isol\u00e9s \u00e0 l&#8217;instar de quartier industriel.<br \/>\nUne blague allemande dit \u00e0 ce titre que le meilleur voisin, c&#8217;est un cimeti\u00e8re car m\u00eame si l&#8217;on joue de la musique tr\u00e8s fort<\/span><span style=\"color: #808080;\">, ses occupants, figurez-vous, n&#8217;appellent jamais la police!<br \/>\n<\/span><\/li>\n<li><span style=\"color: #3366ff;\"><strong><span style=\"color: #3366ff;\">Un DJ et un animateur<\/span> <\/strong><\/span>: <span style=\"color: #808080;\">Il est tr\u00e8s conseill\u00e9 de s&#8216; allouer le service d&#8217;un bon DJ et celui d&#8216; un excellent animateur. Tous deux doivent conna\u00eetre tout le programme dans son moindre d\u00e9tail. Ensemble, ils doivent travailler de mani\u00e8re synchronis\u00e9e. <\/span><\/li>\n<li><strong><span style=\"color: #3366ff;\">Le service-r\u00e9pas et cocktail : <\/span><\/strong><span style=\"color: #808080;\">Un service de bonne qualit\u00e9. Beaucoup de familles actuellement font appel aux treteurs. Avec eux, on a entre autres l&#8216; avantage de manger un r\u00e9pas bien chaud. En g\u00e9n\u00e9ral, ils font du bon travail. Pour contact, nous vous donnerons quelques Adresses et Num\u00e9ros de t\u00e9l\u00e9phone en notre disposition. <\/span><\/li>\n<li><strong><span style=\"color: #3366ff;\">Un bon preneur de vue (Photographe) et un cameraman<\/span> : <\/strong><span style=\"color: #808080;\"> Tout le monde souhaite bien garder \u00e0 travers des images, clips ou DVD un bon souvenir de sa f\u00eate. <\/span><span style=\"color: #888888;\">Prendre contact alors avec des gens qui s&#8217;y connaissent<\/span><span style=\"color: #888888;\">. <\/span><span style=\"color: #808080;\"><br \/>\n<\/span><\/li>\n<\/ul>\n<p>Pendant la pr\u00e9paration de la f\u00eate, on doit prendre en compte et respecter surtout le go\u00fbt des mari\u00e9s. La f\u00eate sera pr\u00e9par\u00e9e en fonction de leur choix. De l\u00e0 on peut cat\u00e9goriser les f\u00eates de mariage en 3 groupes. On d\u00e9nombre d\u00e8s lors des f\u00eates dites<br \/>\n<span style=\"color: #99cc00;\"><em><strong><span style=\"color: #99cc00;\">\u25ca<\/span><\/strong> normales<br \/>\n<\/em><\/span><em><strong><span style=\"color: #99cc00;\">\u25ca<\/span><\/strong> <\/em><span style=\"color: #99cc00;\"><em>des soir\u00e9e strictement relieuses et<br \/>\n<\/em><\/span><span style=\"color: #99cc00;\"><strong><em>\u25ca<\/em><\/strong><\/span><span style=\"color: #99cc00;\"><em> celles d\u00e9sign\u00e9es comme mixtes ou combin\u00e9es.<\/em><\/span><br \/>\nTout doit d\u00e9pendre du choix des mari\u00e9s.<br \/>\nDe ce fait, on peut observer que les programmes suivis lors des diff\u00e9rentes soir\u00e9e de mariage sont presques identiques. En voici un que nous avons \u00e9labor\u00e9 et qui est actuellement suivi avec satisfaction dans plusieurs r\u00e9ceptions de mariage.<\/p>\n<p><em><span style=\"color: #666666;\"><em>Nous nous garderons toutefois d&#8216; avancer que ce plan est parfait. Les suggestions pour am\u00e9lioration sont les biens venues. Nous ne manqueront pas de citer celles qui apportent une pierre blanche \u00e0 l&#8217;\u00e9difice. <\/em><\/span><\/em><\/p>\n<p><em><span style=\"color: #3366ff;\"><em><span style=\"color: #ff99cc;\"><strong>Diff\u00e9rentes \u00e9tapes suivies dans une f\u00eate bien organis\u00e9e.<\/strong><\/span><br \/>\n<\/em><\/span><\/em><\/p>\n<ol>\n<li><span style=\"color: #3366ff;\"><strong>Apr\u00e8s la c\u00e9r\u00e9monie \u00e0 l&#8217;\u00e9glise<\/strong><\/span>\n<ul>\n<li><span style=\"color: #999999;\"><em>\u00c0 la fin de la c\u00e9r\u00e9monie nuptiale (en \u00e9glise), <\/em>pri\u00e8re de pr\u00e9ciser o\u00f9 les invit\u00e9s devront se rendre. Apr\u00e8s l&#8216; \u00e9glise, Il est d\u00e8s lors important d&#8216; orienter ses amis et connaissances. Ils doivent avoir le sentiment qu&#8217;on s&#8217;occupent d&#8217;eux car se sont vos invit\u00e9s. Il y a certainement ceux qui viennent de loin. L&#8217;on doit s&#8217;occuper d&#8217;eux !<\/span><span style=\"color: #333333;\"><em><em> Le service-protocole doit jouer son r\u00f4le<\/em><\/em><\/span><span style=\"color: #999999;\">en pr\u00e9voyant 0\u00f9 ces invit\u00e9s iront, sit\u00f4t apr\u00e8s l&#8217;\u00e9glise, dans l&#8216; \u00e9ventualit\u00e9 par exemple que la salle ne soit accessible que quelques heures plus tart ? Il se peut aussi qu&#8217;il pleuve \u00e0pr\u00e8s l&#8217;\u00e9glise. Que faire pour ces invit\u00e9s venus de loin ? Il existe bien entendu ceux-l\u00e0 qui savent bien se d\u00e9brouiller. L\u00e0 n&#8217;est la pr\u00e9occupation.<\/span><\/li>\n<\/ul>\n<\/li>\n<li><span style=\"color: #3366ff;\"><span style=\"color: #3366ff;\"><strong>S\u00e9ance de prise de photos par les mari\u00e9s.<\/strong><\/span><\/span>\n<ul>\n<li><span style=\"color: #999999;\">Il est connu de tous que les mari\u00e9s se retirent pour une s\u00e9ance des photos. Il ne rejoindront les invit\u00e9s que plus tart dans la soir\u00e9e.<\/span><\/li>\n<\/ul>\n<\/li>\n<li><span style=\"color: #3366ff;\"><strong>service de protocole<\/strong><\/span>\n<ul>\n<li><span style=\"color: #888888;\">Il s&#8217;av\u00e8re utile de d\u00e9signer un coordonnateur et chef de protocole qui dirigera l&#8217;ensemble des activit\u00e9s li\u00e9es \u00e0 la f\u00eate. \u00c0 l&#8217;aide d&#8217;un portable ou d&#8217;un autre moyen de communication, il donne un signal aux mari\u00e9s afin qu&#8216; ils fassent leur ent\u00e9e dans la sale de f\u00eate.<\/span><\/li>\n<li><span style=\"color: #888888;\">Le coordonnateur g\u00e9n\u00e9rale gardera toujours contact avec les mari\u00e9s sans perdre de vue le DJ ainsi que l&#8217;animateur.<\/span><\/li>\n<li><span style=\"color: #888888;\">Il doit pr\u00e9voir quelques personnes qui r\u00e9cevront les invit\u00e9s dans la salle de f\u00eate lorsqu&#8217;ils commencent \u00e0 arriver. Au minimum 2 Personnes. Elles devront d\u00e9j\u00e0 \u00eatre pr\u00e9sentes pour recevoir des invit\u00e9s ponctuels. On peut leur servir de la boisson.<\/span><\/li>\n<li><span style=\"color: #888888;\">Le Protocole veuillera \u00e0 ce que les tables r\u00e9serv\u00e9es soient bien remarquables et ne soient pas occup\u00e9es pendant l&#8217;entr\u00e9e des invit\u00e9s.<\/span><\/li>\n<li><span style=\"color: #888888;\">Le <strong>DJ<\/strong> jouent des chansons selon le type de f\u00eate(chansons religieuses ou autres). Il est m\u00eame \u00e0 recommander au DJ de maintenir le volume \u00e0 un niveau tel que les invit\u00e9s puissent se parler, bavarder, s&#8216; entendre entre eux. Une musique trop forte en ce moment l\u00e0 n&#8217;est pas souhaitable.<br \/>\nPendant ce moment, les invit\u00e9s admirent aussi le d\u00e9cor, l&#8217;acceuil leur r\u00e9serv\u00e9 par le service protocole. Au cas o\u00f9 ce service serait absent du lieu, cela risquerait d\u00e8s le d\u00e9part de donner une impression chaotique.<br \/>\nLa salle doivent \u00e9tre suffisamment \u00e9clair\u00e9e et bien a\u00e9r\u00e9e, sans odeur(neutre). V\u00e9rifier tout cela avant de signer votre contrat de location de salle.<br \/>\n<\/span><\/li>\n<\/ul>\n<\/li>\n<li><span style=\"color: #3366ff;\"><strong>Avant l&#8217;entr\u00e9e des mari\u00e9s<\/strong><\/span>\n<ul>\n<li><span style=\"color: #888888;\">L&#8217;animateur salue les invit\u00e9s et les remercie au nom des mari\u00e9s.<br \/>\nIl les informe sur la structure de la salle. Il indiquera l&#8217;emplacement des toilettes, les sorties de secours de la salle.<br \/>\nSi la salle doit \u00eatre lib\u00e9r\u00e9e avant l&#8217;aube, il donnera aussi cette information. Au cas o\u00f9 quelqu&#8217;un perdrait quelque chose, s&#8217;adresser \u00e0 lui afin qu&#8217;il lance un communiqu\u00e9 s&#8217;y rapportant.<br \/>\n<\/span><\/li>\n<li><span style=\"color: #888888;\">L&#8217;animateur priera les invit\u00e9s \u00e0 surveiller leurs enfants.<\/span><\/li>\n<li><span style=\"color: #888888;\">Il annoncera l&#8217;entr\u00e9e des filles d&#8217;honneur qui entreront en avant-plan dans la salle en esquissant<br \/>\nles premiers pas de danse collective.<\/span><\/li>\n<li><span style=\"color: #888888;\">Le <strong>DJ<\/strong> jouera une chanson pr\u00e9vue pour cela.<br \/>\n<\/span><em><em><span style=\"color: #ff0000;\"><em><em><em><em><em><em>\u00b6<\/em><\/em><\/em><\/em><\/em><\/em><span style=\"color: #0000ff;\"><em><em><em><em><em><em><em>\u00b6<\/em><\/em><\/em><\/em><\/em><\/em><\/em><\/span> <\/span><em><em> <span style=\"color: #808080;\">Tite de la chanson: &#8230;&#8230;&#8230;&#8230;&#8230;&#8230;&#8230;.<\/span><\/em><\/em><\/em><\/em><\/li>\n<li><span style=\"color: #888888;\">L&#8217;animateur demandera les invit\u00e9s de se lever pour l&#8217;entr\u00e9e des mari\u00e9s dans la salle.<\/span><\/li>\n<\/ul>\n<\/li>\n<li><span style=\"color: #3366ff;\"><strong>Entr\u00e9e des mari\u00e9s dans la salle de f\u00eate<\/strong><\/span>\n<ul>\n<li><span style=\"color: #99cc00;\"> <span style=\"color: #808080;\">Il est d&#8217;usage que La mari\u00e9e se place \u00e0 gauche du mari\u00e9 pendant la c\u00e9r\u00e9monie. Cela n\u2019a vraiment rien \u00e0 voir avec le r\u00f4le de l\u2019 homme et de la femme dans le foyer. D&#8216; aucuns racontent cependant qu&#8216; auparavant, la femme se tenait \u00e0 gauche de son<br \/>\n\u00e9poux pour lui permettre d&#8216; avoir son \u00e9p\u00e9e \u00e0 port\u00e9e de main. Il peut alors rapidement se d\u00e9fendre contre toute autre personne qui souhaite s\u2019opposer \u00e0 leur mariage.<br \/>\nDans le cas contraire, c&#8217;est-\u00e0-dire que <\/span><\/span><span style=\"color: #888888;\"><em><em> si la femme se placait de l&#8217;autre c\u00f4t\u00e9 de son \u00e9poux, <\/em><\/em><\/span><span style=\"color: #99cc00;\"><span style=\"color: #808080;\">les gens risquent de croire que le mari\u00e9 serait un gaucher!?<\/span><\/span><\/li>\n<li><span style=\"color: #888888;\">Le <strong>DJ<\/strong> jouera une chanson pr\u00e9vue pour l&#8217;entr\u00e9e en salle. <\/span><em><em><em><em><em><em><em><em><br \/>\n<span style=\"color: #ff0000;\">\u00b6<\/span><\/em><\/em><\/em><\/em><\/em><\/em><span style=\"color: #0000ff;\"><em><em><em><em><em><em><em>\u00b6<\/em><\/em><\/em><\/em><\/em><\/em><\/em> <\/span><em><em> <span style=\"color: #808080;\">Tite de la chanson: &#8230;&#8230;&#8230;&#8230;&#8230;&#8230;&#8230;.<\/span><\/em><\/em><\/em><\/em><\/li>\n<li><span style=\"color: #0000ff;\"><strong>le cort\u00e8ge d&#8217;accompagnement des mari\u00e9s<\/strong> <span style=\"color: #808080;\">doit \u00eatre bien synchronis\u00e9. Personnellement, je pense qu&#8217;il devra se composer optimalement de 6 petits groupes. <\/span><\/span>\n<dl>\n<dt><span style=\"color: #888888;\"><strong><em>Groupe 1: Les demoiselles d&#8217;honneur<\/em><\/strong><\/span><\/dt>\n<dd>\n<ul>\n<li><span style=\"color: #99cc00;\">Elles seront au minimum quatre (ou plus). <\/span><\/li>\n<\/ul>\n<ul>\n<li><span style=\"color: #99cc00;\"><span style=\"color: #008080;\">Elles doivent savoir quelle chemin suivrent jusqu&#8217;\u00e0 la place assise r\u00e9serv\u00e9e aux mari\u00e9s. <\/span><\/span><\/li>\n<\/ul>\n<ul>\n<li><span style=\"color: #99cc00;\">Elles ne doivent pas rest\u00e9es les unes trop pr\u00e8s des autres pendant l&#8216; entr\u00e9e des mari\u00e9s dans la salle. <\/span><\/li>\n<\/ul>\n<ul>\n<li><span style=\"color: #99cc00;\"><span style=\"color: #008080;\">Elles \u00e9viteront de trainer trop les pas en ce sens que la chanson d&#8217;entr\u00e9e n&#8217;est pas ind\u00e9finiment longue.<\/span><\/span><\/li>\n<\/ul>\n<\/dd>\n<dt><em><strong><em>Groupe 2: <\/em><\/strong><\/em><span style=\"color: #888888;\"><strong><em>Les femmes accompagnatrices<\/em><\/strong><\/span><\/dt>\n<dd><span style=\"color: #99cc00;\">Ce sont des amies qui auront non seulement le r\u00f4le d&#8217;accompagner les mari\u00e9s lors de l&#8217;entr\u00e9e en salle, mais aussi elles ont la t\u00e2che de cr\u00e9er, de garder, de rechauffer l&#8217;ambiance pendant la f\u00eate. Le DJ peut balancer de la bonne musique mais les participants aussi doivent occuper la piste&#8230;<\/span><\/dd>\n<dt><em><em><strong><em>Groupe 3:<\/em><\/strong><\/em><\/em><span style=\"color: #888888;\"><strong><em> Deux fillettes<\/em><\/strong><\/span><\/dt>\n<dd><span style=\"color: #99cc00;\">Elles tiendront chacune un bouquet de fleurs, pas trop grand. Et la mari\u00e9e<br \/>\nva le projeter en direction de la foule, en visant les jeunes filles, avant d&#8217;aller s&#8217;installer sur le fauteuil qui leur est reserv\u00e9. Le geste porte bonheur rassure-t-on. <\/span><\/dd>\n<dt><em><em><strong><em>Groupe 4:<\/em><\/strong><\/em><\/em><span style=\"color: #ff99cc;\"><strong><em> <span style=\"color: #ff99cc;\">&#x2665; Les mari\u00e9s<\/span><\/em><\/strong><\/span><\/dt>\n<dd><span style=\"color: #ff99cc;\"><span style=\"color: #99cc00;\">La femme, se tenant \u00e0 gauche de son \u00e9poux<\/span>.<\/span><\/dd>\n<dt><em><em><strong><em>Groupe 5:<\/em><\/strong><\/em><\/em><span style=\"color: #ff6600;\"><strong><em> <span style=\"color: #ff6600;\">&#x2663;<span style=\"color: #808080;\"> Une<\/span><\/span><\/em><\/strong><span style=\"color: #808080;\">demoiselle d&#8217;honneur principale<\/span><\/span><strong><em><span style=\"color: #888888;\"><span style=\"color: #99cc00;\"><br \/>\n<\/span><\/span><\/em><\/strong><\/dt>\n<dd><span style=\"color: #99cc00;\">Elle va aider directement les mari\u00e9s.<br \/>\nSi cela est plannifi\u00e9, elle se triendra derri\u00e8re la mari\u00e9e pour arranger sa robe, \u00e0 l&#8217;instar du mariage du Prince William &amp; Kate Middleton. C&#8217;est le r\u00f4le que jouait Pippa Middelton, la soeur de la princesse Kate.<br \/>\nElle va en outre ranger les fleurs et cadeaux remis \u00e0 la mari\u00e9es ou aux couples.<br \/>\n<\/span><\/dd>\n<dt><em><em><strong><em>Groupe 6:<\/em><\/strong><\/em><\/em><span style=\"color: #888888;\"><strong><em> <span style=\"color: #3366ff;\">Les parrains<\/span><\/em><\/strong><\/span><\/dt>\n<\/dl>\n<\/li>\n<li>Le <strong>DJ<\/strong> jouera une chanson pr\u00e9vue pour l&#8217;entr\u00e9e en salle.<br \/>\n<em><em><span style=\"color: #ff0000;\"><em><em><em><em><em><em>\u00b6<\/em><\/em><\/em><\/em><\/em><\/em><span style=\"color: #0000ff;\"><em><em><em><em><em><em><em>\u00b6<\/em><\/em><\/em><\/em><\/em><\/em><\/em> <\/span><\/span><span style=\"color: #808080;\"><em><em> Tite de la chanson: &#8230;&#8230;&#8230;&#8230;&#8230;&#8230;&#8230;.<\/em><\/em><\/span><\/em><\/em><br \/>\nAfin que l&#8217;ambiance soit maintenue, une chanson suivra pour garder cette ambiance . Madame Monique Ndoma Luciano m&#8217;a recommand\u00e9 de continuer avec la chanson <span style=\"color: #ff6600;\"><em><em>\u00b6<\/em><\/em> <\/span>&#8222;Louange plus&#8220;. L&#8216; effet \u00e9tait beau .<\/li>\n<\/ul>\n<\/li>\n<li><strong><span style=\"color: #3366ff;\">Le lancer du bouquet de fleur par la mari\u00e9e aux jeunes<span style=\"color: #ff00ff;\"> &#x2663;<\/span><\/span> <\/strong>\n<ul>\n<li>Il se fait apr\u00e8s la c\u00e9r\u00e9monie religieuse ou avant que les mari\u00e9s s&#8217;installent sur leur fauteuil, dans la salle,<br \/>\nou encore apr\u00e8s la r\u00e9ception de mariage. C&#8217;est vous qui d\u00e9cidez.<br \/>\nJe pense qu&#8216; il vaut mieux la faire avant que Les mari\u00e9es s&#8217;installent sur le si\u00e8ge leur reserv\u00e9, apr\u00e8s l&#8217;entr\u00e8e en salle.<br \/>\n<span style=\"color: #ff99cc;\">La <span style=\"color: #ff00ff;\">&#x2665;<\/span> mari\u00e9e tourne le dos \u00e0 toutes aux filles et jette la fleur.<br \/>\nOn soutient que la demoiselle qui l&#8217;attrape augmente ses chanses d&#8217;\u00eatre heureuse.<\/span><\/li>\n<\/ul>\n<\/li>\n<li><span style=\"color: #3366ff;\"><strong>Ouverture du buffet<\/strong>. <\/span>\n<ul>\n<li>L&#8217;animateur annonce ce moment, apr\u00e8s l&#8217;entr\u00e9e des mari\u00e9s dans la salle de f\u00eate et le jet du bouquet de fleur. Le couple mari\u00e9 prend place. Attendre qu&#8217;on joue une chanson et puis passer \u00e0 l&#8217;annonce de l&#8217;ouverture du buffet.<br \/>\nOn prendra soin d&#8217;abord de demander au pasteur de dire une pri\u00e8re de b\u00e9n\u00e9diction du r\u00e9pas.<\/li>\n<li>L&#8217;annonce pour ouvrir le buffet ne doit pas \u00eatre trop retard\u00e9.<em><em> Quand on a faim on est faible, impatient ou pas interess\u00e9.<\/em><\/em><br \/>\nUn r\u00e9pas cons\u00e9quent(chaud, bien aromatis\u00e9&#8230;) est sans conteste tr\u00e8s attendu.<\/li>\n<li>Pendant que les invit\u00e9s mangent, ce sera le bon moment pour jouer du play-back en solo. Pas de danse.<\/li>\n<li>Un service-nettoyage se chargera de vider les tables des effets qui ne sont plus n\u00e9cessaires. Pour des raisons qu&#8217;on peut facilement comprendre, il est convenable de ne pas attendre que les sacs de poubelle se remplissent pendans le ramassage ou le nettoyage des tables.<\/li>\n<li>Il n&#8217;est pas bon que ceux qui nettoyent servent en m\u00eame temps \u00e0 boire ou \u00e0 manger directement. Il est d&#8217;int\u00e9r\u00eat commun que les jeunes filles ou gar\u00e7ons s&#8217;ccupent de la distribution de boisson et les mamans servent dans le retrait des effets (nettoyage).<\/li>\n<\/ul>\n<\/li>\n<li><span style=\"color: #3366ff;\"><strong>Ouverture de la piste de danse par les mari\u00e9s et remise des cadeaux<\/strong><\/span><br \/>\nC&#8217;est une \u00e9tape importante \u00e0 \u00eatre realis\u00e9 sans faute.<\/p>\n<ul>\n<li>l&#8217;animateur invite les mari\u00e9s \u00e0 venir danser<\/li>\n<\/ul>\n<ul>\n<li>Le <strong>DJ<\/strong> jouera une chanson de leur choix.<br \/>\n<em><em><span style=\"color: #ff0000;\"><em><em><em><em><em><em>\u00b6<\/em><\/em><\/em><\/em><\/em><\/em><span style=\"color: #0000ff;\"><em><em><em><em><em><em><em>\u00b6<\/em><\/em><\/em><\/em><\/em><\/em><\/em><\/span> <\/span><em><em> <span style=\"color: #808080;\">Tite de la chanson: &#8230;&#8230;&#8230;&#8230;&#8230;&#8230;&#8230;.<\/span><\/em><\/em><\/em><\/em><\/li>\n<li>l&#8217;animateur invite \u00e0 la remise de cadeaux.D&#8217;abord tous,apr\u00e8s les cadeaux sp\u00e9ciaux des amis puis suivra ceux de la famille. Pareil ordre n&#8217;est n\u00e9cessaire que s&#8216; il y a un nombre trop grand des invit\u00e9s ayant des cadeaux \u00e0 donner.<\/li>\n<\/ul>\n<\/li>\n<li><span style=\"color: #3366ff;\"><strong>Caf\u00e9 et Partage du g\u00e2teau des mari\u00e9s<\/strong><\/span> S&#8216; il est pr\u00e9vue des bougies, on peut les allumer rapidement table par table. On eteindra une grande partie de la lumi\u00e8re de la salle.<br \/>\nOn avance le g\u00e2teau et le mod\u00e9rateur demandera au couple de venir le partager.<\/li>\n<li><span style=\"color: #888888;\"><strong><span style=\"color: #3366ff;\">Remerciement et prise de photos avec des invit\u00e9s, table par table:<\/span> <\/strong><\/span>Il ne faudra pas trop attendre car il est des personnes qui voudront bien rentrer \u00e0 la maison.<\/li>\n<\/ol>\n<p><span style=\"text-decoration: underline;\"><span style=\"text-decoration: underline;\"><span style=\"color: #666699;\"><span style=\"color: #808000;\">Auteur<\/span>: <span style=\"color: #99cc00;\"><em>Mack Tika<\/em><\/span><\/span><\/span><\/span><\/td>\n<\/tr>\n<\/tbody>\n<\/table>\n","protected":false},"excerpt":{"rendered":"<p>\u201eGemeinsam stark gegen Rassismus\u201c lautet das Motto in 2018 zum Internationalen Tag gegen Rassismus Pressebericht vom Mittwoch, dem 21 . M\u00e4rz 2018 aus der\u00a0 J\u00fclicher Lokalzeitung. Als Podiumsgast hatte Herr Tika zum Thema \u00a0teilgenommen und lieferte einen wichtigen Beitrag zur Diskussion. Dabei stellen sich unter anderem Fragen zum Beispiel wie ist der Lebensalltag f\u00fcr Menschen &hellip; <\/p>\n<p class=\"link-more\"><a href=\"http:\/\/integra-netz.de\/verein\/bana-afrika\/aktuelles\/\" class=\"more-link\"><span class=\"screen-reader-text\">\u201eAktuelles\u201c<\/span> weiterlesen<\/a><\/p>\n","protected":false},"author":1,"featured_media":0,"parent":0,"menu_order":0,"comment_status":"closed","ping_status":"closed","template":"","meta":{"footnotes":""},"class_list":["post-184","page","type-page","status-publish","hentry"],"_links":{"self":[{"href":"http:\/\/integra-netz.de\/verein\/bana-afrika\/wp-json\/wp\/v2\/pages\/184","targetHints":{"allow":["GET"]}}],"collection":[{"href":"http:\/\/integra-netz.de\/verein\/bana-afrika\/wp-json\/wp\/v2\/pages"}],"about":[{"href":"http:\/\/integra-netz.de\/verein\/bana-afrika\/wp-json\/wp\/v2\/types\/page"}],"author":[{"embeddable":true,"href":"http:\/\/integra-netz.de\/verein\/bana-afrika\/wp-json\/wp\/v2\/users\/1"}],"replies":[{"embeddable":true,"href":"http:\/\/integra-netz.de\/verein\/bana-afrika\/wp-json\/wp\/v2\/comments?post=184"}],"version-history":[{"count":26,"href":"http:\/\/integra-netz.de\/verein\/bana-afrika\/wp-json\/wp\/v2\/pages\/184\/revisions"}],"predecessor-version":[{"id":347,"href":"http:\/\/integra-netz.de\/verein\/bana-afrika\/wp-json\/wp\/v2\/pages\/184\/revisions\/347"}],"wp:attachment":[{"href":"http:\/\/integra-netz.de\/verein\/bana-afrika\/wp-json\/wp\/v2\/media?parent=184"}],"curies":[{"name":"wp","href":"https:\/\/api.w.org\/{rel}","templated":true}]}}