{"id":14,"date":"2014-04-07T15:55:47","date_gmt":"2014-04-07T13:55:47","guid":{"rendered":"http:\/\/integra-netz.de\/verein\/mc-bafi\/?page_id=14"},"modified":"2021-02-07T16:14:39","modified_gmt":"2021-02-07T15:14:39","slug":"kontakt","status":"publish","type":"page","link":"http:\/\/integra-netz.de\/verein\/bana-afrika\/kontakt\/","title":{"rendered":"Kontakt"},"content":{"rendered":"<table style=\"height: 360px;\" border=\"1\" width=\"623\" cellspacing=\"1\" cellpadding=\"0\" align=\"center\" bgcolor=\"#c3c3c3\">\n<tbody>\n<tr>\n<td><span style=\"color: #ff6600;\"><strong> Kayembe Mulumba<\/strong><\/span><\/td>\n<td rowspan=\"5\"><\/td>\n<td><span style=\"color: #ff6600;\"><strong> Mack Tika<\/strong><\/span><\/td>\n<\/tr>\n<tr>\n<td style=\"padding-left: 60px;\">Monschauer Stra\u00dfe 160<\/td>\n<td style=\"padding-left: 60px;\">Kasterstr. 6<\/td>\n<\/tr>\n<tr>\n<td style=\"padding-left: 60px;\">52355 D\u00fcren (R\u00f6lsdorf)<\/td>\n<td style=\"padding-left: 60px;\">52428 J\u00fclich<\/td>\n<\/tr>\n<tr>\n<td style=\"padding-left: 70px;\"><span style=\"color: #3333ff;\">Tel. (+49)(0)2421.393929<\/span><\/td>\n<td style=\"padding-left: 70px;\"><span style=\"color: #3333ff;\">Tel. 015221909646 * 02461.7983<\/span><\/td>\n<\/tr>\n<tr>\n<td style=\"padding-left: 70px;\">Email: <a href=\"mailto:k_mulumba@yahoo.fr\"><span style=\"color: #661111;\"><em>k_mulumba@yahoo.fr<\/em><\/span><\/a><\/td>\n<td style=\"padding-left: 70px;\">Email: <a href=\"mailto:blank.mts@gmail.com\"><span style=\"color: #661111;\"><em>blank.mts@gmail.com<\/em><\/span><\/a><\/td>\n<\/tr>\n<tr>\n<td colspan=\"3\"><img loading=\"lazy\" decoding=\"async\" class=\"\" src=\"http:\/\/www.integra-netz.de\/verein\/wp-content\/uploads\/sites\/25\/2014\/04\/lobokoNgola11.jpg\" alt=\"MC BAFI: Mangola-Spiele\" width=\"617\" height=\"465\" \/><\/td>\n<\/tr>\n<\/tbody>\n<\/table>\n","protected":false},"excerpt":{"rendered":"<p>Kayembe Mulumba Mack Tika Monschauer Stra\u00dfe 160 Kasterstr. 6 52355 D\u00fcren (R\u00f6lsdorf) 52428 J\u00fclich Tel. (+49)(0)2421.393929 Tel. 015221909646 * 02461.7983 Email: k_mulumba@yahoo.fr Email: blank.mts@gmail.com<\/p>\n","protected":false},"author":1,"featured_media":0,"parent":0,"menu_order":0,"comment_status":"closed","ping_status":"closed","template":"","meta":{"footnotes":""},"class_list":["post-14","page","type-page","status-publish","hentry"],"_links":{"self":[{"href":"http:\/\/integra-netz.de\/verein\/bana-afrika\/wp-json\/wp\/v2\/pages\/14","targetHints":{"allow":["GET"]}}],"collection":[{"href":"http:\/\/integra-netz.de\/verein\/bana-afrika\/wp-json\/wp\/v2\/pages"}],"about":[{"href":"http:\/\/integra-netz.de\/verein\/bana-afrika\/wp-json\/wp\/v2\/types\/page"}],"author":[{"embeddable":true,"href":"http:\/\/integra-netz.de\/verein\/bana-afrika\/wp-json\/wp\/v2\/users\/1"}],"replies":[{"embeddable":true,"href":"http:\/\/integra-netz.de\/verein\/bana-afrika\/wp-json\/wp\/v2\/comments?post=14"}],"version-history":[{"count":8,"href":"http:\/\/integra-netz.de\/verein\/bana-afrika\/wp-json\/wp\/v2\/pages\/14\/revisions"}],"predecessor-version":[{"id":334,"href":"http:\/\/integra-netz.de\/verein\/bana-afrika\/wp-json\/wp\/v2\/pages\/14\/revisions\/334"}],"wp:attachment":[{"href":"http:\/\/integra-netz.de\/verein\/bana-afrika\/wp-json\/wp\/v2\/media?parent=14"}],"curies":[{"name":"wp","href":"https:\/\/api.w.org\/{rel}","templated":true}]}}