{"id":12,"date":"2014-04-07T15:44:56","date_gmt":"2014-04-07T13:44:56","guid":{"rendered":"http:\/\/integra-netz.de\/verein\/assembleedemangembodueren\/?page_id=12"},"modified":"2014-06-26T15:10:19","modified_gmt":"2014-06-26T13:10:19","slug":"aktivitaeten","status":"publish","type":"page","link":"http:\/\/integra-netz.de\/verein\/assemblee_de_mangembo_dueren\/aktivitaeten\/","title":{"rendered":"Aktivit\u00e4ten"},"content":{"rendered":"<p><b>Aktivit\u00e4ten<\/b>: (Auflistung der Vereinsaktivit\u00e4ten)<\/p>\n<p><b>Zweck des Vereins<\/b>:<\/p>\n<p>Zweck des Vereins ist die F\u00f6rderung der Religion des christlichen Glaubens auf der Grundlage der Bibel, F\u00f6rderung der Jugendhilfe sowie die F\u00f6rderung der Internationalen Gesinnung.<\/p>\n","protected":false},"excerpt":{"rendered":"<p>Aktivit\u00e4ten: (Auflistung der Vereinsaktivit\u00e4ten) Zweck des Vereins: Zweck des Vereins ist die F\u00f6rderung der Religion des christlichen Glaubens auf der Grundlage der Bibel, F\u00f6rderung der Jugendhilfe sowie die F\u00f6rderung der Internationalen Gesinnung.<\/p>\n","protected":false},"author":1,"featured_media":0,"parent":0,"menu_order":0,"comment_status":"closed","ping_status":"closed","template":"","meta":{"footnotes":""},"class_list":["post-12","page","type-page","status-publish","hentry"],"_links":{"self":[{"href":"http:\/\/integra-netz.de\/verein\/assemblee_de_mangembo_dueren\/wp-json\/wp\/v2\/pages\/12","targetHints":{"allow":["GET"]}}],"collection":[{"href":"http:\/\/integra-netz.de\/verein\/assemblee_de_mangembo_dueren\/wp-json\/wp\/v2\/pages"}],"about":[{"href":"http:\/\/integra-netz.de\/verein\/assemblee_de_mangembo_dueren\/wp-json\/wp\/v2\/types\/page"}],"author":[{"embeddable":true,"href":"http:\/\/integra-netz.de\/verein\/assemblee_de_mangembo_dueren\/wp-json\/wp\/v2\/users\/1"}],"replies":[{"embeddable":true,"href":"http:\/\/integra-netz.de\/verein\/assemblee_de_mangembo_dueren\/wp-json\/wp\/v2\/comments?post=12"}],"version-history":[{"count":4,"href":"http:\/\/integra-netz.de\/verein\/assemblee_de_mangembo_dueren\/wp-json\/wp\/v2\/pages\/12\/revisions"}],"predecessor-version":[{"id":47,"href":"http:\/\/integra-netz.de\/verein\/assemblee_de_mangembo_dueren\/wp-json\/wp\/v2\/pages\/12\/revisions\/47"}],"wp:attachment":[{"href":"http:\/\/integra-netz.de\/verein\/assemblee_de_mangembo_dueren\/wp-json\/wp\/v2\/media?parent=12"}],"curies":[{"name":"wp","href":"https:\/\/api.w.org\/{rel}","templated":true}]}}