{"id":59,"date":"2017-05-04T12:54:27","date_gmt":"2017-05-04T10:54:27","guid":{"rendered":"http:\/\/integra-netz.de\/verein\/amal-und-aman\/?page_id=59"},"modified":"2017-05-04T16:17:40","modified_gmt":"2017-05-04T14:17:40","slug":"ueber-uns","status":"publish","type":"page","link":"http:\/\/integra-netz.de\/verein\/amal-und-aman\/ueber-uns\/","title":{"rendered":"\u00dcber uns"},"content":{"rendered":"<p><span style=\"text-decoration: underline;\"><strong><span style=\"color: #ff00ff; text-decoration: underline;\">Name des Vereins?<\/span><\/strong><\/span><\/p>\n<p>Fortbildungs- u. Kulturzentrum muslimischer Frauen Amal &amp; Aman\u00a0 D\u00fcren e. V.<br \/>\nKorporatives Mitglied der AWO, D\u00fcren<\/p>\n<p><strong><span style=\"text-decoration: underline; color: #ff00ff;\">Was bedeutet Amal &amp; Aman?<\/span><\/strong><\/p>\n<p>Hoffnung und Vertrauen\/Sicherheit<\/p>\n<p><span style=\"text-decoration: underline;\"><strong><span style=\"color: #ff00ff; text-decoration: underline;\">Wer sind wir?<\/span><\/strong><\/span><\/p>\n<p>Eine Begegnungsst\u00e4tte f\u00fcr muslimische Frauen, M\u00e4dchen und Kinder<\/p>\n<p><span style=\"text-decoration: underline;\"><strong><span style=\"color: #ff00ff; text-decoration: underline;\">Gr\u00fcndungsdatum?<\/span><\/strong><\/span><\/p>\n<p>03.02.2006<\/p>\n<p><span style=\"text-decoration: underline;\"><strong><span style=\"color: #ff00ff; text-decoration: underline;\">Wieviele Frauen und Kinder sind wir?<\/span><\/strong><\/span><\/p>\n<p>61 Frauen<br \/>\n83 Kinder<br \/>\n17 Kleinkinder<\/p>\n<p><span style=\"text-decoration: underline;\"><strong><span style=\"color: #ff00ff; text-decoration: underline;\">Wen und was unterst\u00fctzen wir?<\/span><\/strong><\/span><\/p>\n<p>F\u00f6rderung der Frauen und Kinder\u00a0 in ihrer individuellen, religi\u00f6sen und sozialen Erziehung<\/p>\n<p><span style=\"text-decoration: underline;\"><strong><span style=\"color: #ff00ff; text-decoration: underline;\">Worauf sind wir stolz?<\/span><\/strong><\/span><\/p>\n<p>Auf unsere ehrenamtliche Selbst\u00e4ndigkeit<br \/>\nBildung, Kultur, Ausfl\u00fcge, Hauswirtschaft, soz.\u00a0 u. kulturelle Aktivit\u00e4ten, Kunst, Ratgeber, u.v.m.<\/p>\n<p><span style=\"text-decoration: underline;\"><strong><span style=\"color: #ff00ff; text-decoration: underline;\">Ziele?<\/span><\/strong><\/span><\/p>\n<p>Hausaufgabenbetreuung, Deutschkurs<\/p>\n<p><span style=\"text-decoration: underline;\"><strong><span style=\"color: #ff00ff; text-decoration: underline;\">Wann sind wir pers\u00f6nlich erreichbar?<\/span><\/strong><\/span><\/p>\n<p>Freitags von 15.30 Uhr \u2013 21.00 Uhr<br \/>\nMarie-Juchacz-Str. 21<br \/>\n52349 D\u00fcren (AWO)<\/p>\n","protected":false},"excerpt":{"rendered":"<p>Name des Vereins? Fortbildungs- u. Kulturzentrum muslimischer Frauen Amal &amp; Aman\u00a0 D\u00fcren e. V. Korporatives Mitglied der AWO, D\u00fcren Was bedeutet Amal &amp; Aman? Hoffnung und Vertrauen\/Sicherheit Wer sind wir? Eine Begegnungsst\u00e4tte f\u00fcr muslimische Frauen, M\u00e4dchen und Kinder Gr\u00fcndungsdatum? 03.02.2006 Wieviele Frauen und Kinder sind wir? 61 Frauen 83 Kinder 17 Kleinkinder Wen und was &hellip; <\/p>\n<p class=\"link-more\"><a href=\"http:\/\/integra-netz.de\/verein\/amal-und-aman\/ueber-uns\/\" class=\"more-link\"><span class=\"screen-reader-text\">\u201e\u00dcber uns\u201c<\/span> weiterlesen<\/a><\/p>\n","protected":false},"author":1,"featured_media":0,"parent":0,"menu_order":0,"comment_status":"closed","ping_status":"closed","template":"","meta":{"footnotes":""},"class_list":["post-59","page","type-page","status-publish","hentry"],"_links":{"self":[{"href":"http:\/\/integra-netz.de\/verein\/amal-und-aman\/wp-json\/wp\/v2\/pages\/59","targetHints":{"allow":["GET"]}}],"collection":[{"href":"http:\/\/integra-netz.de\/verein\/amal-und-aman\/wp-json\/wp\/v2\/pages"}],"about":[{"href":"http:\/\/integra-netz.de\/verein\/amal-und-aman\/wp-json\/wp\/v2\/types\/page"}],"author":[{"embeddable":true,"href":"http:\/\/integra-netz.de\/verein\/amal-und-aman\/wp-json\/wp\/v2\/users\/1"}],"replies":[{"embeddable":true,"href":"http:\/\/integra-netz.de\/verein\/amal-und-aman\/wp-json\/wp\/v2\/comments?post=59"}],"version-history":[{"count":5,"href":"http:\/\/integra-netz.de\/verein\/amal-und-aman\/wp-json\/wp\/v2\/pages\/59\/revisions"}],"predecessor-version":[{"id":106,"href":"http:\/\/integra-netz.de\/verein\/amal-und-aman\/wp-json\/wp\/v2\/pages\/59\/revisions\/106"}],"wp:attachment":[{"href":"http:\/\/integra-netz.de\/verein\/amal-und-aman\/wp-json\/wp\/v2\/media?parent=59"}],"curies":[{"name":"wp","href":"https:\/\/api.w.org\/{rel}","templated":true}]}}