{"id":50,"date":"2014-04-08T12:49:46","date_gmt":"2014-04-08T10:49:46","guid":{"rendered":"http:\/\/integra-netz.de\/verein\/amal-und-aman\/?page_id=50"},"modified":"2017-05-04T16:05:49","modified_gmt":"2017-05-04T14:05:49","slug":"bildergalerie","status":"publish","type":"page","link":"http:\/\/integra-netz.de\/verein\/amal-und-aman\/bildergalerie\/","title":{"rendered":"Bildergalerie"},"content":{"rendered":"<h2><span style=\"text-decoration: underline;\"><em><span style=\"color: #ff00ff; text-decoration: underline;\">Jede kann mitmachen, unabh\u00e4ngig von welcher Nation!<\/span><\/em><\/span><\/h2>\n<p>Jede Nationalit\u00e4t ist herzlich willkommen.<br \/>\nMultikulturalit\u00e4t steht im Vordergrund.<br \/>\n\u201eIntegration\u201c ist f\u00fcr uns von gro\u00dfer Bedeutung!<\/p>\n<h2><em><span style=\"text-decoration: underline;\"><span style=\"color: #ff00ff; text-decoration: underline;\">Bis jetzt vetretene Nationalit\u00e4ten:<\/span><\/span><\/em><a href=\"http:\/\/integra-netz.de\/verein\/amal-und-aman\/wp-content\/uploads\/sites\/14\/2014\/04\/Bild1.png\"><img loading=\"lazy\" decoding=\"async\" class=\"alignnone size-full wp-image-39\" src=\"http:\/\/integra-netz.de\/verein\/amal-und-aman\/wp-content\/uploads\/sites\/14\/2014\/04\/Bild1.png\" alt=\"Bild1\" width=\"960\" height=\"1646\" srcset=\"http:\/\/integra-netz.de\/verein\/amal-und-aman\/wp-content\/uploads\/sites\/14\/2014\/04\/Bild1.png 960w, http:\/\/integra-netz.de\/verein\/amal-und-aman\/wp-content\/uploads\/sites\/14\/2014\/04\/Bild1-597x1024.png 597w\" sizes=\"auto, (max-width: 767px) 89vw, (max-width: 1000px) 54vw, (max-width: 1071px) 543px, 580px\" \/><\/a><\/h2>\n","protected":false},"excerpt":{"rendered":"<p>Jede kann mitmachen, unabh\u00e4ngig von welcher Nation! Jede Nationalit\u00e4t ist herzlich willkommen. Multikulturalit\u00e4t steht im Vordergrund. \u201eIntegration\u201c ist f\u00fcr uns von gro\u00dfer Bedeutung! Bis jetzt vetretene Nationalit\u00e4ten:<\/p>\n","protected":false},"author":1,"featured_media":0,"parent":0,"menu_order":0,"comment_status":"closed","ping_status":"closed","template":"","meta":{"footnotes":""},"class_list":["post-50","page","type-page","status-publish","hentry"],"_links":{"self":[{"href":"http:\/\/integra-netz.de\/verein\/amal-und-aman\/wp-json\/wp\/v2\/pages\/50","targetHints":{"allow":["GET"]}}],"collection":[{"href":"http:\/\/integra-netz.de\/verein\/amal-und-aman\/wp-json\/wp\/v2\/pages"}],"about":[{"href":"http:\/\/integra-netz.de\/verein\/amal-und-aman\/wp-json\/wp\/v2\/types\/page"}],"author":[{"embeddable":true,"href":"http:\/\/integra-netz.de\/verein\/amal-und-aman\/wp-json\/wp\/v2\/users\/1"}],"replies":[{"embeddable":true,"href":"http:\/\/integra-netz.de\/verein\/amal-und-aman\/wp-json\/wp\/v2\/comments?post=50"}],"version-history":[{"count":3,"href":"http:\/\/integra-netz.de\/verein\/amal-und-aman\/wp-json\/wp\/v2\/pages\/50\/revisions"}],"predecessor-version":[{"id":99,"href":"http:\/\/integra-netz.de\/verein\/amal-und-aman\/wp-json\/wp\/v2\/pages\/50\/revisions\/99"}],"wp:attachment":[{"href":"http:\/\/integra-netz.de\/verein\/amal-und-aman\/wp-json\/wp\/v2\/media?parent=50"}],"curies":[{"name":"wp","href":"https:\/\/api.w.org\/{rel}","templated":true}]}}