{"id":35,"date":"2014-04-08T11:04:37","date_gmt":"2014-04-08T09:04:37","guid":{"rendered":"http:\/\/integra-netz.de\/verein\/alevitische-gemeinde-dueren-und-umgebung\/?page_id=35"},"modified":"2014-04-24T10:25:02","modified_gmt":"2014-04-24T08:25:02","slug":"alevitentum","status":"publish","type":"page","link":"http:\/\/integra-netz.de\/verein\/alevitische-gemeinde-dueren-und-umgebung\/alevitentum\/","title":{"rendered":"Alevitentum"},"content":{"rendered":"<p><b><i>Die Aleviten<\/i><\/b><\/p>\n<p><i>Unter den mehr als vier Millionen in Deutschland lebenden Muslimen sind etwa 700.000 Aleviten, die sich in ihrem Islamverst\u00e4ndnis stark von der Mehrheit der Muslime unterscheidet. In der T\u00fcrkei k\u00e4mpfen Aleviten noch immer um die Anerkennung als Religionsgemeinschaft. Die Scharia spielt f\u00fcr sie keine Rolle.<\/i><\/p>\n<p><i>Wie die allermeisten Muslime in Deutschland stammen auch die Aleviten aus der T\u00fcrkei. Ihre Zahl sch\u00e4tzt man in Deutschland auf 700.000. Sie sind damit nach den Sunniten die zweitst\u00e4rkste islamische \u201cKonfession\u201d in Deutschland. Die Aleviten unterscheiden sich in ihrem Islamverst\u00e4ndnis stark von der Mehrheit der Muslime. Sie besuchen zum Beispiel keine Moscheen. Im Zentrum des alevitischen Denkens und Handelns stehen Liebe, Respekt und Frieden. Werte, die nach Ansicht der Aleviten den Ursprung des Islam bilden. Im Menschen, ganz gleich welchen Geschlechts, welcher ethnischen Zugeh\u00f6rigkeit oder welchen sozialen Standes, manifestiert sich f\u00fcr sie Gott. F\u00fcr die Aleviten ist Dienst am Menschen auch Dienst an Gott. Wichtig ist f\u00fcr die Aleviten das ethische Ideal, reinen Herzens zu sein. Ihr zentraler Leitspruch lautet daher: \u201cBeherrsche deine H\u00e4nde, deine Zunge und deine Lenden!\u201d<\/i><\/p>\n<p><b><i>Die wichtigsten Elemente alevitischer Tradition sind:<\/i><\/b><\/p>\n<p><b><i>&#8211; <\/i><\/b><i>Menschen anderen Glaubens und andere Glaubensgemeinschaften werden von Aleviten als gleichwertig angesehen und respektiert.<\/i><\/p>\n<p><b><i>&#8211;<\/i><\/b><i> Im Alevitentum ist die Frau sowohl in der Lehre als auch im religi\u00f6sen Verhalten wie z.B. in der Cem-Zeremonie dem Mann gleichgestellt.Das Alevitentum kennt keine Geschlechtertrennung. In der Alevitischen Lehre ist die Polygamie verboten.<\/i><\/p>\n<p><b><i>&#8211;<\/i><\/b><i> Im Alevitentum gibt es keinen Platz f\u00fcr Gewalt. Die h\u00f6chste Strafe in der alevitischen Lehre ist der Aussto\u00df des Betroffenen aus der Gemeinde.<\/i><\/p>\n<p><b><i>&#8211;<\/i><\/b><i> Das Handeln der alevitischen Geistlichen (Dede) beschr\u00e4nkt sich auf das geistige Leben der Gemeindemitglieder.<\/i><\/p>\n<p><b><i>&#8211;<\/i><\/b><i> Die Aleviten beten individuell abends und meist Donnerstagabends in der Gemeinde in Form des Cem. Die Gebetsst\u00e4tte der Aleviten hei\u00dft Cemevi ( Cem- Haus ). Die Cem-Zeremonie zeichnet sich durch die gegenseitige Vers\u00f6hnung aus, die Musik und den rituellen Semah-Tanz, der von beiden Geschlechtern gemeinsam ausgef\u00fchrt wird.<\/i><\/p>\n<p><b><i>&#8211;<\/i><\/b><i> Die Aleviten fasten 12 Tage im Monat Muharrem, zum Gedenken an Imam H\u00fcseyin, der Widerstand gegen die herrschende Ungerechtigkeit leistete und in Kerbela (680 n.Chr.) ermordet wurde.<\/i><\/p>\n<p>&#8211; <i>Die Aleviten suchen Gott im Herzen der Menschen und nicht an bestimmten<\/i><b><i> <\/i><\/b><i>Orten.<\/i><\/p>\n","protected":false},"excerpt":{"rendered":"<p>Die Aleviten Unter den mehr als vier Millionen in Deutschland lebenden Muslimen sind etwa 700.000 Aleviten, die sich in ihrem Islamverst\u00e4ndnis stark von der Mehrheit der Muslime unterscheidet. In der T\u00fcrkei k\u00e4mpfen Aleviten noch immer um die Anerkennung als Religionsgemeinschaft. Die Scharia spielt f\u00fcr sie keine Rolle. Wie die allermeisten Muslime in Deutschland stammen auch &hellip; <\/p>\n<p class=\"link-more\"><a href=\"http:\/\/integra-netz.de\/verein\/alevitische-gemeinde-dueren-und-umgebung\/alevitentum\/\" class=\"more-link\"><span class=\"screen-reader-text\">\u201eAlevitentum\u201c<\/span> weiterlesen<\/a><\/p>\n","protected":false},"author":1,"featured_media":0,"parent":0,"menu_order":0,"comment_status":"closed","ping_status":"closed","template":"","meta":{"footnotes":""},"class_list":["post-35","page","type-page","status-publish","hentry"],"_links":{"self":[{"href":"http:\/\/integra-netz.de\/verein\/alevitische-gemeinde-dueren-und-umgebung\/wp-json\/wp\/v2\/pages\/35","targetHints":{"allow":["GET"]}}],"collection":[{"href":"http:\/\/integra-netz.de\/verein\/alevitische-gemeinde-dueren-und-umgebung\/wp-json\/wp\/v2\/pages"}],"about":[{"href":"http:\/\/integra-netz.de\/verein\/alevitische-gemeinde-dueren-und-umgebung\/wp-json\/wp\/v2\/types\/page"}],"author":[{"embeddable":true,"href":"http:\/\/integra-netz.de\/verein\/alevitische-gemeinde-dueren-und-umgebung\/wp-json\/wp\/v2\/users\/1"}],"replies":[{"embeddable":true,"href":"http:\/\/integra-netz.de\/verein\/alevitische-gemeinde-dueren-und-umgebung\/wp-json\/wp\/v2\/comments?post=35"}],"version-history":[{"count":3,"href":"http:\/\/integra-netz.de\/verein\/alevitische-gemeinde-dueren-und-umgebung\/wp-json\/wp\/v2\/pages\/35\/revisions"}],"predecessor-version":[{"id":44,"href":"http:\/\/integra-netz.de\/verein\/alevitische-gemeinde-dueren-und-umgebung\/wp-json\/wp\/v2\/pages\/35\/revisions\/44"}],"wp:attachment":[{"href":"http:\/\/integra-netz.de\/verein\/alevitische-gemeinde-dueren-und-umgebung\/wp-json\/wp\/v2\/media?parent=35"}],"curies":[{"name":"wp","href":"https:\/\/api.w.org\/{rel}","templated":true}]}}