{"id":12,"date":"2014-04-07T15:44:56","date_gmt":"2014-04-07T13:44:56","guid":{"rendered":"http:\/\/integra-netz.de\/verein\/alevitische-gemeinde-dueren-und-umgebung\/?page_id=12"},"modified":"2014-04-08T11:03:55","modified_gmt":"2014-04-08T09:03:55","slug":"aktivitaeten","status":"publish","type":"page","link":"http:\/\/integra-netz.de\/verein\/alevitische-gemeinde-dueren-und-umgebung\/aktivitaeten\/","title":{"rendered":"Aktivit\u00e4ten"},"content":{"rendered":"<p><b>Gedenkmonat &#8211; Muharrem und Noahs Suppe (A\u015eURE)<\/b><\/p>\n<p>Durch die zw\u00f6lft\u00e4gige Trauerzeit zeigen die Aleviten ihre Verbundenheit mit Imam H\u00fcseyin, der im Jahre 680 n. Chr. in Kerbela ermordet wurde. Um seinen Leidensweg nachzuempfinden, wird bei der Trauer gefastet und Enthaltsamkeit ausge\u00fcbt. Sp\u00e4ter wurden auch weitere Nachkommen der Prophetenfamilie (ehl-i beyt) von der Omaijadendynastie ermordet. Zu Ehren weiterer Imame wird deshalb zw\u00f6lf Tage gefastet.<br \/>\nDie beispiellose Widerstandsleistung von Imam H\u00fcseyin gegen die Ungerechtigkeit nimmt in Anatolien bei der Erziehung der Kinder einen gro\u00dfen Platz ein. Imam H\u00fcseyins Widerstand gegen die Ungerechtigkeit bzw. sein Gerechtigkeitssinn wird den alevitischen Kindern in Form von ethischen Maximen gelehrt. Jedes Jahr gedenken die Aleviten dem Martyrium von Kerbela, wobei Yezit und die Seinigen verflucht werden. Sie danken Gott daf\u00fcr, dass Imam Zeynel Abidin Kerbela \u00fcberleben konnte und somit die Nachkommenschaft Alis \u2013das Weiterleben des heiligen Wissens &#8211; sicherte. Im Gegensatz zu iranischen Schiiten, f\u00fcgen sich die anatolischen Aleviten im Muharrem keine k\u00f6rperlichen Schmerzen zu, und stellen das Martyrium von Kerbela nicht als Schauspiel dar.<br \/>\nAleviten setzen Muharrem mit Kerbela, Fasten und Trauer gleich. Das Nachempfinden von Kerbela im Monat Muharrem ist f\u00fcr die Gl\u00e4ubigen einer der wichtigsten Grundpfeiler. Da sich das Fasten nach dem arabischen Kalender orientiert, ist die Fastenzeit beweglich (Beginn: 20 Tage nach dem 1. Opferfesttag). Das Fasten ist keine absolute Pflicht, aber je nach k\u00f6rperlicher Verfassung und pers\u00f6nlichen Umst\u00e4nden betr\u00e4gt es zw\u00f6lf Tage. Nach dem Abendessen wird nichts mehr gegessen und getrunken bis nach Sonnenuntergang des folgenden Tages. Das Essen am Abend ist dann sehr einfach und nicht \u00fcberm\u00e4\u00dfig, denn die Enthaltsamkeit ist immer der zentrale Punkt.<br \/>\nEs wird nicht geschlachtet und in keiner Form Fleisch verzehrt; man achtet sehr darauf, dass kein Blut flie\u00dft. Streitigkeiten werden vermieden, Gef\u00fchle anderer werden nicht verletzt, keinem Lebewesen wird Leid zugef\u00fcgt, auch die Natur wird dementsprechend behandelt (nichts abbrechen, nichts schneiden). Man h\u00e4lt sich von jeglichem Vergn\u00fcgen fern (keine Hochzeit, Verlobung,usw.). Man flucht nicht, h\u00e4lt sich von Tratsch fern, man lebt in Einvernehmen mit den Nachbarn und anderen Menschen.<\/p>\n<p><b>Zur Geschichte von Kerbela<\/b><\/p>\n<p>Kerbela ist eine Stadt im Irak. F\u00fcr Aleviten jedoch ist Kerbela: Ursprung, Trauer, Widerstand, Hoffnung, Gerechtigkeitsliebe, Ungerechtigkeit.<br \/>\nImam H\u00fcseyin ist der M\u00e4rtyrer, der in allen Gebeten, Ges\u00e4ngen erw\u00e4hnt wird. Sein Name steht f\u00fcr Gebet, Widerstand, Gerechtigkeit und Liebe, denn er ist Ma\u00dfstab bei diesen Werten. Die Geschehnisse von Kerbela endeten am 10. Oktober 680 n. Chr. mit der Ermordung des Imam H\u00fcseyin und 72 seiner Gef\u00e4hrten seitens der Soldaten des sunnitischen Omaijaden-F\u00fchrers Yezit. Imam H\u00fcseyin, der Sohn von Kalif Ali und der Enkelsohn vom Propheten Mohammed, lehnte das Kalifat von Yezit (der Sohn von Muaviye), der die Herrschaft \u00fcber die islamische Welt auf unberechtigter Weise unter seinen Nagel gerissen hatte, ab und unterwarf sich ihm nicht. Nachdem die Bev\u00f6lkerung von Kufe Imam H\u00fcseyin ihre Unterst\u00fctzung zugesagt hatte und ihn nach Kufe eingeladen hatte, machte er sich zusammen mit etwa 100 Familienangeh\u00f6rigen und Gefolgsleuten auf den Weg nach Kufe, um die Leitung der Gemeinde von Yezit zu \u00fcbernehmen, der im Namen des Islams unz\u00e4hlige Verbrechen beging. Als Imam H\u00fcseyin und seine Leute Kerbela erreichten, wurden sie von der Armee Yezits gestoppt. In der hei\u00dfen W\u00fcste wurden sie tagelang dem Hungertod, vor allem durch Wasserentzug, ausgesetzt. Imam H\u00fcseyin musste letztendlich gegen die zahlenm\u00e4\u00dfig zehntausendfach \u00fcberlegene Armee von Yezit k\u00e4mpfen. Am hei\u00dfen Mittag des 10. Oktober wurde Imam H\u00fcseyin ermordet, danach wurde mit 72 seiner Familienangeh\u00f6rigen und Gefolgsleuten genauso verfahren.<\/p>\n<p><b>Asure<br \/>\n<\/b>Nach 12-t\u00e4gigem Fasten wird A?ure (S\u00fc\u00dfspeise) gekocht und als Symbol der Dankbarkeit unter Bekannten, Verwandten und Nachbarn verteilt und gemeinsam gegessen. Aleviten bringen damit ihren Dank zum Ausdruck, dass Zeynel Abidin, der Sohn von Imam H\u00fcseyin aufgrund seiner Krankheit das Massaker von Kerbela \u00fcberlebte. A?ure ist eine &#8211; aus zw\u00f6lf verschiedenen Zutaten bestehende \u2013 S\u00fc\u00dfspeise. Die Zutaten k\u00f6nnen variieren, aber sie m\u00fcssen zw\u00f6lf an der Zahl sein, denn diese symbolisieren die 12 Imame. Es sind z. B. Weizen, Bohnen, Saubohnen, Kichererbsen, Kastanien, Haseln\u00fcsse, Pistazien, Mandeln, Sultaninen, Feigen, Aprikosen und Waln\u00fcsse.<\/p>\n","protected":false},"excerpt":{"rendered":"<p>Gedenkmonat &#8211; Muharrem und Noahs Suppe (A\u015eURE) Durch die zw\u00f6lft\u00e4gige Trauerzeit zeigen die Aleviten ihre Verbundenheit mit Imam H\u00fcseyin, der im Jahre 680 n. Chr. in Kerbela ermordet wurde. Um seinen Leidensweg nachzuempfinden, wird bei der Trauer gefastet und Enthaltsamkeit ausge\u00fcbt. Sp\u00e4ter wurden auch weitere Nachkommen der Prophetenfamilie (ehl-i beyt) von der Omaijadendynastie ermordet. Zu &hellip; <\/p>\n<p class=\"link-more\"><a href=\"http:\/\/integra-netz.de\/verein\/alevitische-gemeinde-dueren-und-umgebung\/aktivitaeten\/\" class=\"more-link\"><span class=\"screen-reader-text\">\u201eAktivit\u00e4ten\u201c<\/span> weiterlesen<\/a><\/p>\n","protected":false},"author":1,"featured_media":0,"parent":0,"menu_order":0,"comment_status":"closed","ping_status":"closed","template":"","meta":{"footnotes":""},"class_list":["post-12","page","type-page","status-publish","hentry"],"_links":{"self":[{"href":"http:\/\/integra-netz.de\/verein\/alevitische-gemeinde-dueren-und-umgebung\/wp-json\/wp\/v2\/pages\/12","targetHints":{"allow":["GET"]}}],"collection":[{"href":"http:\/\/integra-netz.de\/verein\/alevitische-gemeinde-dueren-und-umgebung\/wp-json\/wp\/v2\/pages"}],"about":[{"href":"http:\/\/integra-netz.de\/verein\/alevitische-gemeinde-dueren-und-umgebung\/wp-json\/wp\/v2\/types\/page"}],"author":[{"embeddable":true,"href":"http:\/\/integra-netz.de\/verein\/alevitische-gemeinde-dueren-und-umgebung\/wp-json\/wp\/v2\/users\/1"}],"replies":[{"embeddable":true,"href":"http:\/\/integra-netz.de\/verein\/alevitische-gemeinde-dueren-und-umgebung\/wp-json\/wp\/v2\/comments?post=12"}],"version-history":[{"count":3,"href":"http:\/\/integra-netz.de\/verein\/alevitische-gemeinde-dueren-und-umgebung\/wp-json\/wp\/v2\/pages\/12\/revisions"}],"predecessor-version":[{"id":34,"href":"http:\/\/integra-netz.de\/verein\/alevitische-gemeinde-dueren-und-umgebung\/wp-json\/wp\/v2\/pages\/12\/revisions\/34"}],"wp:attachment":[{"href":"http:\/\/integra-netz.de\/verein\/alevitische-gemeinde-dueren-und-umgebung\/wp-json\/wp\/v2\/media?parent=12"}],"curies":[{"name":"wp","href":"https:\/\/api.w.org\/{rel}","templated":true}]}}